{"id":1076,"date":"2012-05-02T22:26:02","date_gmt":"2012-05-02T21:26:02","guid":{"rendered":"http:\/\/www.allaryia.com\/pearnon\/?page_id=1076"},"modified":"2019-12-25T17:53:36","modified_gmt":"2019-12-25T17:53:36","slug":"o-perraultimato","status":"publish","type":"page","link":"https:\/\/www.allaryia.com\/pearnon\/felizes-viveram-uma-vez\/o-perraultimato\/","title":{"rendered":"O Perraultimato"},"content":{"rendered":"\n<p><em>As est\u00f3rias s\u00e3o conhecidas de todos: sapatinhos de cristal, ma\u00e7\u00e3s envenenadas, pr\u00edncipes encantados e lobos maus; e todos sabem que, no fim, os que mereciam viveram felizes para sempre. Ent\u00e3o porque \u00e9 que isso n\u00e3o aconteceu? Porque \u00e9 que o mundo parece virado do avesso? E porque \u00e9 que toda a gente age como se nada fosse? S\u00e3o essas as perguntas que atormentam Borralheiro, um dos poucos que sentem que algo de profundamente errado se passou, e o \u00fanico que se predisp\u00f5e a ir em busca de respostas. Respostas essas que lhe chegam \u00e0s m\u00e3os na forma dos versos cr\u00edpticos do misterioso <\/em>Perraultimato<em>, que o lan\u00e7a numa demanda em busca da verdadeira ess\u00eancia das est\u00f3rias. Acompanhado por quatro outras figuras do imagin\u00e1rio popular europeu \u2014a imprevis\u00edvel Capuchinho, o enigm\u00e1tico Aprendiz, a atormentada Vasilisa e o perigoso Burra \u2014 Borralheiro embarca numa inesquec\u00edvel aventura neste primeiro volume da distopia folcl\u00f3rica <\/em>Felizes Viveram Uma Vez<em>.<\/em><\/p>\n\n\n\n<p>Como superar a ressaca de uma s\u00e9rie na qual se investiu mais de metade da vida? Saltar para outra provou ser uma das solu\u00e7\u00f5es (uma abordagem igualmente v\u00e1lida para outras situa\u00e7\u00f5es na vida, diga-se). A ideia-base para esta nova aventura j\u00e1 vinha muito de tr\u00e1s, plantada pelas est\u00f3rias que a minha m\u00e3e me contava em crian\u00e7a, nas quais misturava contos de fadas com personagens de banda desenhada e desenhos animados. Era uma salgalhada de todo o tamanho, e embora facilmente entretido como qualquer rapaz hiperactivo ao qual se dava um m\u00ednimo de aten\u00e7\u00e3o, em retrospectiva lembro-me de ser muito exigente com o fio narrativo e a continuidade, pois interessava-me sobremaneira a forma como personagens t\u00e3o d\u00edspares e de mundos t\u00e3o diferentes interagiam umas com as outras numa situa\u00e7\u00e3o num meio ao qual nenhuma delas estava habituada.<\/p>\n\n\n\n<p>Fui portanto fantasiando ao longo dos anos acerca desses encontros improv\u00e1veis, tomando umas notas aqui e ali, reunindo material at\u00e9 achar que o projecto tinha pernas para andar quando pudesse pegar nele. Como j\u00e1 antes me tinha acontecido, a est\u00f3ria come\u00e7ou a ganhar vida pr\u00f3pria e foi-se desenvolvendo muito para al\u00e9m do objectivo inicial, que era simplesmente o de contar uma aventura na qual personagens de contos diferentes se encontravam. As ideias atropelavam-se e canibalizavam-se umas \u00e0s outras, e o na altura ainda hipot\u00e9tico livro ganhou assim um rumo algo inesperado. O que eu decidi fazer com <em>Felizes Viveram Uma Vez<\/em> (al\u00e9m de arranjar forma de meter \u00abera uma vez\u00bb e \u00abviveram felizes para sempre\u00bb no t\u00edtulo, bem entendido) foi explorar o riqu\u00edssimo manancial de ideias dos contos populares com a premissa de que as est\u00f3rias &#8211; durante o curso da sua natureza c\u00edclica &#8211; acabaram muito mal, sim, mas por uma raz\u00e3o. Uma raz\u00e3o que todos desconhecem, mas de cujas consequ\u00eancias um lote selecto de indiv\u00edduos se apercebeu.<\/p>\n\n\n\n<p>Um desses indiv\u00edduos, um rapaz que d\u00e1 pelo singelo nome de Borralheiro, v\u00ea-se for\u00e7ado pelas circunst\u00e2ncias a tentar resolver esse mist\u00e9rio do qual mais ningu\u00e9m parece estar ciente, isto enquanto tenta desesperadamente sobreviver num mundo que para ele n\u00e3o faz qualquer sentido. A ele juntam-se quatro outras figuras atormentadas, cujo final feliz nunca chegou a acontecer e que medeiam no limiar entre aliados e antagonistas, um aut\u00eantico bando de depravados, assassinos, almas amaldi\u00e7oadas e detentores de segredos negros. E \u00e9 com elas que Borralheiro ter\u00e1 descobrir o motivo pelo qual as hist\u00f3rias acabaram mal. E rectific\u00e1-las, se de todo poss\u00edvel. Mas primeiro ter\u00e1 de sobreviver aos seus companheiros&#8230;<\/p>\n\n\n\n<hr class=\"wp-block-separator\"\/>\n\n\n\n<h2 class=\"has-text-align-center wp-block-heading\">Arte<\/h2>\n\n\n\n<hr class=\"wp-block-separator\"\/>\n\n\n\n<figure class=\"wp-block-gallery columns-5 is-cropped wp-block-gallery-1 is-layout-flex wp-block-gallery-is-layout-flex\"><ul class=\"blocks-gallery-grid\"><li class=\"blocks-gallery-item\"><figure><img loading=\"lazy\" decoding=\"async\" width=\"566\" height=\"800\" src=\"https:\/\/www.allaryia.com\/pearnon\/wp-content\/uploads\/2012\/05\/Teaser-Aprendiz.jpg\" alt=\"\" data-id=\"1095\" data-full-url=\"https:\/\/www.allaryia.com\/pearnon\/wp-content\/uploads\/2012\/05\/Teaser-Aprendiz.jpg\" data-link=\"https:\/\/www.allaryia.com\/pearnon\/felizes-viveram-uma-vez\/teaser-aprendiz\/\" class=\"wp-image-1095\" srcset=\"https:\/\/www.allaryia.com\/pearnon\/wp-content\/uploads\/2012\/05\/Teaser-Aprendiz.jpg 566w, https:\/\/www.allaryia.com\/pearnon\/wp-content\/uploads\/2012\/05\/Teaser-Aprendiz-212x300.jpg 212w\" sizes=\"auto, (max-width: 566px) 100vw, 566px\" \/><\/figure><\/li><li class=\"blocks-gallery-item\"><figure><img loading=\"lazy\" decoding=\"async\" width=\"566\" height=\"800\" src=\"https:\/\/www.allaryia.com\/pearnon\/wp-content\/uploads\/2012\/05\/Teaser-Borralheiro.jpg\" alt=\"\" data-id=\"1096\" data-full-url=\"https:\/\/www.allaryia.com\/pearnon\/wp-content\/uploads\/2012\/05\/Teaser-Borralheiro.jpg\" data-link=\"https:\/\/www.allaryia.com\/pearnon\/felizes-viveram-uma-vez\/teaser-borralheiro\/\" class=\"wp-image-1096\" srcset=\"https:\/\/www.allaryia.com\/pearnon\/wp-content\/uploads\/2012\/05\/Teaser-Borralheiro.jpg 566w, https:\/\/www.allaryia.com\/pearnon\/wp-content\/uploads\/2012\/05\/Teaser-Borralheiro-212x300.jpg 212w\" sizes=\"auto, (max-width: 566px) 100vw, 566px\" \/><\/figure><\/li><li class=\"blocks-gallery-item\"><figure><img loading=\"lazy\" decoding=\"async\" width=\"566\" height=\"800\" src=\"https:\/\/www.allaryia.com\/pearnon\/wp-content\/uploads\/2012\/05\/Teaser-Burra.jpg\" alt=\"\" data-id=\"1097\" data-full-url=\"https:\/\/www.allaryia.com\/pearnon\/wp-content\/uploads\/2012\/05\/Teaser-Burra.jpg\" data-link=\"https:\/\/www.allaryia.com\/pearnon\/felizes-viveram-uma-vez\/teaser-burra\/\" class=\"wp-image-1097\" srcset=\"https:\/\/www.allaryia.com\/pearnon\/wp-content\/uploads\/2012\/05\/Teaser-Burra.jpg 566w, https:\/\/www.allaryia.com\/pearnon\/wp-content\/uploads\/2012\/05\/Teaser-Burra-212x300.jpg 212w\" sizes=\"auto, (max-width: 566px) 100vw, 566px\" \/><\/figure><\/li><li class=\"blocks-gallery-item\"><figure><img loading=\"lazy\" decoding=\"async\" width=\"566\" height=\"800\" src=\"https:\/\/www.allaryia.com\/pearnon\/wp-content\/uploads\/2012\/05\/Teaser-Capuchinho.jpg\" alt=\"\" data-id=\"1098\" data-full-url=\"https:\/\/www.allaryia.com\/pearnon\/wp-content\/uploads\/2012\/05\/Teaser-Capuchinho.jpg\" data-link=\"https:\/\/www.allaryia.com\/pearnon\/felizes-viveram-uma-vez\/teaser-capuchinho\/\" class=\"wp-image-1098\" srcset=\"https:\/\/www.allaryia.com\/pearnon\/wp-content\/uploads\/2012\/05\/Teaser-Capuchinho.jpg 566w, https:\/\/www.allaryia.com\/pearnon\/wp-content\/uploads\/2012\/05\/Teaser-Capuchinho-212x300.jpg 212w\" sizes=\"auto, (max-width: 566px) 100vw, 566px\" \/><\/figure><\/li><li class=\"blocks-gallery-item\"><figure><img loading=\"lazy\" decoding=\"async\" width=\"566\" height=\"800\" src=\"https:\/\/www.allaryia.com\/pearnon\/wp-content\/uploads\/2012\/05\/Teaser-Vasilisa.jpg\" alt=\"\" data-id=\"1099\" data-full-url=\"https:\/\/www.allaryia.com\/pearnon\/wp-content\/uploads\/2012\/05\/Teaser-Vasilisa.jpg\" data-link=\"https:\/\/www.allaryia.com\/pearnon\/felizes-viveram-uma-vez\/teaser-vasilisa\/\" class=\"wp-image-1099\" srcset=\"https:\/\/www.allaryia.com\/pearnon\/wp-content\/uploads\/2012\/05\/Teaser-Vasilisa.jpg 566w, https:\/\/www.allaryia.com\/pearnon\/wp-content\/uploads\/2012\/05\/Teaser-Vasilisa-212x300.jpg 212w\" sizes=\"auto, (max-width: 566px) 100vw, 566px\" \/><\/figure><\/li><\/ul><figcaption class=\"blocks-gallery-caption\">Campanha promocional<\/figcaption><\/figure>\n\n\n\n<figure class=\"wp-block-gallery columns-5 is-cropped wp-block-gallery-2 is-layout-flex wp-block-gallery-is-layout-flex\"><ul class=\"blocks-gallery-grid\"><li class=\"blocks-gallery-item\"><figure><img loading=\"lazy\" decoding=\"async\" width=\"574\" height=\"800\" src=\"https:\/\/www.allaryia.com\/pearnon\/wp-content\/uploads\/2012\/05\/capa-esbo\u00e7o.jpg\" alt=\"\" data-id=\"1113\" data-full-url=\"https:\/\/www.allaryia.com\/pearnon\/wp-content\/uploads\/2012\/05\/capa-esbo\u00e7o.jpg\" data-link=\"https:\/\/www.allaryia.com\/pearnon\/felizes-viveram-uma-vez\/o-perraultimato\/capa-esboco\/\" class=\"wp-image-1113\" srcset=\"https:\/\/www.allaryia.com\/pearnon\/wp-content\/uploads\/2012\/05\/capa-esbo\u00e7o.jpg 574w, https:\/\/www.allaryia.com\/pearnon\/wp-content\/uploads\/2012\/05\/capa-esbo\u00e7o-215x300.jpg 215w\" sizes=\"auto, (max-width: 574px) 100vw, 574px\" \/><figcaption class=\"blocks-gallery-item__caption\">Estudo da capa original<\/figcaption><\/figure><\/li><li class=\"blocks-gallery-item\"><figure><img loading=\"lazy\" decoding=\"async\" width=\"520\" height=\"800\" src=\"https:\/\/www.allaryia.com\/pearnon\/wp-content\/uploads\/2012\/05\/Perraultimato.jpg\" alt=\"\" data-id=\"1034\" data-full-url=\"https:\/\/www.allaryia.com\/pearnon\/wp-content\/uploads\/2012\/05\/Perraultimato.jpg\" data-link=\"https:\/\/www.allaryia.com\/pearnon\/2012\/05\/03\/felizes-viveram-uma-vez\/perraultimato\/\" class=\"wp-image-1034\" srcset=\"https:\/\/www.allaryia.com\/pearnon\/wp-content\/uploads\/2012\/05\/Perraultimato.jpg 520w, https:\/\/www.allaryia.com\/pearnon\/wp-content\/uploads\/2012\/05\/Perraultimato-195x300.jpg 195w\" sizes=\"auto, (max-width: 520px) 100vw, 520px\" \/><\/figure><\/li><li class=\"blocks-gallery-item\"><figure><img loading=\"lazy\" decoding=\"async\" width=\"595\" height=\"800\" src=\"https:\/\/www.allaryia.com\/pearnon\/wp-content\/uploads\/2012\/05\/capuchinho1.jpg\" alt=\"\" data-id=\"1114\" data-full-url=\"https:\/\/www.allaryia.com\/pearnon\/wp-content\/uploads\/2012\/05\/capuchinho1.jpg\" data-link=\"https:\/\/www.allaryia.com\/pearnon\/felizes-viveram-uma-vez\/o-perraultimato\/capuchinho1\/\" class=\"wp-image-1114\" srcset=\"https:\/\/www.allaryia.com\/pearnon\/wp-content\/uploads\/2012\/05\/capuchinho1.jpg 595w, https:\/\/www.allaryia.com\/pearnon\/wp-content\/uploads\/2012\/05\/capuchinho1-223x300.jpg 223w\" sizes=\"auto, (max-width: 595px) 100vw, 595px\" \/><figcaption class=\"blocks-gallery-item__caption\">Estudo de ilustra\u00e7\u00e3o interior<\/figcaption><\/figure><\/li><li class=\"blocks-gallery-item\"><figure><img loading=\"lazy\" decoding=\"async\" width=\"595\" height=\"800\" src=\"https:\/\/www.allaryia.com\/pearnon\/wp-content\/uploads\/2012\/05\/capuchinho2.jpg\" alt=\"\" data-id=\"1115\" data-full-url=\"https:\/\/www.allaryia.com\/pearnon\/wp-content\/uploads\/2012\/05\/capuchinho2.jpg\" data-link=\"https:\/\/www.allaryia.com\/pearnon\/felizes-viveram-uma-vez\/o-perraultimato\/capuchinho2\/\" class=\"wp-image-1115\" srcset=\"https:\/\/www.allaryia.com\/pearnon\/wp-content\/uploads\/2012\/05\/capuchinho2.jpg 595w, https:\/\/www.allaryia.com\/pearnon\/wp-content\/uploads\/2012\/05\/capuchinho2-223x300.jpg 223w\" sizes=\"auto, (max-width: 595px) 100vw, 595px\" \/><figcaption class=\"blocks-gallery-item__caption\">Ilustra\u00e7\u00e3o interior<\/figcaption><\/figure><\/li><li class=\"blocks-gallery-item\"><figure><img loading=\"lazy\" decoding=\"async\" width=\"561\" height=\"800\" src=\"https:\/\/www.allaryia.com\/pearnon\/wp-content\/uploads\/2015\/03\/perraultimatum.jpg\" alt=\"\" data-id=\"1519\" data-full-url=\"https:\/\/www.allaryia.com\/pearnon\/wp-content\/uploads\/2015\/03\/perraultimatum.jpg\" data-link=\"https:\/\/www.allaryia.com\/pearnon\/happily-upon-a-time\/perraultimatum\/\" class=\"wp-image-1519\" srcset=\"https:\/\/www.allaryia.com\/pearnon\/wp-content\/uploads\/2015\/03\/perraultimatum.jpg 561w, https:\/\/www.allaryia.com\/pearnon\/wp-content\/uploads\/2015\/03\/perraultimatum-210x300.jpg 210w\" sizes=\"auto, (max-width: 561px) 100vw, 561px\" \/><figcaption class=\"blocks-gallery-item__caption\">Vers\u00e3o inglesa<\/figcaption><\/figure><\/li><\/ul><\/figure>\n\n\n\n<div class=\"wp-block-button aligncenter is-style-outline is-style-outline--3\"><a class=\"wp-block-button__link\" href=\"https:\/\/www.allaryia.com\/pearnon\/felizes-viveram-uma-vez\/\">Voltar<\/a><\/div>\n","protected":false},"excerpt":{"rendered":"<p>As est\u00f3rias s\u00e3o conhecidas de todos: sapatinhos de cristal, ma\u00e7\u00e3s envenenadas, pr\u00edncipes encantados e lobos maus; e todos sabem que, no fim, os que mereciam viveram felizes para sempre. Ent\u00e3o porque \u00e9 que isso n\u00e3o aconteceu? Porque \u00e9 que o mundo parece virado do avesso? E porque \u00e9 que toda a gente age como se [&hellip;]<\/p>\n","protected":false},"author":1,"featured_media":0,"parent":1077,"menu_order":1,"comment_status":"closed","ping_status":"closed","template":"","meta":{"site-sidebar-layout":"default","site-content-layout":"default","ast-site-content-layout":"default","site-content-style":"default","site-sidebar-style":"default","ast-global-header-display":"","ast-banner-title-visibility":"","ast-main-header-display":"","ast-hfb-above-header-display":"","ast-hfb-below-header-display":"","ast-hfb-mobile-header-display":"","site-post-title":"","ast-breadcrumbs-content":"","ast-featured-img":"","footer-sml-layout":"","ast-disable-related-posts":"","theme-transparent-header-meta":"default","adv-header-id-meta":"","stick-header-meta":"","header-above-stick-meta":"","header-main-stick-meta":"","header-below-stick-meta":"","astra-migrate-meta-layouts":"default","ast-page-background-enabled":"default","ast-page-background-meta":{"desktop":{"background-color":"","background-image":"","background-repeat":"repeat","background-position":"center center","background-size":"auto","background-attachment":"scroll","background-type":"","background-media":"","overlay-type":"","overlay-color":"","overlay-opacity":"","overlay-gradient":""},"tablet":{"background-color":"","background-image":"","background-repeat":"repeat","background-position":"center center","background-size":"auto","background-attachment":"scroll","background-type":"","background-media":"","overlay-type":"","overlay-color":"","overlay-opacity":"","overlay-gradient":""},"mobile":{"background-color":"","background-image":"","background-repeat":"repeat","background-position":"center center","background-size":"auto","background-attachment":"scroll","background-type":"","background-media":"","overlay-type":"","overlay-color":"","overlay-opacity":"","overlay-gradient":""}},"ast-content-background-meta":{"desktop":{"background-color":"var(--ast-global-color-5)","background-image":"","background-repeat":"repeat","background-position":"center center","background-size":"auto","background-attachment":"scroll","background-type":"","background-media":"","overlay-type":"","overlay-color":"","overlay-opacity":"","overlay-gradient":""},"tablet":{"background-color":"var(--ast-global-color-5)","background-image":"","background-repeat":"repeat","background-position":"center center","background-size":"auto","background-attachment":"scroll","background-type":"","background-media":"","overlay-type":"","overlay-color":"","overlay-opacity":"","overlay-gradient":""},"mobile":{"background-color":"var(--ast-global-color-5)","background-image":"","background-repeat":"repeat","background-position":"center center","background-size":"auto","background-attachment":"scroll","background-type":"","background-media":"","overlay-type":"","overlay-color":"","overlay-opacity":"","overlay-gradient":""}},"footnotes":""},"class_list":["post-1076","page","type-page","status-publish","hentry"],"_links":{"self":[{"href":"https:\/\/www.allaryia.com\/pearnon\/wp-json\/wp\/v2\/pages\/1076","targetHints":{"allow":["GET"]}}],"collection":[{"href":"https:\/\/www.allaryia.com\/pearnon\/wp-json\/wp\/v2\/pages"}],"about":[{"href":"https:\/\/www.allaryia.com\/pearnon\/wp-json\/wp\/v2\/types\/page"}],"author":[{"embeddable":true,"href":"https:\/\/www.allaryia.com\/pearnon\/wp-json\/wp\/v2\/users\/1"}],"replies":[{"embeddable":true,"href":"https:\/\/www.allaryia.com\/pearnon\/wp-json\/wp\/v2\/comments?post=1076"}],"version-history":[{"count":0,"href":"https:\/\/www.allaryia.com\/pearnon\/wp-json\/wp\/v2\/pages\/1076\/revisions"}],"up":[{"embeddable":true,"href":"https:\/\/www.allaryia.com\/pearnon\/wp-json\/wp\/v2\/pages\/1077"}],"wp:attachment":[{"href":"https:\/\/www.allaryia.com\/pearnon\/wp-json\/wp\/v2\/media?parent=1076"}],"curies":[{"name":"wp","href":"https:\/\/api.w.org\/{rel}","templated":true}]}}