{"id":127,"date":"2010-03-10T14:18:42","date_gmt":"2010-03-10T14:18:42","guid":{"rendered":"http:\/\/www.allaryia.com\/pearnon\/?page_id=127"},"modified":"2019-12-28T00:49:00","modified_gmt":"2019-12-28T00:49:00","slug":"vagas-de-fogo","status":"publish","type":"page","link":"https:\/\/www.allaryia.com\/pearnon\/cronicas-de-allaryia\/vagas-de-fogo\/","title":{"rendered":"Vagas de Fogo"},"content":{"rendered":"\n<p><em>As hostes d\u2019O Flagelo despertaram do seu torpor e est\u00e3o de novo \u00e0 solta no continente. A Cidadela da L\u00e2mina foi arrasada. Sirulia foi posta a ferro e fogo. Aves de mau agouro sobrevoam Nolwyn, enquanto Ul-Thoryn come\u00e7a os preparativos de guerra contra Vaul-Syrith. Neste novo cap\u00edtulo das Cr\u00f3nicas de Alaryia, os companheiros que deram in\u00edcio a uma quase ing\u00e9nua demanda n\u2019A Manopla de Karasthan est\u00e3o separados, perdidos, desesperan\u00e7ados. Embora poucos o saibam, a esperan\u00e7a reside em Aewyre Thoryn, mas cada um dos companheiros ter\u00e1 um papel a desempenhar no vindouro conflito, encontrando-se por\u00e9m privados do poder da sua uni\u00e3o. Perseguidos por algozes do seu passado, deixados \u00e0 deriva em terras desconhecidas, ou aprisionados entre inimigos que julgavam amigos, v\u00eaem-se confrontados com a iminente imers\u00e3o de Allaryia nas trevas que todos j\u00e1 julgavam desbaratadas. Por\u00e9m, Seltor, o percursor destas, aprendeu com os erros do passado, e os seus prop\u00f3sitos n\u00e3o mais parecem os mesmos; ou pelo menos, n\u00e3o aparentam de todo ser o que dele se espera\u2026<\/em><\/p>\n\n\n\n<p>N\u00e3o mais atormentada pelo bloqueio criativo, a concep\u00e7\u00e3o deste quinto volume foi por\u00e9m atrasada pela crescente responsabilidade de manter coerente um mundo cada vez maior e um enredo cada vez mais complexo. Al\u00e9m de representar o quinto cap\u00edtulo da saga (bem como o maior), foi tamb\u00e9m o volume que me permitiu decidir de uma vez por todas qual o n\u00famero definitivo de volumes das Cr\u00f3nicas. Findos nove anos de pondera\u00e7\u00e3o, pude finalmente afirmar peremptoriamente que n\u00e3o seriam necess\u00e1rios seis nem dez, mas sim sete volumes para contar a hist\u00f3ria. Ap\u00f3s o desajeitado voo ao sair do ovo, e a custosa busca pelo rumo a tomar na vasta expans\u00e3o da fantasia, soube que as Cr\u00f3nicas estavam prontas para a etapa final.<\/p>\n\n\n\n<ul class=\"wp-block-list\"><li><strong>Palavras: <\/strong>218.982<\/li><li><strong>P\u00e1ginas (livro):<\/strong> 573<\/li><li><strong>P\u00e1ginas (manuscrito): <\/strong>679<\/li><li><strong>Tempo de produ\u00e7\u00e3o:<\/strong> 2 anos<\/li><li><strong>Adiamentos de entrega:<\/strong> 4<\/li><li><strong>V\u00edtimas do peso do manuscrito:<\/strong> 1<\/li><\/ul>\n\n\n\n<hr class=\"wp-block-separator\"\/>\n\n\n\n<h2 class=\"has-text-align-center wp-block-heading\">Arte<\/h2>\n\n\n\n<hr class=\"wp-block-separator\"\/>\n\n\n\n<figure class=\"wp-block-gallery columns-4 is-cropped wp-block-gallery-1 is-layout-flex wp-block-gallery-is-layout-flex\"><ul class=\"blocks-gallery-grid\"><li class=\"blocks-gallery-item\"><figure><img loading=\"lazy\" decoding=\"async\" width=\"718\" height=\"903\" src=\"https:\/\/www.allaryia.com\/pearnon\/wp-content\/uploads\/2019\/12\/Ulkatr.jpg\" alt=\"\" data-id=\"2646\" data-full-url=\"https:\/\/www.allaryia.com\/pearnon\/wp-content\/uploads\/2019\/12\/Ulkatr.jpg\" data-link=\"https:\/\/www.allaryia.com\/pearnon\/ulkatr\/\" class=\"wp-image-2646\" srcset=\"https:\/\/www.allaryia.com\/pearnon\/wp-content\/uploads\/2019\/12\/Ulkatr.jpg 718w, https:\/\/www.allaryia.com\/pearnon\/wp-content\/uploads\/2019\/12\/Ulkatr-239x300.jpg 239w\" sizes=\"auto, (max-width: 718px) 100vw, 718px\" \/><figcaption class=\"blocks-gallery-item__caption\">Ulkatr<\/figcaption><\/figure><\/li><li class=\"blocks-gallery-item\"><figure><img loading=\"lazy\" decoding=\"async\" width=\"718\" height=\"1024\" src=\"https:\/\/www.allaryia.com\/pearnon\/wp-content\/uploads\/2019\/12\/Ihjseorn.jpg\" alt=\"\" data-id=\"2633\" data-full-url=\"https:\/\/www.allaryia.com\/pearnon\/wp-content\/uploads\/2019\/12\/Ihjseorn.jpg\" data-link=\"https:\/\/www.allaryia.com\/pearnon\/ihjseorn\/\" class=\"wp-image-2633\" srcset=\"https:\/\/www.allaryia.com\/pearnon\/wp-content\/uploads\/2019\/12\/Ihjseorn.jpg 718w, https:\/\/www.allaryia.com\/pearnon\/wp-content\/uploads\/2019\/12\/Ihjseorn-210x300.jpg 210w\" sizes=\"auto, (max-width: 718px) 100vw, 718px\" \/><figcaption class=\"blocks-gallery-item__caption\">Ihjseorn<\/figcaption><\/figure><\/li><li class=\"blocks-gallery-item\"><figure><img loading=\"lazy\" decoding=\"async\" width=\"874\" height=\"1000\" src=\"https:\/\/www.allaryia.com\/pearnon\/wp-content\/uploads\/2019\/12\/esbocoVdF.jpg\" alt=\"\" data-id=\"2769\" data-full-url=\"https:\/\/www.allaryia.com\/pearnon\/wp-content\/uploads\/2019\/12\/esbocoVdF.jpg\" data-link=\"https:\/\/www.allaryia.com\/pearnon\/cronicas-de-allaryia\/vagas-de-fogo\/esbocovdf\/\" class=\"wp-image-2769\" srcset=\"https:\/\/www.allaryia.com\/pearnon\/wp-content\/uploads\/2019\/12\/esbocoVdF.jpg 874w, https:\/\/www.allaryia.com\/pearnon\/wp-content\/uploads\/2019\/12\/esbocoVdF-262x300.jpg 262w, https:\/\/www.allaryia.com\/pearnon\/wp-content\/uploads\/2019\/12\/esbocoVdF-768x879.jpg 768w, https:\/\/www.allaryia.com\/pearnon\/wp-content\/uploads\/2019\/12\/esbocoVdF-200x229.jpg 200w\" sizes=\"auto, (max-width: 874px) 100vw, 874px\" \/><figcaption class=\"blocks-gallery-item__caption\">Esbo\u00e7o da capa original<\/figcaption><\/figure><\/li><li class=\"blocks-gallery-item\"><figure><img loading=\"lazy\" decoding=\"async\" width=\"169\" height=\"236\" src=\"https:\/\/www.allaryia.com\/pearnon\/wp-content\/uploads\/2019\/12\/niptuck.gif\" alt=\"\" data-id=\"2770\" data-full-url=\"https:\/\/www.allaryia.com\/pearnon\/wp-content\/uploads\/2019\/12\/niptuck.gif\" data-link=\"https:\/\/www.allaryia.com\/pearnon\/cronicas-de-allaryia\/vagas-de-fogo\/niptuck\/\" class=\"wp-image-2770\"\/><figcaption class=\"blocks-gallery-item__caption\">Opera\u00e7\u00e3o pl\u00e1stica ao Quenestil<\/figcaption><\/figure><\/li><\/ul><\/figure>\n\n\n\n<div class=\"wp-block-button aligncenter is-style-outline is-style-outline--2\"><a class=\"wp-block-button__link\" href=\"https:\/\/www.allaryia.com\/pearnon\/cronicas-de-allaryia\/\">Voltar<\/a><\/div>\n","protected":false},"excerpt":{"rendered":"<p>As hostes d\u2019O Flagelo despertaram do seu torpor e est\u00e3o de novo \u00e0 solta no continente. A Cidadela da L\u00e2mina foi arrasada. Sirulia foi posta a ferro e fogo. Aves de mau agouro sobrevoam Nolwyn, enquanto Ul-Thoryn come\u00e7a os preparativos de guerra contra Vaul-Syrith. Neste novo cap\u00edtulo das Cr\u00f3nicas de Alaryia, os companheiros que deram [&hellip;]<\/p>\n","protected":false},"author":1,"featured_media":0,"parent":2836,"menu_order":5,"comment_status":"closed","ping_status":"closed","template":"","meta":{"site-sidebar-layout":"default","site-content-layout":"default","ast-site-content-layout":"default","site-content-style":"default","site-sidebar-style":"default","ast-global-header-display":"","ast-banner-title-visibility":"","ast-main-header-display":"","ast-hfb-above-header-display":"","ast-hfb-below-header-display":"","ast-hfb-mobile-header-display":"","site-post-title":"","ast-breadcrumbs-content":"","ast-featured-img":"","footer-sml-layout":"","ast-disable-related-posts":"","theme-transparent-header-meta":"default","adv-header-id-meta":"","stick-header-meta":"","header-above-stick-meta":"","header-main-stick-meta":"","header-below-stick-meta":"","astra-migrate-meta-layouts":"default","ast-page-background-enabled":"default","ast-page-background-meta":{"desktop":{"background-color":"","background-image":"","background-repeat":"repeat","background-position":"center center","background-size":"auto","background-attachment":"scroll","background-type":"","background-media":"","overlay-type":"","overlay-color":"","overlay-opacity":"","overlay-gradient":""},"tablet":{"background-color":"","background-image":"","background-repeat":"repeat","background-position":"center center","background-size":"auto","background-attachment":"scroll","background-type":"","background-media":"","overlay-type":"","overlay-color":"","overlay-opacity":"","overlay-gradient":""},"mobile":{"background-color":"","background-image":"","background-repeat":"repeat","background-position":"center center","background-size":"auto","background-attachment":"scroll","background-type":"","background-media":"","overlay-type":"","overlay-color":"","overlay-opacity":"","overlay-gradient":""}},"ast-content-background-meta":{"desktop":{"background-color":"var(--ast-global-color-5)","background-image":"","background-repeat":"repeat","background-position":"center center","background-size":"auto","background-attachment":"scroll","background-type":"","background-media":"","overlay-type":"","overlay-color":"","overlay-opacity":"","overlay-gradient":""},"tablet":{"background-color":"var(--ast-global-color-5)","background-image":"","background-repeat":"repeat","background-position":"center center","background-size":"auto","background-attachment":"scroll","background-type":"","background-media":"","overlay-type":"","overlay-color":"","overlay-opacity":"","overlay-gradient":""},"mobile":{"background-color":"var(--ast-global-color-5)","background-image":"","background-repeat":"repeat","background-position":"center center","background-size":"auto","background-attachment":"scroll","background-type":"","background-media":"","overlay-type":"","overlay-color":"","overlay-opacity":"","overlay-gradient":""}},"footnotes":""},"class_list":["post-127","page","type-page","status-publish","hentry"],"_links":{"self":[{"href":"https:\/\/www.allaryia.com\/pearnon\/wp-json\/wp\/v2\/pages\/127","targetHints":{"allow":["GET"]}}],"collection":[{"href":"https:\/\/www.allaryia.com\/pearnon\/wp-json\/wp\/v2\/pages"}],"about":[{"href":"https:\/\/www.allaryia.com\/pearnon\/wp-json\/wp\/v2\/types\/page"}],"author":[{"embeddable":true,"href":"https:\/\/www.allaryia.com\/pearnon\/wp-json\/wp\/v2\/users\/1"}],"replies":[{"embeddable":true,"href":"https:\/\/www.allaryia.com\/pearnon\/wp-json\/wp\/v2\/comments?post=127"}],"version-history":[{"count":0,"href":"https:\/\/www.allaryia.com\/pearnon\/wp-json\/wp\/v2\/pages\/127\/revisions"}],"up":[{"embeddable":true,"href":"https:\/\/www.allaryia.com\/pearnon\/wp-json\/wp\/v2\/pages\/2836"}],"wp:attachment":[{"href":"https:\/\/www.allaryia.com\/pearnon\/wp-json\/wp\/v2\/media?parent=127"}],"curies":[{"name":"wp","href":"https:\/\/api.w.org\/{rel}","templated":true}]}}