{"id":1381,"date":"2013-09-29T01:46:15","date_gmt":"2013-09-29T00:46:15","guid":{"rendered":"http:\/\/www.allaryia.com\/pearnon\/?page_id=1381"},"modified":"2019-12-25T17:58:36","modified_gmt":"2019-12-25T17:58:36","slug":"o-andersenal","status":"publish","type":"page","link":"https:\/\/www.allaryia.com\/pearnon\/felizes-viveram-uma-vez\/o-andersenal\/","title":{"rendered":"O Andersenal"},"content":{"rendered":"\n<p>Felizes Viveram Uma Vez\u2026<em> Ou, pelo menos, assim quis Borralheiro acreditar ap\u00f3s ter lido o Perraultimato, o legado da M\u00e3e Gansa, a \u00faltima voz da raz\u00e3o num mundo que aparenta ter perdido todo o tino. No entanto, Burra, Vasilisa, Capuchinho e Aprendiz, os quatro indiv\u00edduos que se juntaram ao jovem na sua demanda em busca da verdade, afiguram-se-lhe como a prova viva de que as coisas s\u00e3o como s\u00e3o e que o mundo \u00e9 realmente t\u00e3o ruim quanto parece ser \u2014 que n\u00e3o houve finais felizes e que n\u00e3o h\u00e1 nada a fazer para alterar o cruel destino que todos intervenientes das est\u00f3rias sofreram.<\/em><\/p>\n\n\n\n<p><em>Rodeado por companheiros que tanto o podem matar como ajudar, mas que representam a \u00fanica protec\u00e7\u00e3o com a qual pode contar num mundo que se revela mais hostil ao virar de cada esquina, Borralheiro at\u00e9m-se a uma r\u00e9stia de esperan\u00e7a e faz os poss\u00edveis por seguir \u00e0 risca as instru\u00e7\u00f5es enigm\u00e1ticas que lhe foram deixadas por M\u00e3e Gansa, que o conduzem ao pal\u00e1cio da Rainha da Neve, onde dever\u00e3o procurar o Andersenal, a segunda pe\u00e7a do enigma do Perraultimato. Infelizmente para Borralheiro, n\u00e3o \u00e9 ele o \u00fanico que sente que algo de muito errado se passou: um ser misterioso est\u00e1 a matar as personagens folcl\u00f3ricas uma a uma, tamb\u00e9m ele decidido a rectificar aquilo que de errado se ter\u00e1 passado, e os pr\u00f3prios eventos parecem conspirar para que Borralheiro e os seus companheiros encontrem um fim prematuro antes que possam sequer come\u00e7ar a descortinar a verdade. A verdade daquilo que aconteceu ao mundo e, talvez mais importante, a verdade sobre si mesmos.<\/em><\/p>\n\n\n\n<hr class=\"wp-block-separator\"\/>\n\n\n\n<h2 class=\"has-text-align-center wp-block-heading\">Arte<\/h2>\n\n\n\n<hr class=\"wp-block-separator\"\/>\n\n\n\n<figure class=\"wp-block-gallery columns-5 is-cropped wp-block-gallery-1 is-layout-flex wp-block-gallery-is-layout-flex\"><ul class=\"blocks-gallery-grid\"><li class=\"blocks-gallery-item\"><figure><img loading=\"lazy\" decoding=\"async\" width=\"742\" height=\"1024\" src=\"https:\/\/www.allaryia.com\/pearnon\/wp-content\/uploads\/2019\/12\/aprendiz-742x1024.jpg\" alt=\"\" data-id=\"2785\" data-full-url=\"https:\/\/www.allaryia.com\/pearnon\/wp-content\/uploads\/2019\/12\/aprendiz.jpg\" data-link=\"https:\/\/www.allaryia.com\/pearnon\/felizes-viveram-uma-vez\/o-andersenal\/aprendiz\/\" class=\"wp-image-2785\" srcset=\"https:\/\/www.allaryia.com\/pearnon\/wp-content\/uploads\/2019\/12\/aprendiz-742x1024.jpg 742w, https:\/\/www.allaryia.com\/pearnon\/wp-content\/uploads\/2019\/12\/aprendiz-217x300.jpg 217w, https:\/\/www.allaryia.com\/pearnon\/wp-content\/uploads\/2019\/12\/aprendiz-768x1060.jpg 768w, https:\/\/www.allaryia.com\/pearnon\/wp-content\/uploads\/2019\/12\/aprendiz-1112x1536.jpg 1112w, https:\/\/www.allaryia.com\/pearnon\/wp-content\/uploads\/2019\/12\/aprendiz-1483x2048.jpg 1483w, https:\/\/www.allaryia.com\/pearnon\/wp-content\/uploads\/2019\/12\/aprendiz-200x276.jpg 200w, https:\/\/www.allaryia.com\/pearnon\/wp-content\/uploads\/2019\/12\/aprendiz.jpg 1505w\" sizes=\"auto, (max-width: 742px) 100vw, 742px\" \/><figcaption class=\"blocks-gallery-item__caption\">Aprendiz<\/figcaption><\/figure><\/li><li class=\"blocks-gallery-item\"><figure><img loading=\"lazy\" decoding=\"async\" width=\"1000\" height=\"1024\" src=\"https:\/\/www.allaryia.com\/pearnon\/wp-content\/uploads\/2019\/12\/borralheiro1-1000x1024.jpg\" alt=\"\" data-id=\"2786\" data-full-url=\"https:\/\/www.allaryia.com\/pearnon\/wp-content\/uploads\/2019\/12\/borralheiro1.jpg\" data-link=\"https:\/\/www.allaryia.com\/pearnon\/felizes-viveram-uma-vez\/o-andersenal\/borralheiro1\/\" class=\"wp-image-2786\" srcset=\"https:\/\/www.allaryia.com\/pearnon\/wp-content\/uploads\/2019\/12\/borralheiro1-1000x1024.jpg 1000w, https:\/\/www.allaryia.com\/pearnon\/wp-content\/uploads\/2019\/12\/borralheiro1-293x300.jpg 293w, https:\/\/www.allaryia.com\/pearnon\/wp-content\/uploads\/2019\/12\/borralheiro1-768x786.jpg 768w, https:\/\/www.allaryia.com\/pearnon\/wp-content\/uploads\/2019\/12\/borralheiro1-1500x1536.jpg 1500w, https:\/\/www.allaryia.com\/pearnon\/wp-content\/uploads\/2019\/12\/borralheiro1-200x205.jpg 200w, https:\/\/www.allaryia.com\/pearnon\/wp-content\/uploads\/2019\/12\/borralheiro1.jpg 1505w\" sizes=\"auto, (max-width: 1000px) 100vw, 1000px\" \/><figcaption class=\"blocks-gallery-item__caption\">Borralheiro<\/figcaption><\/figure><\/li><li class=\"blocks-gallery-item\"><figure><img loading=\"lazy\" decoding=\"async\" width=\"598\" height=\"1024\" src=\"https:\/\/www.allaryia.com\/pearnon\/wp-content\/uploads\/2019\/12\/borralheiro2-598x1024.jpg\" alt=\"\" data-id=\"2787\" data-full-url=\"https:\/\/www.allaryia.com\/pearnon\/wp-content\/uploads\/2019\/12\/borralheiro2.jpg\" data-link=\"https:\/\/www.allaryia.com\/pearnon\/felizes-viveram-uma-vez\/o-andersenal\/borralheiro2\/\" class=\"wp-image-2787\" srcset=\"https:\/\/www.allaryia.com\/pearnon\/wp-content\/uploads\/2019\/12\/borralheiro2-598x1024.jpg 598w, https:\/\/www.allaryia.com\/pearnon\/wp-content\/uploads\/2019\/12\/borralheiro2-175x300.jpg 175w, https:\/\/www.allaryia.com\/pearnon\/wp-content\/uploads\/2019\/12\/borralheiro2-768x1315.jpg 768w, https:\/\/www.allaryia.com\/pearnon\/wp-content\/uploads\/2019\/12\/borralheiro2-200x343.jpg 200w, https:\/\/www.allaryia.com\/pearnon\/wp-content\/uploads\/2019\/12\/borralheiro2.jpg 888w\" sizes=\"auto, (max-width: 598px) 100vw, 598px\" \/><figcaption class=\"blocks-gallery-item__caption\">Borralheiro<\/figcaption><\/figure><\/li><li class=\"blocks-gallery-item\"><figure><img loading=\"lazy\" decoding=\"async\" width=\"806\" height=\"1024\" src=\"https:\/\/www.allaryia.com\/pearnon\/wp-content\/uploads\/2019\/12\/borralheiro3-806x1024.jpg\" alt=\"\" data-id=\"2788\" data-full-url=\"https:\/\/www.allaryia.com\/pearnon\/wp-content\/uploads\/2019\/12\/borralheiro3.jpg\" data-link=\"https:\/\/www.allaryia.com\/pearnon\/felizes-viveram-uma-vez\/o-andersenal\/borralheiro3\/\" class=\"wp-image-2788\" srcset=\"https:\/\/www.allaryia.com\/pearnon\/wp-content\/uploads\/2019\/12\/borralheiro3-806x1024.jpg 806w, https:\/\/www.allaryia.com\/pearnon\/wp-content\/uploads\/2019\/12\/borralheiro3-236x300.jpg 236w, https:\/\/www.allaryia.com\/pearnon\/wp-content\/uploads\/2019\/12\/borralheiro3-768x975.jpg 768w, https:\/\/www.allaryia.com\/pearnon\/wp-content\/uploads\/2019\/12\/borralheiro3-200x254.jpg 200w, https:\/\/www.allaryia.com\/pearnon\/wp-content\/uploads\/2019\/12\/borralheiro3.jpg 1059w\" sizes=\"auto, (max-width: 806px) 100vw, 806px\" \/><figcaption class=\"blocks-gallery-item__caption\">Borralheiro<\/figcaption><\/figure><\/li><li class=\"blocks-gallery-item\"><figure><img loading=\"lazy\" decoding=\"async\" width=\"586\" height=\"1024\" src=\"https:\/\/www.allaryia.com\/pearnon\/wp-content\/uploads\/2019\/12\/capuchinho1-586x1024.jpg\" alt=\"\" data-id=\"2789\" data-full-url=\"https:\/\/www.allaryia.com\/pearnon\/wp-content\/uploads\/2019\/12\/capuchinho1-scaled.jpg\" data-link=\"https:\/\/www.allaryia.com\/pearnon\/felizes-viveram-uma-vez\/o-andersenal\/capuchinho1-2\/\" class=\"wp-image-2789\" srcset=\"https:\/\/www.allaryia.com\/pearnon\/wp-content\/uploads\/2019\/12\/capuchinho1-586x1024.jpg 586w, https:\/\/www.allaryia.com\/pearnon\/wp-content\/uploads\/2019\/12\/capuchinho1-172x300.jpg 172w, https:\/\/www.allaryia.com\/pearnon\/wp-content\/uploads\/2019\/12\/capuchinho1-768x1343.jpg 768w, https:\/\/www.allaryia.com\/pearnon\/wp-content\/uploads\/2019\/12\/capuchinho1-879x1536.jpg 879w, https:\/\/www.allaryia.com\/pearnon\/wp-content\/uploads\/2019\/12\/capuchinho1-1171x2048.jpg 1171w, https:\/\/www.allaryia.com\/pearnon\/wp-content\/uploads\/2019\/12\/capuchinho1-200x350.jpg 200w, https:\/\/www.allaryia.com\/pearnon\/wp-content\/uploads\/2019\/12\/capuchinho1-scaled.jpg 1464w\" sizes=\"auto, (max-width: 586px) 100vw, 586px\" \/><figcaption class=\"blocks-gallery-item__caption\">Capuchinho<\/figcaption><\/figure><\/li><li class=\"blocks-gallery-item\"><figure><img loading=\"lazy\" decoding=\"async\" width=\"680\" height=\"1024\" src=\"https:\/\/www.allaryia.com\/pearnon\/wp-content\/uploads\/2019\/12\/capuchinho2-680x1024.jpg\" alt=\"\" data-id=\"2790\" data-full-url=\"https:\/\/www.allaryia.com\/pearnon\/wp-content\/uploads\/2019\/12\/capuchinho2.jpg\" data-link=\"https:\/\/www.allaryia.com\/pearnon\/felizes-viveram-uma-vez\/o-andersenal\/capuchinho2-2\/\" class=\"wp-image-2790\" srcset=\"https:\/\/www.allaryia.com\/pearnon\/wp-content\/uploads\/2019\/12\/capuchinho2-680x1024.jpg 680w, https:\/\/www.allaryia.com\/pearnon\/wp-content\/uploads\/2019\/12\/capuchinho2-199x300.jpg 199w, https:\/\/www.allaryia.com\/pearnon\/wp-content\/uploads\/2019\/12\/capuchinho2-768x1156.jpg 768w, https:\/\/www.allaryia.com\/pearnon\/wp-content\/uploads\/2019\/12\/capuchinho2-1020x1536.jpg 1020w, https:\/\/www.allaryia.com\/pearnon\/wp-content\/uploads\/2019\/12\/capuchinho2-200x301.jpg 200w, https:\/\/www.allaryia.com\/pearnon\/wp-content\/uploads\/2019\/12\/capuchinho2.jpg 1128w\" sizes=\"auto, (max-width: 680px) 100vw, 680px\" \/><figcaption class=\"blocks-gallery-item__caption\">Capuchinho<\/figcaption><\/figure><\/li><li class=\"blocks-gallery-item\"><figure><img loading=\"lazy\" decoding=\"async\" width=\"825\" height=\"1024\" src=\"https:\/\/www.allaryia.com\/pearnon\/wp-content\/uploads\/2019\/12\/capuchinhohibrida-825x1024.jpg\" alt=\"\" data-id=\"2791\" data-full-url=\"https:\/\/www.allaryia.com\/pearnon\/wp-content\/uploads\/2019\/12\/capuchinhohibrida.jpg\" data-link=\"https:\/\/www.allaryia.com\/pearnon\/felizes-viveram-uma-vez\/o-andersenal\/capuchinhohibrida\/\" class=\"wp-image-2791\" srcset=\"https:\/\/www.allaryia.com\/pearnon\/wp-content\/uploads\/2019\/12\/capuchinhohibrida-825x1024.jpg 825w, https:\/\/www.allaryia.com\/pearnon\/wp-content\/uploads\/2019\/12\/capuchinhohibrida-242x300.jpg 242w, https:\/\/www.allaryia.com\/pearnon\/wp-content\/uploads\/2019\/12\/capuchinhohibrida-768x953.jpg 768w, https:\/\/www.allaryia.com\/pearnon\/wp-content\/uploads\/2019\/12\/capuchinhohibrida-200x248.jpg 200w, https:\/\/www.allaryia.com\/pearnon\/wp-content\/uploads\/2019\/12\/capuchinhohibrida.jpg 1023w\" sizes=\"auto, (max-width: 825px) 100vw, 825px\" \/><figcaption class=\"blocks-gallery-item__caption\">Capuchinho<\/figcaption><\/figure><\/li><li class=\"blocks-gallery-item\"><figure><img loading=\"lazy\" decoding=\"async\" width=\"818\" height=\"1024\" src=\"https:\/\/www.allaryia.com\/pearnon\/wp-content\/uploads\/2019\/12\/mama-818x1024.jpg\" alt=\"\" data-id=\"2792\" data-full-url=\"https:\/\/www.allaryia.com\/pearnon\/wp-content\/uploads\/2019\/12\/mama.jpg\" data-link=\"https:\/\/www.allaryia.com\/pearnon\/felizes-viveram-uma-vez\/o-andersenal\/mama\/\" class=\"wp-image-2792\" srcset=\"https:\/\/www.allaryia.com\/pearnon\/wp-content\/uploads\/2019\/12\/mama-818x1024.jpg 818w, https:\/\/www.allaryia.com\/pearnon\/wp-content\/uploads\/2019\/12\/mama-240x300.jpg 240w, https:\/\/www.allaryia.com\/pearnon\/wp-content\/uploads\/2019\/12\/mama-768x962.jpg 768w, https:\/\/www.allaryia.com\/pearnon\/wp-content\/uploads\/2019\/12\/mama-200x250.jpg 200w, https:\/\/www.allaryia.com\/pearnon\/wp-content\/uploads\/2019\/12\/mama.jpg 1106w\" sizes=\"auto, (max-width: 818px) 100vw, 818px\" \/><figcaption class=\"blocks-gallery-item__caption\">Mama-na-Burra<\/figcaption><\/figure><\/li><li class=\"blocks-gallery-item\"><figure><img loading=\"lazy\" decoding=\"async\" width=\"817\" height=\"1024\" src=\"https:\/\/www.allaryia.com\/pearnon\/wp-content\/uploads\/2019\/12\/Vasilisa-817x1024.jpg\" alt=\"\" data-id=\"2793\" data-full-url=\"https:\/\/www.allaryia.com\/pearnon\/wp-content\/uploads\/2019\/12\/Vasilisa.jpg\" data-link=\"https:\/\/www.allaryia.com\/pearnon\/felizes-viveram-uma-vez\/o-andersenal\/vasilisa\/\" class=\"wp-image-2793\" srcset=\"https:\/\/www.allaryia.com\/pearnon\/wp-content\/uploads\/2019\/12\/Vasilisa-817x1024.jpg 817w, https:\/\/www.allaryia.com\/pearnon\/wp-content\/uploads\/2019\/12\/Vasilisa-239x300.jpg 239w, https:\/\/www.allaryia.com\/pearnon\/wp-content\/uploads\/2019\/12\/Vasilisa-768x962.jpg 768w, https:\/\/www.allaryia.com\/pearnon\/wp-content\/uploads\/2019\/12\/Vasilisa-200x251.jpg 200w, https:\/\/www.allaryia.com\/pearnon\/wp-content\/uploads\/2019\/12\/Vasilisa.jpg 964w\" sizes=\"auto, (max-width: 817px) 100vw, 817px\" \/><figcaption class=\"blocks-gallery-item__caption\">Vasilisa<\/figcaption><\/figure><\/li><li class=\"blocks-gallery-item\"><figure><img loading=\"lazy\" decoding=\"async\" width=\"700\" height=\"1003\" src=\"https:\/\/www.allaryia.com\/pearnon\/wp-content\/uploads\/2015\/12\/andersenamel.jpg\" alt=\"\" data-id=\"1686\" data-full-url=\"https:\/\/www.allaryia.com\/pearnon\/wp-content\/uploads\/2015\/12\/andersenamel.jpg\" data-link=\"https:\/\/www.allaryia.com\/pearnon\/2015\/12\/23\/now-available-the-andersenamel\/andersenamel\/\" class=\"wp-image-1686\" srcset=\"https:\/\/www.allaryia.com\/pearnon\/wp-content\/uploads\/2015\/12\/andersenamel.jpg 700w, https:\/\/www.allaryia.com\/pearnon\/wp-content\/uploads\/2015\/12\/andersenamel-209x300.jpg 209w\" sizes=\"auto, (max-width: 700px) 100vw, 700px\" \/><figcaption class=\"blocks-gallery-item__caption\">Capa da edi\u00e7\u00e3o inglesa<\/figcaption><\/figure><\/li><\/ul><\/figure>\n\n\n\n<div class=\"wp-block-button aligncenter is-style-outline is-style-outline--2\"><a class=\"wp-block-button__link\" href=\"https:\/\/www.allaryia.com\/pearnon\/felizes-viveram-uma-vez\/\">Voltar<\/a><\/div>\n","protected":false},"excerpt":{"rendered":"<p>Felizes Viveram Uma Vez\u2026 Ou, pelo menos, assim quis Borralheiro acreditar ap\u00f3s ter lido o Perraultimato, o legado da M\u00e3e Gansa, a \u00faltima voz da raz\u00e3o num mundo que aparenta ter perdido todo o tino. No entanto, Burra, Vasilisa, Capuchinho e Aprendiz, os quatro indiv\u00edduos que se juntaram ao jovem na sua demanda em busca [&hellip;]<\/p>\n","protected":false},"author":1,"featured_media":0,"parent":1077,"menu_order":2,"comment_status":"closed","ping_status":"closed","template":"","meta":{"site-sidebar-layout":"default","site-content-layout":"default","ast-site-content-layout":"default","site-content-style":"default","site-sidebar-style":"default","ast-global-header-display":"","ast-banner-title-visibility":"","ast-main-header-display":"","ast-hfb-above-header-display":"","ast-hfb-below-header-display":"","ast-hfb-mobile-header-display":"","site-post-title":"","ast-breadcrumbs-content":"","ast-featured-img":"","footer-sml-layout":"","ast-disable-related-posts":"","theme-transparent-header-meta":"default","adv-header-id-meta":"","stick-header-meta":"","header-above-stick-meta":"","header-main-stick-meta":"","header-below-stick-meta":"","astra-migrate-meta-layouts":"default","ast-page-background-enabled":"default","ast-page-background-meta":{"desktop":{"background-color":"","background-image":"","background-repeat":"repeat","background-position":"center center","background-size":"auto","background-attachment":"scroll","background-type":"","background-media":"","overlay-type":"","overlay-color":"","overlay-opacity":"","overlay-gradient":""},"tablet":{"background-color":"","background-image":"","background-repeat":"repeat","background-position":"center center","background-size":"auto","background-attachment":"scroll","background-type":"","background-media":"","overlay-type":"","overlay-color":"","overlay-opacity":"","overlay-gradient":""},"mobile":{"background-color":"","background-image":"","background-repeat":"repeat","background-position":"center center","background-size":"auto","background-attachment":"scroll","background-type":"","background-media":"","overlay-type":"","overlay-color":"","overlay-opacity":"","overlay-gradient":""}},"ast-content-background-meta":{"desktop":{"background-color":"var(--ast-global-color-5)","background-image":"","background-repeat":"repeat","background-position":"center center","background-size":"auto","background-attachment":"scroll","background-type":"","background-media":"","overlay-type":"","overlay-color":"","overlay-opacity":"","overlay-gradient":""},"tablet":{"background-color":"var(--ast-global-color-5)","background-image":"","background-repeat":"repeat","background-position":"center center","background-size":"auto","background-attachment":"scroll","background-type":"","background-media":"","overlay-type":"","overlay-color":"","overlay-opacity":"","overlay-gradient":""},"mobile":{"background-color":"var(--ast-global-color-5)","background-image":"","background-repeat":"repeat","background-position":"center center","background-size":"auto","background-attachment":"scroll","background-type":"","background-media":"","overlay-type":"","overlay-color":"","overlay-opacity":"","overlay-gradient":""}},"footnotes":""},"class_list":["post-1381","page","type-page","status-publish","hentry"],"_links":{"self":[{"href":"https:\/\/www.allaryia.com\/pearnon\/wp-json\/wp\/v2\/pages\/1381","targetHints":{"allow":["GET"]}}],"collection":[{"href":"https:\/\/www.allaryia.com\/pearnon\/wp-json\/wp\/v2\/pages"}],"about":[{"href":"https:\/\/www.allaryia.com\/pearnon\/wp-json\/wp\/v2\/types\/page"}],"author":[{"embeddable":true,"href":"https:\/\/www.allaryia.com\/pearnon\/wp-json\/wp\/v2\/users\/1"}],"replies":[{"embeddable":true,"href":"https:\/\/www.allaryia.com\/pearnon\/wp-json\/wp\/v2\/comments?post=1381"}],"version-history":[{"count":0,"href":"https:\/\/www.allaryia.com\/pearnon\/wp-json\/wp\/v2\/pages\/1381\/revisions"}],"up":[{"embeddable":true,"href":"https:\/\/www.allaryia.com\/pearnon\/wp-json\/wp\/v2\/pages\/1077"}],"wp:attachment":[{"href":"https:\/\/www.allaryia.com\/pearnon\/wp-json\/wp\/v2\/media?parent=1381"}],"curies":[{"name":"wp","href":"https:\/\/api.w.org\/{rel}","templated":true}]}}