{"id":197,"date":"2010-03-10T19:45:39","date_gmt":"2010-03-10T19:45:39","guid":{"rendered":"http:\/\/www.allaryia.com\/pearnon\/?page_id=197"},"modified":"2019-12-25T18:26:02","modified_gmt":"2019-12-25T18:26:02","slug":"talisma","status":"publish","type":"page","link":"https:\/\/www.allaryia.com\/pearnon\/talisma\/","title":{"rendered":"Talism\u00e3"},"content":{"rendered":"\n<p><em>O outrora poderoso Reino de Vergudir foi vencido pelo a\u00e7o das espadas dos Ugrator. Do seu antigo poder resta apenas um talism\u00e3. Um de quatro talism\u00e3s que representam o legado dos progenitores e que, quando juntos, trar\u00e3o um imenso poder ao seu detentor. Um poder que Vihir ter\u00e1 de impedir que caia nas garras cru\u00e9is dos Ugrator, contando para isso com o mais improv\u00e1vel dos aliados, o ladr\u00e3o Janhar. <\/em><\/p>\n\n\n\n<p>Assim consta na contracapa de um projecto no qual eu \u00e0 \u00e9poca t\u00e3o cedo n\u00e3o julgava que me iria envolver: um livro de banda desenhada. <em>Talism\u00e3<\/em> partiu de uma ideia original do Manuel Morgado, que a enviou \u00e0s Edi\u00e7\u00f5es Devir com o intuito de encontrar um colaborador que elaborasse a hist\u00f3ria e aperfei\u00e7oasse o argumento. A ideia de uma colabora\u00e7\u00e3o pareceu-me interessante, e a perspectiva de reformular um mundo e um enredo usando desenhos j\u00e1 feitos &#8211; criando algo de novo com bases preestabelecidas ao mesmo tempo que me mantinha fiel \u00e0 alma do rascunho original &#8211; foi deveras aliciante, pelo que aceitei. No espa\u00e7o de duas semanas, reescrevi o argumento, e acrescentei 30 p\u00e1ginas \u00e0s 40 originais do Manuel, que as desenhou quase t\u00e3o depressa quanto eu as escrevia. Foi um projecto estimulante e gratificante, num mundo com o qual estou intimamente familiarizado, mas no qual at\u00e9 ent\u00e3o nunca tivera ocasi\u00e3o de me aventurar, bem como o in\u00edcio de uma cada vez mais proveitosa e prazenteira colabora\u00e7\u00e3o com o Manuel.<\/p>\n\n\n\n<hr class=\"wp-block-separator\"\/>\n\n\n\n<h2 class=\"has-text-align-center wp-block-heading\">Arte<\/h2>\n\n\n\n<hr class=\"wp-block-separator\"\/>\n\n\n\n<figure class=\"wp-block-gallery columns-5 is-cropped wp-block-gallery-1 is-layout-flex wp-block-gallery-is-layout-flex\"><ul class=\"blocks-gallery-grid\"><li class=\"blocks-gallery-item\"><figure><img loading=\"lazy\" decoding=\"async\" width=\"500\" height=\"766\" src=\"https:\/\/www.allaryia.com\/pearnon\/wp-content\/uploads\/2019\/12\/talismacapa.jpg\" alt=\"\" data-id=\"2804\" data-full-url=\"https:\/\/www.allaryia.com\/pearnon\/wp-content\/uploads\/2019\/12\/talismacapa.jpg\" data-link=\"https:\/\/www.allaryia.com\/pearnon\/talisma\/talismacapa\/\" class=\"wp-image-2804\" srcset=\"https:\/\/www.allaryia.com\/pearnon\/wp-content\/uploads\/2019\/12\/talismacapa.jpg 500w, https:\/\/www.allaryia.com\/pearnon\/wp-content\/uploads\/2019\/12\/talismacapa-196x300.jpg 196w, https:\/\/www.allaryia.com\/pearnon\/wp-content\/uploads\/2019\/12\/talismacapa-200x306.jpg 200w\" sizes=\"auto, (max-width: 500px) 100vw, 500px\" \/><figcaption class=\"blocks-gallery-item__caption\">Capa original<\/figcaption><\/figure><\/li><li class=\"blocks-gallery-item\"><figure><img loading=\"lazy\" decoding=\"async\" width=\"476\" height=\"729\" src=\"https:\/\/www.allaryia.com\/pearnon\/wp-content\/uploads\/2019\/12\/progenitores.jpg\" alt=\"\" data-id=\"2803\" data-full-url=\"https:\/\/www.allaryia.com\/pearnon\/wp-content\/uploads\/2019\/12\/progenitores.jpg\" data-link=\"https:\/\/www.allaryia.com\/pearnon\/talisma\/progenitores\/\" class=\"wp-image-2803\" srcset=\"https:\/\/www.allaryia.com\/pearnon\/wp-content\/uploads\/2019\/12\/progenitores.jpg 476w, https:\/\/www.allaryia.com\/pearnon\/wp-content\/uploads\/2019\/12\/progenitores-196x300.jpg 196w, https:\/\/www.allaryia.com\/pearnon\/wp-content\/uploads\/2019\/12\/progenitores-200x306.jpg 200w\" sizes=\"auto, (max-width: 476px) 100vw, 476px\" \/><figcaption class=\"blocks-gallery-item__caption\">Os Progenitores<\/figcaption><\/figure><\/li><li class=\"blocks-gallery-item\"><figure><img loading=\"lazy\" decoding=\"async\" width=\"961\" height=\"729\" src=\"https:\/\/www.allaryia.com\/pearnon\/wp-content\/uploads\/2019\/12\/mapa.jpg\" alt=\"\" data-id=\"2802\" data-full-url=\"https:\/\/www.allaryia.com\/pearnon\/wp-content\/uploads\/2019\/12\/mapa.jpg\" data-link=\"https:\/\/www.allaryia.com\/pearnon\/talisma\/mapa\/\" class=\"wp-image-2802\" srcset=\"https:\/\/www.allaryia.com\/pearnon\/wp-content\/uploads\/2019\/12\/mapa.jpg 961w, https:\/\/www.allaryia.com\/pearnon\/wp-content\/uploads\/2019\/12\/mapa-300x228.jpg 300w, https:\/\/www.allaryia.com\/pearnon\/wp-content\/uploads\/2019\/12\/mapa-768x583.jpg 768w, https:\/\/www.allaryia.com\/pearnon\/wp-content\/uploads\/2019\/12\/mapa-200x152.jpg 200w\" sizes=\"auto, (max-width: 961px) 100vw, 961px\" \/><figcaption class=\"blocks-gallery-item__caption\">Mapa de Ostruna<\/figcaption><\/figure><\/li><li class=\"blocks-gallery-item\"><figure><img loading=\"lazy\" decoding=\"async\" width=\"476\" height=\"729\" src=\"https:\/\/www.allaryia.com\/pearnon\/wp-content\/uploads\/2019\/12\/kulhar.jpg\" alt=\"\" data-id=\"2801\" data-full-url=\"https:\/\/www.allaryia.com\/pearnon\/wp-content\/uploads\/2019\/12\/kulhar.jpg\" data-link=\"https:\/\/www.allaryia.com\/pearnon\/talisma\/kulhar\/\" class=\"wp-image-2801\" srcset=\"https:\/\/www.allaryia.com\/pearnon\/wp-content\/uploads\/2019\/12\/kulhar.jpg 476w, https:\/\/www.allaryia.com\/pearnon\/wp-content\/uploads\/2019\/12\/kulhar-196x300.jpg 196w, https:\/\/www.allaryia.com\/pearnon\/wp-content\/uploads\/2019\/12\/kulhar-200x306.jpg 200w\" sizes=\"auto, (max-width: 476px) 100vw, 476px\" \/><figcaption class=\"blocks-gallery-item__caption\">Kulhar<\/figcaption><\/figure><\/li><li class=\"blocks-gallery-item\"><figure><img loading=\"lazy\" decoding=\"async\" width=\"482\" height=\"738\" src=\"https:\/\/www.allaryia.com\/pearnon\/wp-content\/uploads\/2019\/12\/contracapa.jpg\" alt=\"\" data-id=\"2800\" data-full-url=\"https:\/\/www.allaryia.com\/pearnon\/wp-content\/uploads\/2019\/12\/contracapa.jpg\" data-link=\"https:\/\/www.allaryia.com\/pearnon\/talisma\/contracapa-2\/\" class=\"wp-image-2800\" srcset=\"https:\/\/www.allaryia.com\/pearnon\/wp-content\/uploads\/2019\/12\/contracapa.jpg 482w, https:\/\/www.allaryia.com\/pearnon\/wp-content\/uploads\/2019\/12\/contracapa-196x300.jpg 196w, https:\/\/www.allaryia.com\/pearnon\/wp-content\/uploads\/2019\/12\/contracapa-200x306.jpg 200w\" sizes=\"auto, (max-width: 482px) 100vw, 482px\" \/><figcaption class=\"blocks-gallery-item__caption\">Contracapa<\/figcaption><\/figure><\/li><\/ul><\/figure>\n\n\n\n<div class=\"wp-block-button aligncenter is-style-outline is-style-outline--2\"><a class=\"wp-block-button__link\" href=\"https:\/\/www.allaryia.com\/pearnon\/outros-mundos\/\">Voltar<\/a><\/div>\n","protected":false},"excerpt":{"rendered":"<p>O outrora poderoso Reino de Vergudir foi vencido pelo a\u00e7o das espadas dos Ugrator. Do seu antigo poder resta apenas um talism\u00e3. Um de quatro talism\u00e3s que representam o legado dos progenitores e que, quando juntos, trar\u00e3o um imenso poder ao seu detentor. Um poder que Vihir ter\u00e1 de impedir que caia nas garras cru\u00e9is [&hellip;]<\/p>\n","protected":false},"author":1,"featured_media":0,"parent":0,"menu_order":0,"comment_status":"closed","ping_status":"closed","template":"","meta":{"site-sidebar-layout":"default","site-content-layout":"default","ast-site-content-layout":"default","site-content-style":"default","site-sidebar-style":"default","ast-global-header-display":"","ast-banner-title-visibility":"","ast-main-header-display":"","ast-hfb-above-header-display":"","ast-hfb-below-header-display":"","ast-hfb-mobile-header-display":"","site-post-title":"","ast-breadcrumbs-content":"","ast-featured-img":"","footer-sml-layout":"","ast-disable-related-posts":"","theme-transparent-header-meta":"default","adv-header-id-meta":"","stick-header-meta":"","header-above-stick-meta":"","header-main-stick-meta":"","header-below-stick-meta":"","astra-migrate-meta-layouts":"default","ast-page-background-enabled":"default","ast-page-background-meta":{"desktop":{"background-color":"","background-image":"","background-repeat":"repeat","background-position":"center center","background-size":"auto","background-attachment":"scroll","background-type":"","background-media":"","overlay-type":"","overlay-color":"","overlay-opacity":"","overlay-gradient":""},"tablet":{"background-color":"","background-image":"","background-repeat":"repeat","background-position":"center center","background-size":"auto","background-attachment":"scroll","background-type":"","background-media":"","overlay-type":"","overlay-color":"","overlay-opacity":"","overlay-gradient":""},"mobile":{"background-color":"","background-image":"","background-repeat":"repeat","background-position":"center center","background-size":"auto","background-attachment":"scroll","background-type":"","background-media":"","overlay-type":"","overlay-color":"","overlay-opacity":"","overlay-gradient":""}},"ast-content-background-meta":{"desktop":{"background-color":"var(--ast-global-color-5)","background-image":"","background-repeat":"repeat","background-position":"center center","background-size":"auto","background-attachment":"scroll","background-type":"","background-media":"","overlay-type":"","overlay-color":"","overlay-opacity":"","overlay-gradient":""},"tablet":{"background-color":"var(--ast-global-color-5)","background-image":"","background-repeat":"repeat","background-position":"center center","background-size":"auto","background-attachment":"scroll","background-type":"","background-media":"","overlay-type":"","overlay-color":"","overlay-opacity":"","overlay-gradient":""},"mobile":{"background-color":"var(--ast-global-color-5)","background-image":"","background-repeat":"repeat","background-position":"center center","background-size":"auto","background-attachment":"scroll","background-type":"","background-media":"","overlay-type":"","overlay-color":"","overlay-opacity":"","overlay-gradient":""}},"footnotes":""},"class_list":["post-197","page","type-page","status-publish","hentry"],"_links":{"self":[{"href":"https:\/\/www.allaryia.com\/pearnon\/wp-json\/wp\/v2\/pages\/197","targetHints":{"allow":["GET"]}}],"collection":[{"href":"https:\/\/www.allaryia.com\/pearnon\/wp-json\/wp\/v2\/pages"}],"about":[{"href":"https:\/\/www.allaryia.com\/pearnon\/wp-json\/wp\/v2\/types\/page"}],"author":[{"embeddable":true,"href":"https:\/\/www.allaryia.com\/pearnon\/wp-json\/wp\/v2\/users\/1"}],"replies":[{"embeddable":true,"href":"https:\/\/www.allaryia.com\/pearnon\/wp-json\/wp\/v2\/comments?post=197"}],"version-history":[{"count":0,"href":"https:\/\/www.allaryia.com\/pearnon\/wp-json\/wp\/v2\/pages\/197\/revisions"}],"wp:attachment":[{"href":"https:\/\/www.allaryia.com\/pearnon\/wp-json\/wp\/v2\/media?parent=197"}],"curies":[{"name":"wp","href":"https:\/\/api.w.org\/{rel}","templated":true}]}}