{"id":200,"date":"2010-03-11T02:04:12","date_gmt":"2010-03-11T02:04:12","guid":{"rendered":"http:\/\/www.allaryia.com\/pearnon\/?page_id=200"},"modified":"2019-12-25T18:44:12","modified_gmt":"2019-12-25T18:44:12","slug":"leopoldina","status":"publish","type":"page","link":"https:\/\/www.allaryia.com\/pearnon\/leopoldina\/","title":{"rendered":"Leopoldina e a Ordem das Asas"},"content":{"rendered":"\n<p>Algu\u00e9m se lembra das saudosas <em>Aventuras Fant\u00e1sticas<\/em>? Algu\u00e9m acha que a Leopoldina era uma mascote que ficava a dever demasiado a um certo paquiderme? Potestades do reino do retalho e grosso acharam que sim, e <em>Leopoldina e a Ordem das Asas <\/em>nasceu de uma bizarra jun\u00e7\u00e3o desses dois factores.<\/p>\n\n\n\n<p>O meu envolvimento neste projecto foi fortuito e inesperado, tanto para mim como para aqueles que estavam minimamente familiarizados com o meu percurso liter\u00e1rio. Mais ainda do que o <em>Talism\u00e3<\/em>, ter de fazer da avestruz favorita da crian\u00e7ada uma hero\u00edna de ac\u00e7\u00e3o foi sem d\u00favida um desafio, e o ter de me basear num projecto de anima\u00e7\u00e3o que ent\u00e3o j\u00e1 estava em curso &#8211; e no qual estava j\u00e1 predefinido o aspecto da Leopoldina e o vil\u00e3o que esta iria enfrentar &#8211; em nada facilitou o meu trabalho, oferecendo-me apenas a possibilidade de me isentar de grandes responsabilidades caso o projecto corresse mal.<\/p>\n\n\n\n<p>Felizmente, e contra todas as expectativas ditadas pelo bom senso, fiquei satisfeito com o produto final, e julgo que o objectivo almejado foi em grande parte conseguido, a avaliar pela resposta do p\u00fablico-alvo. Foi tudo uma quest\u00e3o de dar&#8230; bem, <em>asas<\/em> \u00e0 imagina\u00e7\u00e3o, bem como algumas noites em branco a mapear os (felizmente poucos) caminhos que o leitor pode tomar ao longo da hist\u00f3ria. Senti evidentemente uma distinta falta de espadas enquanto escrevia a aventura, e tive algumas dificuldades em adaptar o registo para menores de 12 anos, mas ao menos tive a possibilidade de usar algo que, por motivos estil\u00edsticos, ainda n\u00e3o me fora poss\u00edvel: o efeito sonoro <em>cr\u00e1s!<\/em><\/p>\n\n\n\n<hr class=\"wp-block-separator\"\/>\n\n\n\n<h2 class=\"has-text-align-center wp-block-heading\">Arte<\/h2>\n\n\n\n<hr class=\"wp-block-separator\"\/>\n\n\n\n<figure class=\"wp-block-gallery columns-5 is-cropped wp-block-gallery-1 is-layout-flex wp-block-gallery-is-layout-flex\"><ul class=\"blocks-gallery-grid\"><li class=\"blocks-gallery-item\"><figure><img loading=\"lazy\" decoding=\"async\" width=\"403\" height=\"500\" src=\"https:\/\/www.allaryia.com\/pearnon\/wp-content\/uploads\/2010\/03\/leo.jpeg\" alt=\"\" data-id=\"989\" data-link=\"https:\/\/www.allaryia.com\/pearnon\/leopoldina\/leo\/\" class=\"wp-image-989\" srcset=\"https:\/\/www.allaryia.com\/pearnon\/wp-content\/uploads\/2010\/03\/leo.jpeg 403w, https:\/\/www.allaryia.com\/pearnon\/wp-content\/uploads\/2010\/03\/leo-241x300.jpg 241w\" sizes=\"auto, (max-width: 403px) 100vw, 403px\" \/><figcaption class=\"blocks-gallery-item__caption\">Capa<\/figcaption><\/figure><\/li><li class=\"blocks-gallery-item\"><figure><img loading=\"lazy\" decoding=\"async\" width=\"672\" height=\"1023\" src=\"https:\/\/www.allaryia.com\/pearnon\/wp-content\/uploads\/2010\/03\/Leopoldina_1-672x1023.jpg\" alt=\"\" data-id=\"326\" data-link=\"https:\/\/www.allaryia.com\/pearnon\/leopoldina\/leopoldina_1\/\" class=\"wp-image-326\" srcset=\"https:\/\/www.allaryia.com\/pearnon\/wp-content\/uploads\/2010\/03\/Leopoldina_1-672x1023.jpg 672w, https:\/\/www.allaryia.com\/pearnon\/wp-content\/uploads\/2010\/03\/Leopoldina_1-197x300.jpg 197w, https:\/\/www.allaryia.com\/pearnon\/wp-content\/uploads\/2010\/03\/Leopoldina_1.jpg 1005w\" sizes=\"auto, (max-width: 672px) 100vw, 672px\" \/><figcaption class=\"blocks-gallery-item__caption\">Estudo<\/figcaption><\/figure><\/li><li class=\"blocks-gallery-item\"><figure><img loading=\"lazy\" decoding=\"async\" width=\"508\" height=\"816\" src=\"https:\/\/www.allaryia.com\/pearnon\/wp-content\/uploads\/2010\/03\/Doutor_Doi_Doi.jpg\" alt=\"\" data-id=\"327\" data-link=\"https:\/\/www.allaryia.com\/pearnon\/leopoldina\/doutor_doi_doi\/\" class=\"wp-image-327\" srcset=\"https:\/\/www.allaryia.com\/pearnon\/wp-content\/uploads\/2010\/03\/Doutor_Doi_Doi.jpg 508w, https:\/\/www.allaryia.com\/pearnon\/wp-content\/uploads\/2010\/03\/Doutor_Doi_Doi-186x300.jpg 186w\" sizes=\"auto, (max-width: 508px) 100vw, 508px\" \/><figcaption class=\"blocks-gallery-item__caption\">Estudo<\/figcaption><\/figure><\/li><li class=\"blocks-gallery-item\"><figure><img loading=\"lazy\" decoding=\"async\" width=\"734\" height=\"626\" src=\"https:\/\/www.allaryia.com\/pearnon\/wp-content\/uploads\/2010\/03\/Imperador_Mao.jpg\" alt=\"\" data-id=\"328\" data-link=\"https:\/\/www.allaryia.com\/pearnon\/leopoldina\/imperador_mao\/\" class=\"wp-image-328\" srcset=\"https:\/\/www.allaryia.com\/pearnon\/wp-content\/uploads\/2010\/03\/Imperador_Mao.jpg 734w, https:\/\/www.allaryia.com\/pearnon\/wp-content\/uploads\/2010\/03\/Imperador_Mao-300x255.jpg 300w\" sizes=\"auto, (max-width: 734px) 100vw, 734px\" \/><figcaption class=\"blocks-gallery-item__caption\">Estudo<\/figcaption><\/figure><\/li><li class=\"blocks-gallery-item\"><figure><img loading=\"lazy\" decoding=\"async\" width=\"1024\" height=\"728\" src=\"https:\/\/www.allaryia.com\/pearnon\/wp-content\/uploads\/2019\/12\/a0002-1024x728.jpg\" alt=\"\" data-id=\"2809\" data-full-url=\"https:\/\/www.allaryia.com\/pearnon\/wp-content\/uploads\/2019\/12\/a0002.jpg\" data-link=\"https:\/\/www.allaryia.com\/pearnon\/leopoldina\/a0002\/\" class=\"wp-image-2809\" srcset=\"https:\/\/www.allaryia.com\/pearnon\/wp-content\/uploads\/2019\/12\/a0002-1024x728.jpg 1024w, https:\/\/www.allaryia.com\/pearnon\/wp-content\/uploads\/2019\/12\/a0002-300x213.jpg 300w, https:\/\/www.allaryia.com\/pearnon\/wp-content\/uploads\/2019\/12\/a0002-768x546.jpg 768w, https:\/\/www.allaryia.com\/pearnon\/wp-content\/uploads\/2019\/12\/a0002-200x142.jpg 200w, https:\/\/www.allaryia.com\/pearnon\/wp-content\/uploads\/2019\/12\/a0002.jpg 1125w\" sizes=\"auto, (max-width: 1024px) 100vw, 1024px\" \/><figcaption class=\"blocks-gallery-item__caption\">Estudo<\/figcaption><\/figure><\/li><li class=\"blocks-gallery-item\"><figure><img loading=\"lazy\" decoding=\"async\" width=\"1024\" height=\"744\" src=\"https:\/\/www.allaryia.com\/pearnon\/wp-content\/uploads\/2019\/12\/a0007-1024x744.jpg\" alt=\"\" data-id=\"2810\" data-full-url=\"https:\/\/www.allaryia.com\/pearnon\/wp-content\/uploads\/2019\/12\/a0007-scaled.jpg\" data-link=\"https:\/\/www.allaryia.com\/pearnon\/leopoldina\/a0007\/\" class=\"wp-image-2810\" srcset=\"https:\/\/www.allaryia.com\/pearnon\/wp-content\/uploads\/2019\/12\/a0007-1024x744.jpg 1024w, https:\/\/www.allaryia.com\/pearnon\/wp-content\/uploads\/2019\/12\/a0007-300x218.jpg 300w, https:\/\/www.allaryia.com\/pearnon\/wp-content\/uploads\/2019\/12\/a0007-768x558.jpg 768w, https:\/\/www.allaryia.com\/pearnon\/wp-content\/uploads\/2019\/12\/a0007-1536x1117.jpg 1536w, https:\/\/www.allaryia.com\/pearnon\/wp-content\/uploads\/2019\/12\/a0007-2048x1489.jpg 2048w, https:\/\/www.allaryia.com\/pearnon\/wp-content\/uploads\/2019\/12\/a0007-200x145.jpg 200w\" sizes=\"auto, (max-width: 1024px) 100vw, 1024px\" \/><figcaption class=\"blocks-gallery-item__caption\">Estudo<\/figcaption><\/figure><\/li><li class=\"blocks-gallery-item\"><figure><img loading=\"lazy\" decoding=\"async\" width=\"1024\" height=\"700\" src=\"https:\/\/www.allaryia.com\/pearnon\/wp-content\/uploads\/2019\/12\/robots-1024x700.jpg\" alt=\"\" data-id=\"2813\" data-full-url=\"https:\/\/www.allaryia.com\/pearnon\/wp-content\/uploads\/2019\/12\/robots.jpg\" data-link=\"https:\/\/www.allaryia.com\/pearnon\/leopoldina\/robots\/\" class=\"wp-image-2813\" srcset=\"https:\/\/www.allaryia.com\/pearnon\/wp-content\/uploads\/2019\/12\/robots-1024x700.jpg 1024w, https:\/\/www.allaryia.com\/pearnon\/wp-content\/uploads\/2019\/12\/robots-300x205.jpg 300w, https:\/\/www.allaryia.com\/pearnon\/wp-content\/uploads\/2019\/12\/robots-768x525.jpg 768w, https:\/\/www.allaryia.com\/pearnon\/wp-content\/uploads\/2019\/12\/robots-200x137.jpg 200w, https:\/\/www.allaryia.com\/pearnon\/wp-content\/uploads\/2019\/12\/robots.jpg 1171w\" sizes=\"auto, (max-width: 1024px) 100vw, 1024px\" \/><figcaption class=\"blocks-gallery-item__caption\">Estudo<\/figcaption><\/figure><\/li><li class=\"blocks-gallery-item\"><figure><img loading=\"lazy\" decoding=\"async\" width=\"607\" height=\"800\" src=\"https:\/\/www.allaryia.com\/pearnon\/wp-content\/uploads\/2019\/12\/dina-capa-02.jpg\" alt=\"\" data-id=\"2811\" data-full-url=\"https:\/\/www.allaryia.com\/pearnon\/wp-content\/uploads\/2019\/12\/dina-capa-02.jpg\" data-link=\"https:\/\/www.allaryia.com\/pearnon\/leopoldina\/dina-capa-02\/\" class=\"wp-image-2811\" srcset=\"https:\/\/www.allaryia.com\/pearnon\/wp-content\/uploads\/2019\/12\/dina-capa-02.jpg 607w, https:\/\/www.allaryia.com\/pearnon\/wp-content\/uploads\/2019\/12\/dina-capa-02-228x300.jpg 228w, https:\/\/www.allaryia.com\/pearnon\/wp-content\/uploads\/2019\/12\/dina-capa-02-200x264.jpg 200w\" sizes=\"auto, (max-width: 607px) 100vw, 607px\" \/><figcaption class=\"blocks-gallery-item__caption\">Esbo\u00e7o<\/figcaption><\/figure><\/li><li class=\"blocks-gallery-item\"><figure><img loading=\"lazy\" decoding=\"async\" width=\"586\" height=\"800\" src=\"https:\/\/www.allaryia.com\/pearnon\/wp-content\/uploads\/2019\/12\/ilust02.jpg\" alt=\"\" data-id=\"2812\" data-full-url=\"https:\/\/www.allaryia.com\/pearnon\/wp-content\/uploads\/2019\/12\/ilust02.jpg\" data-link=\"https:\/\/www.allaryia.com\/pearnon\/leopoldina\/ilust02\/\" class=\"wp-image-2812\" srcset=\"https:\/\/www.allaryia.com\/pearnon\/wp-content\/uploads\/2019\/12\/ilust02.jpg 586w, https:\/\/www.allaryia.com\/pearnon\/wp-content\/uploads\/2019\/12\/ilust02-220x300.jpg 220w, https:\/\/www.allaryia.com\/pearnon\/wp-content\/uploads\/2019\/12\/ilust02-200x273.jpg 200w\" sizes=\"auto, (max-width: 586px) 100vw, 586px\" \/><figcaption class=\"blocks-gallery-item__caption\">Esbo\u00e7o<\/figcaption><\/figure><\/li><\/ul><\/figure>\n\n\n\n<hr class=\"wp-block-separator\"\/>\n\n\n\n<h2 class=\"has-text-align-center wp-block-heading\">Trailer<\/h2>\n\n\n\n<hr class=\"wp-block-separator\"\/>\n\n\n\n<figure class=\"wp-block-video aligncenter\"><video height=\"270\" style=\"aspect-ratio: 480 \/ 270;\" width=\"480\" controls src=\"https:\/\/www.allaryia.com\/pearnon\/wp-content\/uploads\/2019\/12\/dina.mp4\"><\/video><\/figure>\n\n\n\n<p><\/p>\n\n\n\n<div class=\"wp-block-button aligncenter is-style-outline is-style-outline--2\"><a class=\"wp-block-button__link\" href=\"https:\/\/www.allaryia.com\/pearnon\/outros-mundos\/\">Voltar<\/a><\/div>\n","protected":false},"excerpt":{"rendered":"<p>Algu\u00e9m se lembra das saudosas Aventuras Fant\u00e1sticas? Algu\u00e9m acha que a Leopoldina era uma mascote que ficava a dever demasiado a um certo paquiderme? Potestades do reino do retalho e grosso acharam que sim, e Leopoldina e a Ordem das Asas nasceu de uma bizarra jun\u00e7\u00e3o desses dois factores. O meu envolvimento neste projecto foi [&hellip;]<\/p>\n","protected":false},"author":1,"featured_media":0,"parent":0,"menu_order":0,"comment_status":"closed","ping_status":"closed","template":"","meta":{"site-sidebar-layout":"default","site-content-layout":"default","ast-site-content-layout":"default","site-content-style":"default","site-sidebar-style":"default","ast-global-header-display":"","ast-banner-title-visibility":"","ast-main-header-display":"","ast-hfb-above-header-display":"","ast-hfb-below-header-display":"","ast-hfb-mobile-header-display":"","site-post-title":"","ast-breadcrumbs-content":"","ast-featured-img":"","footer-sml-layout":"","ast-disable-related-posts":"","theme-transparent-header-meta":"default","adv-header-id-meta":"","stick-header-meta":"","header-above-stick-meta":"","header-main-stick-meta":"","header-below-stick-meta":"","astra-migrate-meta-layouts":"default","ast-page-background-enabled":"default","ast-page-background-meta":{"desktop":{"background-color":"","background-image":"","background-repeat":"repeat","background-position":"center center","background-size":"auto","background-attachment":"scroll","background-type":"","background-media":"","overlay-type":"","overlay-color":"","overlay-opacity":"","overlay-gradient":""},"tablet":{"background-color":"","background-image":"","background-repeat":"repeat","background-position":"center center","background-size":"auto","background-attachment":"scroll","background-type":"","background-media":"","overlay-type":"","overlay-color":"","overlay-opacity":"","overlay-gradient":""},"mobile":{"background-color":"","background-image":"","background-repeat":"repeat","background-position":"center center","background-size":"auto","background-attachment":"scroll","background-type":"","background-media":"","overlay-type":"","overlay-color":"","overlay-opacity":"","overlay-gradient":""}},"ast-content-background-meta":{"desktop":{"background-color":"var(--ast-global-color-5)","background-image":"","background-repeat":"repeat","background-position":"center center","background-size":"auto","background-attachment":"scroll","background-type":"","background-media":"","overlay-type":"","overlay-color":"","overlay-opacity":"","overlay-gradient":""},"tablet":{"background-color":"var(--ast-global-color-5)","background-image":"","background-repeat":"repeat","background-position":"center center","background-size":"auto","background-attachment":"scroll","background-type":"","background-media":"","overlay-type":"","overlay-color":"","overlay-opacity":"","overlay-gradient":""},"mobile":{"background-color":"var(--ast-global-color-5)","background-image":"","background-repeat":"repeat","background-position":"center center","background-size":"auto","background-attachment":"scroll","background-type":"","background-media":"","overlay-type":"","overlay-color":"","overlay-opacity":"","overlay-gradient":""}},"footnotes":""},"class_list":["post-200","page","type-page","status-publish","hentry"],"_links":{"self":[{"href":"https:\/\/www.allaryia.com\/pearnon\/wp-json\/wp\/v2\/pages\/200","targetHints":{"allow":["GET"]}}],"collection":[{"href":"https:\/\/www.allaryia.com\/pearnon\/wp-json\/wp\/v2\/pages"}],"about":[{"href":"https:\/\/www.allaryia.com\/pearnon\/wp-json\/wp\/v2\/types\/page"}],"author":[{"embeddable":true,"href":"https:\/\/www.allaryia.com\/pearnon\/wp-json\/wp\/v2\/users\/1"}],"replies":[{"embeddable":true,"href":"https:\/\/www.allaryia.com\/pearnon\/wp-json\/wp\/v2\/comments?post=200"}],"version-history":[{"count":0,"href":"https:\/\/www.allaryia.com\/pearnon\/wp-json\/wp\/v2\/pages\/200\/revisions"}],"wp:attachment":[{"href":"https:\/\/www.allaryia.com\/pearnon\/wp-json\/wp\/v2\/media?parent=200"}],"curies":[{"name":"wp","href":"https:\/\/api.w.org\/{rel}","templated":true}]}}