{"id":2825,"date":"2019-12-25T19:18:07","date_gmt":"2019-12-25T19:18:07","guid":{"rendered":"https:\/\/www.allaryia.com\/pearnon\/?page_id=2825"},"modified":"2019-12-25T19:18:08","modified_gmt":"2019-12-25T19:18:08","slug":"a-alvorada-dos-deuses","status":"publish","type":"page","link":"https:\/\/www.allaryia.com\/pearnon\/a-alvorada-dos-deuses\/","title":{"rendered":"A Alvorada dos Deuses"},"content":{"rendered":"\n<p><em>No inverno de 1477, Berardo de Varatojo, padre franciscano estigmatizado, viaja para a distante Thule (Isl\u00e2ndia) em busca de respostas para a sua crise de f\u00e9. Contudo, acaba raptado por desconhecidos antes de as conseguir encontrar, e os seus captores afirmam ser deuses, os sete destinados a sobreviver a um Crep\u00fasculo dos Deuses de que nunca ouvira falar. Aqueles que Berardo toma por feiticeiros pag\u00e3os confessam-se numa encruzilhada, culpando o Deus crist\u00e3o pelo seu dilema, e, segundo eles, o franciscano \u00e9 precisamente a chave para a sua salva\u00e7\u00e3o, embora ele n\u00e3o consiga sequer conceber como.<\/em><\/p>\n\n\n\n<p><em>Por\u00e9m, essa \u00e9 a menor das preocupa\u00e7\u00f5es de Berardo, que se v\u00ea  constantemente atormentado por vis\u00f5es e pesadelos de uma era antiga\u2026 E  os seus captores n\u00e3o foram os \u00fanicos sobreviventes do Crep\u00fasculo dos  Deuses. Um mal antigo persegue-os at\u00e9 \u00e0s entranhas fogosas de Thule,  onde deuses e cren\u00e7as se confrontar\u00e3o, e onde Berardo ter\u00e1 de p\u00f4r cobro a  uma disputa imemorial, com o destino da pr\u00f3pria Humanidade em jogo.<\/em><\/p>\n\n\n\n<p>Em 2005, comecei um projecto de BD com o Manuel Morgado, que  n\u00e3o deu em nada e que, por culpa minha, em nada poderia dar, e que  passou mais tempo na gaveta que o que \u00e9 saud\u00e1vel para qualquer ideia com p\u00e9s e cabe\u00e7a. Anos mais tarde, pedi desculpa ao Manuel pela minha tremenda falha e ele, na sua benevol\u00eancia, motivou-me a pegar novamente  no projecto e concluir o argumento.<\/p>\n\n\n\n<p>Mas publicar uma obra de  BD em Portugal ou no estrangeiro nunca \u00e9 empreitada de pouca monta. Por sorte, uma conjun\u00e7\u00e3o de factores p\u00f4s na mesa a possibilidade de eu publicar o projecto em formato de romance pela Presen\u00e7a, o que serviria n\u00e3o s\u00f3 para levar a bom porto uma hist\u00f3ria que, coitada, j\u00e1 h\u00e1 quase  dez anos ansiava por ser contada, mas tamb\u00e9m como poss\u00edvel plataforma para refor\u00e7ar o m\u00e9rito do projecto numa futura adapta\u00e7\u00e3o. Conversei com o Manuel, que apoiou a ideia, e lancei-me ent\u00e3o ao trabalho de reescrever o argumento em formato BD para a sempre mais detalhada e (espero)  escorreita prosa de um romance.<\/p>\n\n\n\n<p>Ap\u00f3s aprecia\u00e7\u00e3o, o livro foi considerado  \u00abcomplicado\u00bb por v\u00e1rias pessoas na minha editora. O t\u00edtulo era mais assustador ainda que  Allaryias e Karasthans, a estrutura ainda acusava muito da convers\u00e3o de um argumento de BD, e o registo, \u00e0 falta de palavra melhor, era uma dor de cabe\u00e7a para ler em certas partes. Aceitei todas as cr\u00edticas, at\u00e9  porque tinha bem presente que, ainda que a n\u00edvel subconsciente,  provavelmente escrevera sob a assun\u00e7\u00e3o de que teria o suporte visual de desenhos. Isto, claro est\u00e1, para al\u00e9m do registo algo rebuscado pelo qual j\u00e1 sou de qualquer forma conhecido\/infame.<\/p>\n\n\n\n<p>De volta ao estirador, consegui desapegar-me ao t\u00edtulo <em>Endurvakning, <\/em>cuja sombra pairara sobre o projecto durante dez anos, e fiquei-me pelo bem mais leg\u00edvel <em>A Alvorada dos Deuses, <\/em>que,  para meu al\u00edvio, reuniu consenso imediato na Presen\u00e7a. O processo de reescrita foi um pouco mais moroso, e diversifiquei o meu lote de leitores <em>beta <\/em>para melhor poder apurar as falhas daquele que ia claramente ser o livro mais, bem, <em>diferente<\/em> que eu alguma vez escrevera (<em>\u00abent\u00e3o e a Leopoldina?\u00bb<\/em>, perguntar\u00e3o alguns, que eu ignorarei de forma ostensiva).<\/p>\n\n\n\n<p>Felizmente, tudo correu pelo melhor, o livro foi aprovado e, ao cabo de uma odisseia de uma d\u00e9cada \u2013 uma aut\u00eantica saga de ambi\u00e7\u00e3o, cren\u00e7a e perd\u00e3o que em tanto e a tantos n\u00edveis se assemelhou \u00e0 hist\u00f3ria que ambicionava contar \u2013 <em>Endurvakning<\/em>, o Renascimento, renasceria na forma da <em>Alvorada dos Deuses.<\/em><\/p>\n\n\n\n<hr class=\"wp-block-separator\"\/>\n\n\n\n<h2 class=\"has-text-align-center wp-block-heading\">Arte<\/h2>\n\n\n\n<hr class=\"wp-block-separator\"\/>\n\n\n\n<figure class=\"wp-block-gallery columns-6 is-cropped wp-block-gallery-1 is-layout-flex wp-block-gallery-is-layout-flex\"><ul class=\"blocks-gallery-grid\"><li class=\"blocks-gallery-item\"><figure><img loading=\"lazy\" decoding=\"async\" width=\"1024\" height=\"203\" src=\"https:\/\/www.allaryia.com\/pearnon\/wp-content\/uploads\/2015\/01\/logo2-1024x203.jpg\" alt=\"\" data-id=\"1472\" data-full-url=\"https:\/\/www.allaryia.com\/pearnon\/wp-content\/uploads\/2015\/01\/logo2.jpg\" data-link=\"https:\/\/www.allaryia.com\/pearnon\/2015\/01\/13\/renascimento\/logo2\/\" class=\"wp-image-1472\" srcset=\"https:\/\/www.allaryia.com\/pearnon\/wp-content\/uploads\/2015\/01\/logo2-1024x203.jpg 1024w, https:\/\/www.allaryia.com\/pearnon\/wp-content\/uploads\/2015\/01\/logo2-300x60.jpg 300w\" sizes=\"auto, (max-width: 1024px) 100vw, 1024px\" \/><figcaption class=\"blocks-gallery-item__caption\">Primeiro logotipo<\/figcaption><\/figure><\/li><li class=\"blocks-gallery-item\"><figure><img loading=\"lazy\" decoding=\"async\" width=\"447\" height=\"843\" src=\"https:\/\/www.allaryia.com\/pearnon\/wp-content\/uploads\/2015\/08\/end2.jpg\" alt=\"\" data-id=\"1588\" data-full-url=\"https:\/\/www.allaryia.com\/pearnon\/wp-content\/uploads\/2015\/08\/end2.jpg\" data-link=\"https:\/\/www.allaryia.com\/pearnon\/2015\/08\/18\/falta-de-hombridade\/end2\/\" class=\"wp-image-1588\" srcset=\"https:\/\/www.allaryia.com\/pearnon\/wp-content\/uploads\/2015\/08\/end2.jpg 447w, https:\/\/www.allaryia.com\/pearnon\/wp-content\/uploads\/2015\/08\/end2-159x300.jpg 159w\" sizes=\"auto, (max-width: 447px) 100vw, 447px\" \/><figcaption class=\"blocks-gallery-item__caption\">Baldur &#8211; esbo\u00e7o<\/figcaption><\/figure><\/li><li class=\"blocks-gallery-item\"><figure><img loading=\"lazy\" decoding=\"async\" width=\"612\" height=\"843\" src=\"https:\/\/www.allaryia.com\/pearnon\/wp-content\/uploads\/2015\/08\/end1.jpg\" alt=\"\" data-id=\"1587\" data-full-url=\"https:\/\/www.allaryia.com\/pearnon\/wp-content\/uploads\/2015\/08\/end1.jpg\" data-link=\"https:\/\/www.allaryia.com\/pearnon\/2015\/08\/18\/falta-de-hombridade\/end1\/\" class=\"wp-image-1587\" srcset=\"https:\/\/www.allaryia.com\/pearnon\/wp-content\/uploads\/2015\/08\/end1.jpg 612w, https:\/\/www.allaryia.com\/pearnon\/wp-content\/uploads\/2015\/08\/end1-218x300.jpg 218w\" sizes=\"auto, (max-width: 612px) 100vw, 612px\" \/><figcaption class=\"blocks-gallery-item__caption\">Berardo &#8211; Esbo\u00e7o<\/figcaption><\/figure><\/li><li class=\"blocks-gallery-item\"><figure><img loading=\"lazy\" decoding=\"async\" width=\"606\" height=\"800\" src=\"https:\/\/www.allaryia.com\/pearnon\/wp-content\/uploads\/2015\/08\/endsam2.jpg\" alt=\"\" data-id=\"1608\" data-full-url=\"https:\/\/www.allaryia.com\/pearnon\/wp-content\/uploads\/2015\/08\/endsam2.jpg\" data-link=\"https:\/\/www.allaryia.com\/pearnon\/2015\/08\/18\/falta-de-hombridade\/endsam2\/\" class=\"wp-image-1608\" srcset=\"https:\/\/www.allaryia.com\/pearnon\/wp-content\/uploads\/2015\/08\/endsam2.jpg 606w, https:\/\/www.allaryia.com\/pearnon\/wp-content\/uploads\/2015\/08\/endsam2-227x300.jpg 227w\" sizes=\"auto, (max-width: 606px) 100vw, 606px\" \/><figcaption class=\"blocks-gallery-item__caption\">Baldur &#8211; Esbo\u00e7o<\/figcaption><\/figure><\/li><li class=\"blocks-gallery-item\"><figure><img loading=\"lazy\" decoding=\"async\" width=\"584\" height=\"800\" src=\"https:\/\/www.allaryia.com\/pearnon\/wp-content\/uploads\/2015\/08\/endsam1.jpg\" alt=\"\" data-id=\"1607\" data-full-url=\"https:\/\/www.allaryia.com\/pearnon\/wp-content\/uploads\/2015\/08\/endsam1.jpg\" data-link=\"https:\/\/www.allaryia.com\/pearnon\/2015\/08\/18\/falta-de-hombridade\/endsam1\/\" class=\"wp-image-1607\" srcset=\"https:\/\/www.allaryia.com\/pearnon\/wp-content\/uploads\/2015\/08\/endsam1.jpg 584w, https:\/\/www.allaryia.com\/pearnon\/wp-content\/uploads\/2015\/08\/endsam1-219x300.jpg 219w\" sizes=\"auto, (max-width: 584px) 100vw, 584px\" \/><figcaption class=\"blocks-gallery-item__caption\">Gullveig &#8211; Esbo\u00e7o<\/figcaption><\/figure><\/li><li class=\"blocks-gallery-item\"><figure><img loading=\"lazy\" decoding=\"async\" width=\"596\" height=\"842\" src=\"https:\/\/www.allaryia.com\/pearnon\/wp-content\/uploads\/2015\/08\/endsam.jpg\" alt=\"\" data-id=\"1605\" data-full-url=\"https:\/\/www.allaryia.com\/pearnon\/wp-content\/uploads\/2015\/08\/endsam.jpg\" data-link=\"https:\/\/www.allaryia.com\/pearnon\/2015\/08\/18\/falta-de-hombridade\/endsam\/\" class=\"wp-image-1605\" srcset=\"https:\/\/www.allaryia.com\/pearnon\/wp-content\/uploads\/2015\/08\/endsam.jpg 596w, https:\/\/www.allaryia.com\/pearnon\/wp-content\/uploads\/2015\/08\/endsam-212x300.jpg 212w\" sizes=\"auto, (max-width: 596px) 100vw, 596px\" \/><figcaption class=\"blocks-gallery-item__caption\">Amostra 1<\/figcaption><\/figure><\/li><li class=\"blocks-gallery-item\"><figure><img loading=\"lazy\" decoding=\"async\" width=\"706\" height=\"1000\" src=\"https:\/\/www.allaryia.com\/pearnon\/wp-content\/uploads\/2015\/08\/endsam3.jpg\" alt=\"\" data-id=\"1620\" data-full-url=\"https:\/\/www.allaryia.com\/pearnon\/wp-content\/uploads\/2015\/08\/endsam3.jpg\" data-link=\"https:\/\/www.allaryia.com\/pearnon\/2015\/08\/18\/falta-de-hombridade\/endsam3\/\" class=\"wp-image-1620\" srcset=\"https:\/\/www.allaryia.com\/pearnon\/wp-content\/uploads\/2015\/08\/endsam3.jpg 706w, https:\/\/www.allaryia.com\/pearnon\/wp-content\/uploads\/2015\/08\/endsam3-212x300.jpg 212w\" sizes=\"auto, (max-width: 706px) 100vw, 706px\" \/><figcaption class=\"blocks-gallery-item__caption\">Amostra 2<\/figcaption><\/figure><\/li><li class=\"blocks-gallery-item\"><figure><img loading=\"lazy\" decoding=\"async\" width=\"724\" height=\"1024\" src=\"https:\/\/www.allaryia.com\/pearnon\/wp-content\/uploads\/2015\/10\/p05-724x1024.jpg\" alt=\"\" data-id=\"1650\" data-full-url=\"https:\/\/www.allaryia.com\/pearnon\/wp-content\/uploads\/2015\/10\/p05.jpg\" data-link=\"https:\/\/www.allaryia.com\/pearnon\/2015\/10\/05\/uma-restia-de-esperanca\/p05\/\" class=\"wp-image-1650\" srcset=\"https:\/\/www.allaryia.com\/pearnon\/wp-content\/uploads\/2015\/10\/p05-724x1024.jpg 724w, https:\/\/www.allaryia.com\/pearnon\/wp-content\/uploads\/2015\/10\/p05-212x300.jpg 212w, https:\/\/www.allaryia.com\/pearnon\/wp-content\/uploads\/2015\/10\/p05.jpg 849w\" sizes=\"auto, (max-width: 724px) 100vw, 724px\" \/><figcaption class=\"blocks-gallery-item__caption\">Amostra 3<\/figcaption><\/figure><\/li><li class=\"blocks-gallery-item\"><figure><img loading=\"lazy\" decoding=\"async\" width=\"600\" height=\"843\" src=\"https:\/\/www.allaryia.com\/pearnon\/wp-content\/uploads\/2015\/11\/capa-testemm.jpg\" alt=\"\" data-id=\"1677\" data-full-url=\"https:\/\/www.allaryia.com\/pearnon\/wp-content\/uploads\/2015\/11\/capa-testemm.jpg\" data-link=\"https:\/\/www.allaryia.com\/pearnon\/2015\/11\/29\/comic-con\/capa-testemm\/\" class=\"wp-image-1677\" srcset=\"https:\/\/www.allaryia.com\/pearnon\/wp-content\/uploads\/2015\/11\/capa-testemm.jpg 600w, https:\/\/www.allaryia.com\/pearnon\/wp-content\/uploads\/2015\/11\/capa-testemm-214x300.jpg 214w\" sizes=\"auto, (max-width: 600px) 100vw, 600px\" \/><figcaption class=\"blocks-gallery-item__caption\">Esbo\u00e7o da capa<\/figcaption><\/figure><\/li><li class=\"blocks-gallery-item\"><figure><img loading=\"lazy\" decoding=\"async\" width=\"665\" height=\"1024\" src=\"https:\/\/www.allaryia.com\/pearnon\/wp-content\/uploads\/2019\/12\/end_US_pag_01-665x1024.jpg\" alt=\"\" data-id=\"2826\" data-full-url=\"https:\/\/www.allaryia.com\/pearnon\/wp-content\/uploads\/2019\/12\/end_US_pag_01.jpg\" data-link=\"https:\/\/www.allaryia.com\/pearnon\/?attachment_id=2826\" class=\"wp-image-2826\" srcset=\"https:\/\/www.allaryia.com\/pearnon\/wp-content\/uploads\/2019\/12\/end_US_pag_01-665x1024.jpg 665w, https:\/\/www.allaryia.com\/pearnon\/wp-content\/uploads\/2019\/12\/end_US_pag_01-195x300.jpg 195w, https:\/\/www.allaryia.com\/pearnon\/wp-content\/uploads\/2019\/12\/end_US_pag_01-768x1183.jpg 768w, https:\/\/www.allaryia.com\/pearnon\/wp-content\/uploads\/2019\/12\/end_US_pag_01-200x308.jpg 200w, https:\/\/www.allaryia.com\/pearnon\/wp-content\/uploads\/2019\/12\/end_US_pag_01.jpg 779w\" sizes=\"auto, (max-width: 665px) 100vw, 665px\" \/><figcaption class=\"blocks-gallery-item__caption\">Amostra<\/figcaption><\/figure><\/li><li class=\"blocks-gallery-item\"><figure><img loading=\"lazy\" decoding=\"async\" width=\"725\" height=\"1024\" src=\"https:\/\/www.allaryia.com\/pearnon\/wp-content\/uploads\/2019\/12\/Pagina_1_Final_Nova_Cor-725x1024.jpg\" alt=\"\" data-id=\"2827\" data-full-url=\"https:\/\/www.allaryia.com\/pearnon\/wp-content\/uploads\/2019\/12\/Pagina_1_Final_Nova_Cor.jpg\" data-link=\"https:\/\/www.allaryia.com\/pearnon\/?attachment_id=2827\" class=\"wp-image-2827\" srcset=\"https:\/\/www.allaryia.com\/pearnon\/wp-content\/uploads\/2019\/12\/Pagina_1_Final_Nova_Cor-725x1024.jpg 725w, https:\/\/www.allaryia.com\/pearnon\/wp-content\/uploads\/2019\/12\/Pagina_1_Final_Nova_Cor-212x300.jpg 212w, https:\/\/www.allaryia.com\/pearnon\/wp-content\/uploads\/2019\/12\/Pagina_1_Final_Nova_Cor-768x1085.jpg 768w, https:\/\/www.allaryia.com\/pearnon\/wp-content\/uploads\/2019\/12\/Pagina_1_Final_Nova_Cor-200x283.jpg 200w, https:\/\/www.allaryia.com\/pearnon\/wp-content\/uploads\/2019\/12\/Pagina_1_Final_Nova_Cor.jpg 906w\" sizes=\"auto, (max-width: 725px) 100vw, 725px\" \/><figcaption class=\"blocks-gallery-item__caption\">Amostra<\/figcaption><\/figure><\/li><li class=\"blocks-gallery-item\"><figure><img loading=\"lazy\" decoding=\"async\" width=\"1024\" height=\"602\" src=\"https:\/\/www.allaryia.com\/pearnon\/wp-content\/uploads\/2019\/12\/gods_cast-1024x602.jpg\" alt=\"\" data-id=\"2828\" data-full-url=\"https:\/\/www.allaryia.com\/pearnon\/wp-content\/uploads\/2019\/12\/gods_cast.jpg\" data-link=\"https:\/\/www.allaryia.com\/pearnon\/?attachment_id=2828\" class=\"wp-image-2828\" srcset=\"https:\/\/www.allaryia.com\/pearnon\/wp-content\/uploads\/2019\/12\/gods_cast-1024x602.jpg 1024w, https:\/\/www.allaryia.com\/pearnon\/wp-content\/uploads\/2019\/12\/gods_cast-300x176.jpg 300w, https:\/\/www.allaryia.com\/pearnon\/wp-content\/uploads\/2019\/12\/gods_cast-768x451.jpg 768w, https:\/\/www.allaryia.com\/pearnon\/wp-content\/uploads\/2019\/12\/gods_cast-200x118.jpg 200w, https:\/\/www.allaryia.com\/pearnon\/wp-content\/uploads\/2019\/12\/gods_cast.jpg 1300w\" sizes=\"auto, (max-width: 1024px) 100vw, 1024px\" \/><figcaption class=\"blocks-gallery-item__caption\">Deuses &#8211; Esbo\u00e7o<\/figcaption><\/figure><\/li><\/ul><\/figure>\n\n\n\n<div class=\"wp-block-button aligncenter is-style-outline is-style-outline--2\"><a class=\"wp-block-button__link\" href=\"https:\/\/www.allaryia.com\/pearnon\/outros-mundos\/\">Voltar<\/a><\/div>\n","protected":false},"excerpt":{"rendered":"<p>No inverno de 1477, Berardo de Varatojo, padre franciscano estigmatizado, viaja para a distante Thule (Isl\u00e2ndia) em busca de respostas para a sua crise de f\u00e9. Contudo, acaba raptado por desconhecidos antes de as conseguir encontrar, e os seus captores afirmam ser deuses, os sete destinados a sobreviver a um Crep\u00fasculo dos Deuses de que [&hellip;]<\/p>\n","protected":false},"author":1,"featured_media":0,"parent":0,"menu_order":0,"comment_status":"closed","ping_status":"closed","template":"","meta":{"site-sidebar-layout":"default","site-content-layout":"default","ast-site-content-layout":"default","site-content-style":"default","site-sidebar-style":"default","ast-global-header-display":"","ast-banner-title-visibility":"","ast-main-header-display":"","ast-hfb-above-header-display":"","ast-hfb-below-header-display":"","ast-hfb-mobile-header-display":"","site-post-title":"","ast-breadcrumbs-content":"","ast-featured-img":"","footer-sml-layout":"","ast-disable-related-posts":"","theme-transparent-header-meta":"default","adv-header-id-meta":"","stick-header-meta":"","header-above-stick-meta":"","header-main-stick-meta":"","header-below-stick-meta":"","astra-migrate-meta-layouts":"default","ast-page-background-enabled":"default","ast-page-background-meta":{"desktop":{"background-color":"","background-image":"","background-repeat":"repeat","background-position":"center center","background-size":"auto","background-attachment":"scroll","background-type":"","background-media":"","overlay-type":"","overlay-color":"","overlay-opacity":"","overlay-gradient":""},"tablet":{"background-color":"","background-image":"","background-repeat":"repeat","background-position":"center center","background-size":"auto","background-attachment":"scroll","background-type":"","background-media":"","overlay-type":"","overlay-color":"","overlay-opacity":"","overlay-gradient":""},"mobile":{"background-color":"","background-image":"","background-repeat":"repeat","background-position":"center center","background-size":"auto","background-attachment":"scroll","background-type":"","background-media":"","overlay-type":"","overlay-color":"","overlay-opacity":"","overlay-gradient":""}},"ast-content-background-meta":{"desktop":{"background-color":"var(--ast-global-color-5)","background-image":"","background-repeat":"repeat","background-position":"center center","background-size":"auto","background-attachment":"scroll","background-type":"","background-media":"","overlay-type":"","overlay-color":"","overlay-opacity":"","overlay-gradient":""},"tablet":{"background-color":"var(--ast-global-color-5)","background-image":"","background-repeat":"repeat","background-position":"center center","background-size":"auto","background-attachment":"scroll","background-type":"","background-media":"","overlay-type":"","overlay-color":"","overlay-opacity":"","overlay-gradient":""},"mobile":{"background-color":"var(--ast-global-color-5)","background-image":"","background-repeat":"repeat","background-position":"center center","background-size":"auto","background-attachment":"scroll","background-type":"","background-media":"","overlay-type":"","overlay-color":"","overlay-opacity":"","overlay-gradient":""}},"footnotes":""},"class_list":["post-2825","page","type-page","status-publish","hentry"],"_links":{"self":[{"href":"https:\/\/www.allaryia.com\/pearnon\/wp-json\/wp\/v2\/pages\/2825","targetHints":{"allow":["GET"]}}],"collection":[{"href":"https:\/\/www.allaryia.com\/pearnon\/wp-json\/wp\/v2\/pages"}],"about":[{"href":"https:\/\/www.allaryia.com\/pearnon\/wp-json\/wp\/v2\/types\/page"}],"author":[{"embeddable":true,"href":"https:\/\/www.allaryia.com\/pearnon\/wp-json\/wp\/v2\/users\/1"}],"replies":[{"embeddable":true,"href":"https:\/\/www.allaryia.com\/pearnon\/wp-json\/wp\/v2\/comments?post=2825"}],"version-history":[{"count":0,"href":"https:\/\/www.allaryia.com\/pearnon\/wp-json\/wp\/v2\/pages\/2825\/revisions"}],"wp:attachment":[{"href":"https:\/\/www.allaryia.com\/pearnon\/wp-json\/wp\/v2\/media?parent=2825"}],"curies":[{"name":"wp","href":"https:\/\/api.w.org\/{rel}","templated":true}]}}