{"id":2881,"date":"2019-12-28T00:41:33","date_gmt":"2019-12-28T00:41:33","guid":{"rendered":"https:\/\/www.allaryia.com\/pearnon\/?page_id=2881"},"modified":"2019-12-28T00:47:48","modified_gmt":"2019-12-28T00:47:48","slug":"manopla","status":"publish","type":"page","link":"https:\/\/www.allaryia.com\/pearnon\/cronicas-de-allaryia\/manopla\/","title":{"rendered":"A Manopla de Karasthan"},"content":{"rendered":"\n<p><em>Na imensid\u00e3o c\u00f3smica existe um mundo, Allaryia, de grandes her\u00f3is e vil\u00f5es infames, de seres de uma beleza indescrit\u00edvel e criaturas mal\u00e9ficas de uma fealdade atroz, na\u00e7\u00f5es poderosas e imp\u00e9rios tir\u00e2nicos. Depois de muitas eras que alternaram entre a paz e a disc\u00f3rdia, Allaryia encontra-se num tempo de aparente tranquilidade, de uma calma inquietante, semelhante ao sil\u00eancio que antecede a tempestade.&nbsp; Algures, numa c\u00e2mara escura, subterr\u00e2nea, algo se move, tentando libertar-se de anos de cativeiro, algo monstruoso, inumano, sedento de sangue e dor. O povo de Allaryia perdeu o seu campe\u00e3o \u2013 Aezrel Thoryn, provavelmente morto numa batalha contra o Flagelo, a for\u00e7a das trevas, em Asmodeon \u2013 e mais do que nunca precisa de protec\u00e7\u00e3o. Aewyre Thoryn, o filho mais novo do saudoso rei, pega em Ancalach, a espada do seu pai, decide descobrir o que realmente lhe aconteceu e parte a caminho de Asmodeon. O que o jovem guerreiro n\u00e3o podia prever era que a sua demanda pessoal se iria transformar, \u00e0 medida que os encontros se v\u00e3o sucedendo, na demanda de um grupo particularmente singular, que reunir\u00e1 a mais estranha e inesperada mistura de seres &#8211; Allumno, um mago, Lhiannah, a bela princesa arinnir, Worick, um thuragar, Quenestil, um eahan, Babaki, um antroleo, Taislin, um burrik, Slayra, uma eahanna negra e o pr\u00f3prio Aewyre. O ritmo a que se sucedem as aventuras \u00e9 absolutamente alucinante, a cada passo surgem perigos mais tenebrosos, seres aterradores que esperam, ocultos nas sombras, o melhor momento para atacar e roubar a t\u00e3o desejada Ancalach\u2026 Mas os la\u00e7os de amizade que unem o grupo est\u00e3o cada vez mais fortes e, juntos, sentem-se capazes de enfrentar qualquer inimigo.<\/em><\/p>\n\n\n\n<p>Foi com este volume que tudo come\u00e7ou. Decis\u00f5es complicadas como optar entre \u00abQuenesti\u00bb e \u00abQuenestil\u00bb tiveram de ser rapidamente tomadas antes da publica\u00e7\u00e3o. Olhando de cima do pedestal que os anos montaram, vejo toda a inexperi\u00eancia patente nos tr\u00e9mulos dedos de um ne\u00f3fito de 16 anos, e n\u00e3o consigo deixar de sorrir com os ocasionalmente dolorosos di\u00e1logos. Por\u00e9m, ainda hoje sinto toda a energia que nele foi investida, a alegria de quem estava a realizar um sonho, o dinamismo de uma escrita pueril, por\u00e9m din\u00e2mica, e julgo que continua a transmitir essas vibra\u00e7\u00f5es. Ficaram plantadas as sementes de um mundo que vai crescendo \u00e0 medida que \u00e9 escrito.<\/p>\n\n\n\n<ul class=\"wp-block-list\"><li><strong>Galard\u00f5es:<\/strong> 2<\/li><li><strong>Palavras:<\/strong> 188.162<\/li><li><strong>P\u00e1ginas (livro):<\/strong> 526<\/li><li><strong>P\u00e1ginas (manuscrito):<\/strong> 594<\/li><li><strong>Tempo de produ\u00e7\u00e3o:<\/strong> 4 anos<\/li><li><strong>Premiado como:<\/strong> \u00abCr\u00f3nicas de Allaryla\u00bb<\/li><li><strong>Tamb\u00e9m premiado como:<\/strong> \u00abCr\u00f3nicas de Allarvia\u00bb<\/li><li><strong>Lapso mais frequente:<\/strong> \u00abA Man\u00e1pula de Karasthan\u00bb<\/li><\/ul>\n\n\n\n<hr class=\"wp-block-separator\"\/>\n\n\n\n<h2 class=\"has-text-align-center wp-block-heading\">Arte<\/h2>\n\n\n\n<hr class=\"wp-block-separator\"\/>\n\n\n\n<figure class=\"wp-block-gallery columns-7 is-cropped wp-block-gallery-1 is-layout-flex wp-block-gallery-is-layout-flex\"><ul class=\"blocks-gallery-grid\"><li class=\"blocks-gallery-item\"><figure><img loading=\"lazy\" decoding=\"async\" width=\"1024\" height=\"772\" src=\"https:\/\/www.allaryia.com\/pearnon\/wp-content\/uploads\/2019\/12\/Estudo-da-capa-Manopla-1024x772.jpg\" alt=\"\" data-id=\"2715\" data-full-url=\"https:\/\/www.allaryia.com\/pearnon\/wp-content\/uploads\/2019\/12\/Estudo-da-capa-Manopla.jpg\" data-link=\"https:\/\/www.allaryia.com\/pearnon\/estudo-da-capa-manopla\/\" class=\"wp-image-2715\" srcset=\"https:\/\/www.allaryia.com\/pearnon\/wp-content\/uploads\/2019\/12\/Estudo-da-capa-Manopla-1024x772.jpg 1024w, https:\/\/www.allaryia.com\/pearnon\/wp-content\/uploads\/2019\/12\/Estudo-da-capa-Manopla-300x226.jpg 300w, https:\/\/www.allaryia.com\/pearnon\/wp-content\/uploads\/2019\/12\/Estudo-da-capa-Manopla-768x579.jpg 768w, https:\/\/www.allaryia.com\/pearnon\/wp-content\/uploads\/2019\/12\/Estudo-da-capa-Manopla.jpg 1159w\" sizes=\"auto, (max-width: 1024px) 100vw, 1024px\" \/><figcaption class=\"blocks-gallery-item__caption\">Estudo da capa original<\/figcaption><\/figure><\/li><li class=\"blocks-gallery-item\"><figure><img loading=\"lazy\" decoding=\"async\" width=\"1024\" height=\"717\" src=\"https:\/\/www.allaryia.com\/pearnon\/wp-content\/uploads\/2019\/12\/Manopla-de-Karasthan-1-1024x717.jpg\" alt=\"\" data-id=\"2719\" data-full-url=\"https:\/\/www.allaryia.com\/pearnon\/wp-content\/uploads\/2019\/12\/Manopla-de-Karasthan-1.jpg\" data-link=\"https:\/\/www.allaryia.com\/pearnon\/manopla-de-karasthan-2\/\" class=\"wp-image-2719\" srcset=\"https:\/\/www.allaryia.com\/pearnon\/wp-content\/uploads\/2019\/12\/Manopla-de-Karasthan-1-1024x717.jpg 1024w, https:\/\/www.allaryia.com\/pearnon\/wp-content\/uploads\/2019\/12\/Manopla-de-Karasthan-1-300x210.jpg 300w, https:\/\/www.allaryia.com\/pearnon\/wp-content\/uploads\/2019\/12\/Manopla-de-Karasthan-1-768x538.jpg 768w, https:\/\/www.allaryia.com\/pearnon\/wp-content\/uploads\/2019\/12\/Manopla-de-Karasthan-1.jpg 1280w\" sizes=\"auto, (max-width: 1024px) 100vw, 1024px\" \/><figcaption class=\"blocks-gallery-item__caption\">Capa original<\/figcaption><\/figure><\/li><li class=\"blocks-gallery-item\"><figure><img loading=\"lazy\" decoding=\"async\" width=\"902\" height=\"896\" src=\"https:\/\/www.allaryia.com\/pearnon\/wp-content\/uploads\/2019\/12\/Manopla_2012_b.jpg\" alt=\"\" data-id=\"2729\" data-full-url=\"https:\/\/www.allaryia.com\/pearnon\/wp-content\/uploads\/2019\/12\/Manopla_2012_b.jpg\" data-link=\"https:\/\/www.allaryia.com\/pearnon\/cronicas-de-allaryia\/a-manopla-de-karasthan\/manopla_2012_b\/\" class=\"wp-image-2729\" srcset=\"https:\/\/www.allaryia.com\/pearnon\/wp-content\/uploads\/2019\/12\/Manopla_2012_b.jpg 902w, https:\/\/www.allaryia.com\/pearnon\/wp-content\/uploads\/2019\/12\/Manopla_2012_b-300x298.jpg 300w, https:\/\/www.allaryia.com\/pearnon\/wp-content\/uploads\/2019\/12\/Manopla_2012_b-150x150.jpg 150w, https:\/\/www.allaryia.com\/pearnon\/wp-content\/uploads\/2019\/12\/Manopla_2012_b-768x763.jpg 768w\" sizes=\"auto, (max-width: 902px) 100vw, 902px\" \/><figcaption class=\"blocks-gallery-item__caption\">Estudo da capa comemorativa<\/figcaption><\/figure><\/li><li class=\"blocks-gallery-item\"><figure><img loading=\"lazy\" decoding=\"async\" width=\"736\" height=\"1024\" src=\"https:\/\/www.allaryia.com\/pearnon\/wp-content\/uploads\/2019\/12\/Manopla-2012-736x1024.jpg\" alt=\"\" data-id=\"2716\" data-full-url=\"https:\/\/www.allaryia.com\/pearnon\/wp-content\/uploads\/2019\/12\/Manopla-2012.jpg\" data-link=\"https:\/\/www.allaryia.com\/pearnon\/manopla-2012\/\" class=\"wp-image-2716\" srcset=\"https:\/\/www.allaryia.com\/pearnon\/wp-content\/uploads\/2019\/12\/Manopla-2012-736x1024.jpg 736w, https:\/\/www.allaryia.com\/pearnon\/wp-content\/uploads\/2019\/12\/Manopla-2012-216x300.jpg 216w, https:\/\/www.allaryia.com\/pearnon\/wp-content\/uploads\/2019\/12\/Manopla-2012-768x1069.jpg 768w, https:\/\/www.allaryia.com\/pearnon\/wp-content\/uploads\/2019\/12\/Manopla-2012-1104x1536.jpg 1104w, https:\/\/www.allaryia.com\/pearnon\/wp-content\/uploads\/2019\/12\/Manopla-2012.jpg 1472w\" sizes=\"auto, (max-width: 736px) 100vw, 736px\" \/><figcaption class=\"blocks-gallery-item__caption\">Edi\u00e7\u00e3o comemorativa<\/figcaption><\/figure><\/li><li class=\"blocks-gallery-item\"><figure><img loading=\"lazy\" decoding=\"async\" width=\"644\" height=\"1024\" src=\"https:\/\/www.allaryia.com\/pearnon\/wp-content\/uploads\/2017\/06\/lamanoplade-Karasthan-644x1024.jpg\" alt=\"\" data-id=\"1811\" data-full-url=\"https:\/\/www.allaryia.com\/pearnon\/wp-content\/uploads\/2017\/06\/lamanoplade-Karasthan.jpg\" data-link=\"https:\/\/www.allaryia.com\/pearnon\/2017\/06\/24\/aconteceu-por-fim\/lamanoplade-karasthan\/\" class=\"wp-image-1811\" srcset=\"https:\/\/www.allaryia.com\/pearnon\/wp-content\/uploads\/2017\/06\/lamanoplade-Karasthan-644x1024.jpg 644w, https:\/\/www.allaryia.com\/pearnon\/wp-content\/uploads\/2017\/06\/lamanoplade-Karasthan-189x300.jpg 189w, https:\/\/www.allaryia.com\/pearnon\/wp-content\/uploads\/2017\/06\/lamanoplade-Karasthan-768x1221.jpg 768w, https:\/\/www.allaryia.com\/pearnon\/wp-content\/uploads\/2017\/06\/lamanoplade-Karasthan.jpg 797w\" sizes=\"auto, (max-width: 644px) 100vw, 644px\" \/><figcaption class=\"blocks-gallery-item__caption\">Edi\u00e7\u00e3o mexicana<\/figcaption><\/figure><\/li><li class=\"blocks-gallery-item\"><figure><img loading=\"lazy\" decoding=\"async\" width=\"686\" height=\"1024\" src=\"https:\/\/www.allaryia.com\/pearnon\/wp-content\/uploads\/2019\/12\/Aewyre-3-686x1024.jpg\" alt=\"\" data-id=\"2621\" data-full-url=\"https:\/\/www.allaryia.com\/pearnon\/wp-content\/uploads\/2019\/12\/Aewyre-3.jpg\" data-link=\"https:\/\/www.allaryia.com\/pearnon\/aewyre-3\/\" class=\"wp-image-2621\" srcset=\"https:\/\/www.allaryia.com\/pearnon\/wp-content\/uploads\/2019\/12\/Aewyre-3-686x1024.jpg 686w, https:\/\/www.allaryia.com\/pearnon\/wp-content\/uploads\/2019\/12\/Aewyre-3-201x300.jpg 201w, https:\/\/www.allaryia.com\/pearnon\/wp-content\/uploads\/2019\/12\/Aewyre-3-768x1147.jpg 768w, https:\/\/www.allaryia.com\/pearnon\/wp-content\/uploads\/2019\/12\/Aewyre-3.jpg 917w\" sizes=\"auto, (max-width: 686px) 100vw, 686px\" \/><figcaption class=\"blocks-gallery-item__caption\">Aewyre<\/figcaption><\/figure><\/li><li class=\"blocks-gallery-item\"><figure><img loading=\"lazy\" decoding=\"async\" width=\"728\" height=\"881\" src=\"https:\/\/www.allaryia.com\/pearnon\/wp-content\/uploads\/2019\/12\/Allumno.jpg\" alt=\"\" data-id=\"2623\" data-full-url=\"https:\/\/www.allaryia.com\/pearnon\/wp-content\/uploads\/2019\/12\/Allumno.jpg\" data-link=\"https:\/\/www.allaryia.com\/pearnon\/allumno\/\" class=\"wp-image-2623\" srcset=\"https:\/\/www.allaryia.com\/pearnon\/wp-content\/uploads\/2019\/12\/Allumno.jpg 728w, https:\/\/www.allaryia.com\/pearnon\/wp-content\/uploads\/2019\/12\/Allumno-248x300.jpg 248w\" sizes=\"auto, (max-width: 728px) 100vw, 728px\" \/><figcaption class=\"blocks-gallery-item__caption\">Allumno<\/figcaption><\/figure><\/li><li class=\"blocks-gallery-item\"><figure><img loading=\"lazy\" decoding=\"async\" width=\"744\" height=\"944\" src=\"https:\/\/www.allaryia.com\/pearnon\/wp-content\/uploads\/2019\/12\/Babaki.jpg\" alt=\"\" data-id=\"2625\" data-full-url=\"https:\/\/www.allaryia.com\/pearnon\/wp-content\/uploads\/2019\/12\/Babaki.jpg\" data-link=\"https:\/\/www.allaryia.com\/pearnon\/babaki\/\" class=\"wp-image-2625\" srcset=\"https:\/\/www.allaryia.com\/pearnon\/wp-content\/uploads\/2019\/12\/Babaki.jpg 744w, https:\/\/www.allaryia.com\/pearnon\/wp-content\/uploads\/2019\/12\/Babaki-236x300.jpg 236w\" sizes=\"auto, (max-width: 744px) 100vw, 744px\" \/><figcaption class=\"blocks-gallery-item__caption\">Babaki<\/figcaption><\/figure><\/li><li class=\"blocks-gallery-item\"><figure><img loading=\"lazy\" decoding=\"async\" width=\"726\" height=\"1024\" src=\"https:\/\/www.allaryia.com\/pearnon\/wp-content\/uploads\/2019\/12\/Kror-726x1024.jpg\" alt=\"\" data-id=\"2634\" data-full-url=\"https:\/\/www.allaryia.com\/pearnon\/wp-content\/uploads\/2019\/12\/Kror.jpg\" data-link=\"https:\/\/www.allaryia.com\/pearnon\/kror\/\" class=\"wp-image-2634\" srcset=\"https:\/\/www.allaryia.com\/pearnon\/wp-content\/uploads\/2019\/12\/Kror-726x1024.jpg 726w, https:\/\/www.allaryia.com\/pearnon\/wp-content\/uploads\/2019\/12\/Kror-213x300.jpg 213w, https:\/\/www.allaryia.com\/pearnon\/wp-content\/uploads\/2019\/12\/Kror-768x1083.jpg 768w, https:\/\/www.allaryia.com\/pearnon\/wp-content\/uploads\/2019\/12\/Kror.jpg 790w\" sizes=\"auto, (max-width: 726px) 100vw, 726px\" \/><figcaption class=\"blocks-gallery-item__caption\">Kror<\/figcaption><\/figure><\/li><li class=\"blocks-gallery-item\"><figure><img loading=\"lazy\" decoding=\"async\" width=\"615\" height=\"990\" src=\"https:\/\/www.allaryia.com\/pearnon\/wp-content\/uploads\/2019\/12\/Lhiannah-3.jpg\" alt=\"\" data-id=\"2635\" data-full-url=\"https:\/\/www.allaryia.com\/pearnon\/wp-content\/uploads\/2019\/12\/Lhiannah-3.jpg\" data-link=\"https:\/\/www.allaryia.com\/pearnon\/lhiannah-3\/\" class=\"wp-image-2635\" srcset=\"https:\/\/www.allaryia.com\/pearnon\/wp-content\/uploads\/2019\/12\/Lhiannah-3.jpg 615w, https:\/\/www.allaryia.com\/pearnon\/wp-content\/uploads\/2019\/12\/Lhiannah-3-186x300.jpg 186w\" sizes=\"auto, (max-width: 615px) 100vw, 615px\" \/><figcaption class=\"blocks-gallery-item__caption\">Lhiannah<\/figcaption><\/figure><\/li><li class=\"blocks-gallery-item\"><figure><img loading=\"lazy\" decoding=\"async\" width=\"875\" height=\"1021\" src=\"https:\/\/www.allaryia.com\/pearnon\/wp-content\/uploads\/2019\/12\/Quenestil.jpg\" alt=\"\" data-id=\"2638\" data-full-url=\"https:\/\/www.allaryia.com\/pearnon\/wp-content\/uploads\/2019\/12\/Quenestil.jpg\" data-link=\"https:\/\/www.allaryia.com\/pearnon\/quenestil\/\" class=\"wp-image-2638\" srcset=\"https:\/\/www.allaryia.com\/pearnon\/wp-content\/uploads\/2019\/12\/Quenestil.jpg 875w, https:\/\/www.allaryia.com\/pearnon\/wp-content\/uploads\/2019\/12\/Quenestil-257x300.jpg 257w, https:\/\/www.allaryia.com\/pearnon\/wp-content\/uploads\/2019\/12\/Quenestil-768x896.jpg 768w\" sizes=\"auto, (max-width: 875px) 100vw, 875px\" \/><figcaption class=\"blocks-gallery-item__caption\">Quenestil<\/figcaption><\/figure><\/li><li class=\"blocks-gallery-item\"><figure><img loading=\"lazy\" decoding=\"async\" width=\"683\" height=\"843\" src=\"https:\/\/www.allaryia.com\/pearnon\/wp-content\/uploads\/2019\/12\/Slayra.jpg\" alt=\"\" data-id=\"2641\" data-full-url=\"https:\/\/www.allaryia.com\/pearnon\/wp-content\/uploads\/2019\/12\/Slayra.jpg\" data-link=\"https:\/\/www.allaryia.com\/pearnon\/slayra\/\" class=\"wp-image-2641\" srcset=\"https:\/\/www.allaryia.com\/pearnon\/wp-content\/uploads\/2019\/12\/Slayra.jpg 683w, https:\/\/www.allaryia.com\/pearnon\/wp-content\/uploads\/2019\/12\/Slayra-243x300.jpg 243w\" sizes=\"auto, (max-width: 683px) 100vw, 683px\" \/><figcaption class=\"blocks-gallery-item__caption\">Slayra<\/figcaption><\/figure><\/li><li class=\"blocks-gallery-item\"><figure><img loading=\"lazy\" decoding=\"async\" width=\"633\" height=\"671\" src=\"https:\/\/www.allaryia.com\/pearnon\/wp-content\/uploads\/2019\/12\/Taislin.jpg\" alt=\"\" data-id=\"2643\" data-full-url=\"https:\/\/www.allaryia.com\/pearnon\/wp-content\/uploads\/2019\/12\/Taislin.jpg\" data-link=\"https:\/\/www.allaryia.com\/pearnon\/taislin\/\" class=\"wp-image-2643\" srcset=\"https:\/\/www.allaryia.com\/pearnon\/wp-content\/uploads\/2019\/12\/Taislin.jpg 633w, https:\/\/www.allaryia.com\/pearnon\/wp-content\/uploads\/2019\/12\/Taislin-283x300.jpg 283w\" sizes=\"auto, (max-width: 633px) 100vw, 633px\" \/><figcaption class=\"blocks-gallery-item__caption\">Taislin<\/figcaption><\/figure><\/li><li class=\"blocks-gallery-item\"><figure><img loading=\"lazy\" decoding=\"async\" width=\"709\" height=\"991\" src=\"https:\/\/www.allaryia.com\/pearnon\/wp-content\/uploads\/2019\/12\/Worick.jpg\" alt=\"\" data-id=\"2648\" data-full-url=\"https:\/\/www.allaryia.com\/pearnon\/wp-content\/uploads\/2019\/12\/Worick.jpg\" data-link=\"https:\/\/www.allaryia.com\/pearnon\/worick\/\" class=\"wp-image-2648\" srcset=\"https:\/\/www.allaryia.com\/pearnon\/wp-content\/uploads\/2019\/12\/Worick.jpg 709w, https:\/\/www.allaryia.com\/pearnon\/wp-content\/uploads\/2019\/12\/Worick-215x300.jpg 215w\" sizes=\"auto, (max-width: 709px) 100vw, 709px\" \/><figcaption class=\"blocks-gallery-item__caption\">Worick<\/figcaption><\/figure><\/li><\/ul><\/figure>\n\n\n\n<p><\/p>\n\n\n\n<div class=\"wp-block-button aligncenter is-style-outline is-style-outline--2\"><a class=\"wp-block-button__link\" href=\"https:\/\/www.allaryia.com\/pearnon\/cronicas-de-allaryia\/\">Voltar<\/a><\/div>\n","protected":false},"excerpt":{"rendered":"<p>Na imensid\u00e3o c\u00f3smica existe um mundo, Allaryia, de grandes her\u00f3is e vil\u00f5es infames, de seres de uma beleza indescrit\u00edvel e criaturas mal\u00e9ficas de uma fealdade atroz, na\u00e7\u00f5es poderosas e imp\u00e9rios tir\u00e2nicos. Depois de muitas eras que alternaram entre a paz e a disc\u00f3rdia, Allaryia encontra-se num tempo de aparente tranquilidade, de uma calma inquietante, semelhante [&hellip;]<\/p>\n","protected":false},"author":1,"featured_media":0,"parent":2836,"menu_order":0,"comment_status":"closed","ping_status":"closed","template":"","meta":{"site-sidebar-layout":"default","site-content-layout":"default","ast-site-content-layout":"default","site-content-style":"default","site-sidebar-style":"default","ast-global-header-display":"","ast-banner-title-visibility":"","ast-main-header-display":"","ast-hfb-above-header-display":"","ast-hfb-below-header-display":"","ast-hfb-mobile-header-display":"","site-post-title":"","ast-breadcrumbs-content":"","ast-featured-img":"","footer-sml-layout":"","ast-disable-related-posts":"","theme-transparent-header-meta":"default","adv-header-id-meta":"","stick-header-meta":"","header-above-stick-meta":"","header-main-stick-meta":"","header-below-stick-meta":"","astra-migrate-meta-layouts":"default","ast-page-background-enabled":"default","ast-page-background-meta":{"desktop":{"background-color":"","background-image":"","background-repeat":"repeat","background-position":"center center","background-size":"auto","background-attachment":"scroll","background-type":"","background-media":"","overlay-type":"","overlay-color":"","overlay-opacity":"","overlay-gradient":""},"tablet":{"background-color":"","background-image":"","background-repeat":"repeat","background-position":"center center","background-size":"auto","background-attachment":"scroll","background-type":"","background-media":"","overlay-type":"","overlay-color":"","overlay-opacity":"","overlay-gradient":""},"mobile":{"background-color":"","background-image":"","background-repeat":"repeat","background-position":"center center","background-size":"auto","background-attachment":"scroll","background-type":"","background-media":"","overlay-type":"","overlay-color":"","overlay-opacity":"","overlay-gradient":""}},"ast-content-background-meta":{"desktop":{"background-color":"var(--ast-global-color-5)","background-image":"","background-repeat":"repeat","background-position":"center center","background-size":"auto","background-attachment":"scroll","background-type":"","background-media":"","overlay-type":"","overlay-color":"","overlay-opacity":"","overlay-gradient":""},"tablet":{"background-color":"var(--ast-global-color-5)","background-image":"","background-repeat":"repeat","background-position":"center center","background-size":"auto","background-attachment":"scroll","background-type":"","background-media":"","overlay-type":"","overlay-color":"","overlay-opacity":"","overlay-gradient":""},"mobile":{"background-color":"var(--ast-global-color-5)","background-image":"","background-repeat":"repeat","background-position":"center center","background-size":"auto","background-attachment":"scroll","background-type":"","background-media":"","overlay-type":"","overlay-color":"","overlay-opacity":"","overlay-gradient":""}},"footnotes":""},"class_list":["post-2881","page","type-page","status-publish","hentry"],"_links":{"self":[{"href":"https:\/\/www.allaryia.com\/pearnon\/wp-json\/wp\/v2\/pages\/2881","targetHints":{"allow":["GET"]}}],"collection":[{"href":"https:\/\/www.allaryia.com\/pearnon\/wp-json\/wp\/v2\/pages"}],"about":[{"href":"https:\/\/www.allaryia.com\/pearnon\/wp-json\/wp\/v2\/types\/page"}],"author":[{"embeddable":true,"href":"https:\/\/www.allaryia.com\/pearnon\/wp-json\/wp\/v2\/users\/1"}],"replies":[{"embeddable":true,"href":"https:\/\/www.allaryia.com\/pearnon\/wp-json\/wp\/v2\/comments?post=2881"}],"version-history":[{"count":1,"href":"https:\/\/www.allaryia.com\/pearnon\/wp-json\/wp\/v2\/pages\/2881\/revisions"}],"predecessor-version":[{"id":3858,"href":"https:\/\/www.allaryia.com\/pearnon\/wp-json\/wp\/v2\/pages\/2881\/revisions\/3858"}],"up":[{"embeddable":true,"href":"https:\/\/www.allaryia.com\/pearnon\/wp-json\/wp\/v2\/pages\/2836"}],"wp:attachment":[{"href":"https:\/\/www.allaryia.com\/pearnon\/wp-json\/wp\/v2\/media?parent=2881"}],"curies":[{"name":"wp","href":"https:\/\/api.w.org\/{rel}","templated":true}]}}