{"id":2885,"date":"2019-12-28T00:45:35","date_gmt":"2019-12-28T00:45:35","guid":{"rendered":"https:\/\/www.allaryia.com\/pearnon\/?page_id=2885"},"modified":"2019-12-28T00:47:30","modified_gmt":"2019-12-28T00:47:30","slug":"filhos","status":"publish","type":"page","link":"https:\/\/www.allaryia.com\/pearnon\/cronicas-de-allaryia\/filhos\/","title":{"rendered":"Filhos do Flagelo"},"content":{"rendered":"\n<p><em>A demanda de Aewyre e dos seus companheiros prossegue, na tentativa de chegar a Asmodeon e levantar o v\u00e9u de mist\u00e9rio que envolve o desaparecimento de Aezrel Thoryn, mas muitas s\u00e3o as adversidades que t\u00eam de enfrentar a caminho do seu destino. Separados, os companheiros mais que nunca dependem uns dos outros para sobreviverem \u00e0s prova\u00e7\u00f5es que se lhes deparar\u00e3o: vol2 Quenestil e Babaki, que partiram em busca de Slayra e dos seus captores, e o resto do grupo, que segue para as in\u00f3spitas estepes de Karatai em persegui\u00e7\u00e3o de Kror, o enigm\u00e1tico drahreg que partilha com o jovem Thoryn a Ess\u00eancia da L\u00e2mina, um segredo milenar dos guerreiros de Allaryia. A sa\u00edda de Ancalach, a Espada dos Reis, do reino de Ul-Thoryn, fez despertar de um longo torpor os filhos da Sombra, come\u00e7ando a libertar a sua p\u00e9rfida influ\u00eancia maligna. Insidiosamente, a coberto das sombras, nos obscuros espa\u00e7os das trevas, o Mal vai estendendo os seus m\u00faltiplos e mort\u00edferos tent\u00e1culos, antecipando o abra\u00e7o letal, e tornando, a cada momento, mais vis\u00edveis os contornos tenebrosos das suas reais inten\u00e7\u00f5es. H\u00e1 um perigo oculto do qual as gentes de Allaryia ainda n\u00e3o se aperceberam e Pearnon, o Escriba, pressente-o sem o poder transmitir. A determina\u00e7\u00e3o e a for\u00e7a de armas de Aewyre e seus companheiros ser\u00e3o certamente postas \u00e0 prova nos tempos vindouros\u2026<\/em><\/p>\n\n\n\n<p><em>A Manopla de Karasthan<\/em> saiu em Abril de 2001, e <em>Os Filhos do Flagelo<\/em> seguiram-se-lhe em Dezembro do mesmo ano, n\u00e3o por eu o ter escrito \u00e0 pressa, mas porque j\u00e1 come\u00e7ara antes sequer de saber os resultados do Pr\u00e9mio Branquinho da Fonseca. Por esta altura, Allaryia come\u00e7ava a desenvolver-se mais como mundo, tornando-se lentamente em algo mais que um ringue de boxe com uma hist\u00f3ria da cria\u00e7\u00e3o. Em parte devido \u00e0 j\u00e1 infame estrutura de \u00abdois grupos, duas linhas de enredo\u00bb, fui-me deixando cativar por outros prazeres na escrita al\u00e9m da descri\u00e7\u00e3o de combates (que contudo permanece a minha favorita), e as cr\u00edticas levam-me a crer que isso transparece neste livro.<\/p>\n\n\n\n<ul class=\"wp-block-list\"><li><strong>Palavras: <\/strong>162.508<\/li><li> <strong>P\u00e1ginas (livro):<\/strong> 444<\/li><li> <strong>P\u00e1ginas (manuscrito): <\/strong>543<\/li><li> <strong>Tempo de produ\u00e7\u00e3o:<\/strong> 1 ano<\/li><li> <strong>Frase mais marcante:<\/strong> \u00abVamos fazer um beb\u00e9.\u00bb<\/li><li> <strong>Espa\u00e7o de publica\u00e7\u00e3o entre a Manopla:<\/strong> 8 meses<\/li><li> <strong>Queixas devido a uma certa morte:<\/strong> Bastantes<\/li><\/ul>\n\n\n\n<hr class=\"wp-block-separator\"\/>\n\n\n\n<h2 class=\"has-text-align-center wp-block-heading\">Arte<\/h2>\n\n\n\n<hr class=\"wp-block-separator\"\/>\n\n\n\n<figure class=\"wp-block-gallery columns-5 is-cropped wp-block-gallery-1 is-layout-flex wp-block-gallery-is-layout-flex\"><ul class=\"blocks-gallery-grid\"><li class=\"blocks-gallery-item\"><figure><img loading=\"lazy\" decoding=\"async\" width=\"1024\" height=\"720\" src=\"https:\/\/www.allaryia.com\/pearnon\/wp-content\/uploads\/slider3\/FilhosdoFlagelo-1024x720.jpeg\" alt=\"\" data-id=\"2580\" data-full-url=\"https:\/\/www.allaryia.com\/pearnon\/wp-content\/uploads\/slider3\/FilhosdoFlagelo.jpeg\" data-link=\"https:\/\/www.allaryia.com\/pearnon\/filhosdoflagelo\/\" class=\"wp-image-2580\" srcset=\"https:\/\/www.allaryia.com\/pearnon\/wp-content\/uploads\/slider3\/FilhosdoFlagelo-1024x720.jpeg 1024w, https:\/\/www.allaryia.com\/pearnon\/wp-content\/uploads\/slider3\/FilhosdoFlagelo-300x211.jpeg 300w, https:\/\/www.allaryia.com\/pearnon\/wp-content\/uploads\/slider3\/FilhosdoFlagelo-768x540.jpeg 768w, https:\/\/www.allaryia.com\/pearnon\/wp-content\/uploads\/slider3\/FilhosdoFlagelo.jpeg 1280w\" sizes=\"auto, (max-width: 1024px) 100vw, 1024px\" \/><figcaption class=\"blocks-gallery-item__caption\">Capa original<\/figcaption><\/figure><\/li><li class=\"blocks-gallery-item\"><figure><img loading=\"lazy\" decoding=\"async\" width=\"745\" height=\"1024\" src=\"https:\/\/www.allaryia.com\/pearnon\/wp-content\/uploads\/2019\/12\/Baodegoth_Cor-745x1024.jpg\" alt=\"\" data-id=\"2751\" data-full-url=\"https:\/\/www.allaryia.com\/pearnon\/wp-content\/uploads\/2019\/12\/Baodegoth_Cor.jpg\" data-link=\"https:\/\/www.allaryia.com\/pearnon\/cronicas-de-allaryia\/os-filhos-do-flagelo\/baodegoth_cor\/\" class=\"wp-image-2751\" srcset=\"https:\/\/www.allaryia.com\/pearnon\/wp-content\/uploads\/2019\/12\/Baodegoth_Cor-745x1024.jpg 745w, https:\/\/www.allaryia.com\/pearnon\/wp-content\/uploads\/2019\/12\/Baodegoth_Cor-218x300.jpg 218w, https:\/\/www.allaryia.com\/pearnon\/wp-content\/uploads\/2019\/12\/Baodegoth_Cor-768x1056.jpg 768w, https:\/\/www.allaryia.com\/pearnon\/wp-content\/uploads\/2019\/12\/Baodegoth_Cor-200x275.jpg 200w, https:\/\/www.allaryia.com\/pearnon\/wp-content\/uploads\/2019\/12\/Baodegoth_Cor.jpg 874w\" sizes=\"auto, (max-width: 745px) 100vw, 745px\" \/><figcaption class=\"blocks-gallery-item__caption\">Esbo\u00e7o colorido do Baodegoth<\/figcaption><\/figure><\/li><li class=\"blocks-gallery-item\"><figure><img loading=\"lazy\" decoding=\"async\" width=\"600\" height=\"888\" src=\"https:\/\/www.allaryia.com\/pearnon\/wp-content\/uploads\/2019\/12\/Slayrarough.jpg\" alt=\"\" data-id=\"2752\" data-full-url=\"https:\/\/www.allaryia.com\/pearnon\/wp-content\/uploads\/2019\/12\/Slayrarough.jpg\" data-link=\"https:\/\/www.allaryia.com\/pearnon\/cronicas-de-allaryia\/os-filhos-do-flagelo\/slayrarough\/\" class=\"wp-image-2752\" srcset=\"https:\/\/www.allaryia.com\/pearnon\/wp-content\/uploads\/2019\/12\/Slayrarough.jpg 600w, https:\/\/www.allaryia.com\/pearnon\/wp-content\/uploads\/2019\/12\/Slayrarough-203x300.jpg 203w, https:\/\/www.allaryia.com\/pearnon\/wp-content\/uploads\/2019\/12\/Slayrarough-200x296.jpg 200w\" sizes=\"auto, (max-width: 600px) 100vw, 600px\" \/><figcaption class=\"blocks-gallery-item__caption\">Pr\u00e9mio do vencedor do concurso de f\u00e3s<\/figcaption><\/figure><\/li><li class=\"blocks-gallery-item\"><figure><img loading=\"lazy\" decoding=\"async\" width=\"676\" height=\"880\" src=\"https:\/\/www.allaryia.com\/pearnon\/wp-content\/uploads\/2019\/12\/Tannath2.jpg\" alt=\"\" data-id=\"2645\" data-full-url=\"https:\/\/www.allaryia.com\/pearnon\/wp-content\/uploads\/2019\/12\/Tannath2.jpg\" data-link=\"https:\/\/www.allaryia.com\/pearnon\/tannath2\/\" class=\"wp-image-2645\" srcset=\"https:\/\/www.allaryia.com\/pearnon\/wp-content\/uploads\/2019\/12\/Tannath2.jpg 676w, https:\/\/www.allaryia.com\/pearnon\/wp-content\/uploads\/2019\/12\/Tannath2-230x300.jpg 230w\" sizes=\"auto, (max-width: 676px) 100vw, 676px\" \/><figcaption class=\"blocks-gallery-item__caption\">Tannath<\/figcaption><\/figure><\/li><li class=\"blocks-gallery-item\"><figure><img loading=\"lazy\" decoding=\"async\" width=\"721\" height=\"973\" src=\"https:\/\/www.allaryia.com\/pearnon\/wp-content\/uploads\/2019\/12\/Nycataal.jpg\" alt=\"\" data-id=\"2637\" data-full-url=\"https:\/\/www.allaryia.com\/pearnon\/wp-content\/uploads\/2019\/12\/Nycataal.jpg\" data-link=\"https:\/\/www.allaryia.com\/pearnon\/nycataal\/\" class=\"wp-image-2637\" srcset=\"https:\/\/www.allaryia.com\/pearnon\/wp-content\/uploads\/2019\/12\/Nycataal.jpg 721w, https:\/\/www.allaryia.com\/pearnon\/wp-content\/uploads\/2019\/12\/Nycataal-222x300.jpg 222w\" sizes=\"auto, (max-width: 721px) 100vw, 721px\" \/><figcaption class=\"blocks-gallery-item__caption\">Nycataal<\/figcaption><\/figure><\/li><\/ul><\/figure>\n\n\n\n<div class=\"wp-block-button aligncenter is-style-outline is-style-outline--2\"><a class=\"wp-block-button__link\" href=\"https:\/\/www.allaryia.com\/pearnon\/cronicas-de-allaryia\/\">Voltar<\/a><\/div>\n","protected":false},"excerpt":{"rendered":"<p>A demanda de Aewyre e dos seus companheiros prossegue, na tentativa de chegar a Asmodeon e levantar o v\u00e9u de mist\u00e9rio que envolve o desaparecimento de Aezrel Thoryn, mas muitas s\u00e3o as adversidades que t\u00eam de enfrentar a caminho do seu destino. Separados, os companheiros mais que nunca dependem uns dos outros para sobreviverem \u00e0s [&hellip;]<\/p>\n","protected":false},"author":1,"featured_media":0,"parent":2836,"menu_order":0,"comment_status":"closed","ping_status":"closed","template":"","meta":{"site-sidebar-layout":"default","site-content-layout":"default","ast-site-content-layout":"default","site-content-style":"default","site-sidebar-style":"default","ast-global-header-display":"","ast-banner-title-visibility":"","ast-main-header-display":"","ast-hfb-above-header-display":"","ast-hfb-below-header-display":"","ast-hfb-mobile-header-display":"","site-post-title":"","ast-breadcrumbs-content":"","ast-featured-img":"","footer-sml-layout":"","ast-disable-related-posts":"","theme-transparent-header-meta":"default","adv-header-id-meta":"","stick-header-meta":"","header-above-stick-meta":"","header-main-stick-meta":"","header-below-stick-meta":"","astra-migrate-meta-layouts":"default","ast-page-background-enabled":"default","ast-page-background-meta":{"desktop":{"background-color":"","background-image":"","background-repeat":"repeat","background-position":"center center","background-size":"auto","background-attachment":"scroll","background-type":"","background-media":"","overlay-type":"","overlay-color":"","overlay-opacity":"","overlay-gradient":""},"tablet":{"background-color":"","background-image":"","background-repeat":"repeat","background-position":"center center","background-size":"auto","background-attachment":"scroll","background-type":"","background-media":"","overlay-type":"","overlay-color":"","overlay-opacity":"","overlay-gradient":""},"mobile":{"background-color":"","background-image":"","background-repeat":"repeat","background-position":"center center","background-size":"auto","background-attachment":"scroll","background-type":"","background-media":"","overlay-type":"","overlay-color":"","overlay-opacity":"","overlay-gradient":""}},"ast-content-background-meta":{"desktop":{"background-color":"var(--ast-global-color-5)","background-image":"","background-repeat":"repeat","background-position":"center center","background-size":"auto","background-attachment":"scroll","background-type":"","background-media":"","overlay-type":"","overlay-color":"","overlay-opacity":"","overlay-gradient":""},"tablet":{"background-color":"var(--ast-global-color-5)","background-image":"","background-repeat":"repeat","background-position":"center center","background-size":"auto","background-attachment":"scroll","background-type":"","background-media":"","overlay-type":"","overlay-color":"","overlay-opacity":"","overlay-gradient":""},"mobile":{"background-color":"var(--ast-global-color-5)","background-image":"","background-repeat":"repeat","background-position":"center center","background-size":"auto","background-attachment":"scroll","background-type":"","background-media":"","overlay-type":"","overlay-color":"","overlay-opacity":"","overlay-gradient":""}},"footnotes":""},"class_list":["post-2885","page","type-page","status-publish","hentry"],"_links":{"self":[{"href":"https:\/\/www.allaryia.com\/pearnon\/wp-json\/wp\/v2\/pages\/2885","targetHints":{"allow":["GET"]}}],"collection":[{"href":"https:\/\/www.allaryia.com\/pearnon\/wp-json\/wp\/v2\/pages"}],"about":[{"href":"https:\/\/www.allaryia.com\/pearnon\/wp-json\/wp\/v2\/types\/page"}],"author":[{"embeddable":true,"href":"https:\/\/www.allaryia.com\/pearnon\/wp-json\/wp\/v2\/users\/1"}],"replies":[{"embeddable":true,"href":"https:\/\/www.allaryia.com\/pearnon\/wp-json\/wp\/v2\/comments?post=2885"}],"version-history":[{"count":0,"href":"https:\/\/www.allaryia.com\/pearnon\/wp-json\/wp\/v2\/pages\/2885\/revisions"}],"up":[{"embeddable":true,"href":"https:\/\/www.allaryia.com\/pearnon\/wp-json\/wp\/v2\/pages\/2836"}],"wp:attachment":[{"href":"https:\/\/www.allaryia.com\/pearnon\/wp-json\/wp\/v2\/media?parent=2885"}],"curies":[{"name":"wp","href":"https:\/\/api.w.org\/{rel}","templated":true}]}}