{"id":3014,"date":"2020-08-19T02:21:27","date_gmt":"2020-08-19T01:21:27","guid":{"rendered":"https:\/\/www.allaryia.com\/pearnon\/?page_id=3014"},"modified":"2020-08-19T02:21:28","modified_gmt":"2020-08-19T01:21:28","slug":"a-oitava-era","status":"publish","type":"page","link":"https:\/\/www.allaryia.com\/pearnon\/a-oitava-era\/","title":{"rendered":"A Oitava Era"},"content":{"rendered":"\n<p><em>Volvidos vinte anos desde o Obl\u00edvio, Allaryia \u00e9, agora, um mundo bem diferente. Um mundo sem deuses, sem rumo\u2026 e sem no\u00e7\u00e3o do que a\u00ed vem, pois os Filhos do Caos despertaram.<\/em><\/p>\n\n\n\n<p><em>Aewyre Thoryn, o her\u00f3i que destruiu O Flagelo, percebeu que, ao matar o pretenso maior inimigo de Allaryia, pode ter matado tamb\u00e9m o \u00fanico ser que a poderia salvar. Agora, ele, os seus companheiros e os respectivos filhos ter\u00e3o de se haver com a maior amea\u00e7a que o mundo jamais enfrentou. Mas, para isso, ter\u00e3o primeiro de conseguir convencer os potentados de Allaryia de que ela existe.<\/em><\/p>\n\n\n\n<p><em>Este \u00e9 o regresso triunfal ao primeiro mundo de fantasia \u00e9pica da literatura portuguesa, numa epopeia inesquec\u00edvel que marca o princ\u00edpio da conclus\u00e3o da saga que cativou toda uma gera\u00e7\u00e3o de leitores.<\/em><\/p>\n\n\n\n<p>Volvidos quase dez anos em tempo real desde o <em>Obl\u00edvio, <\/em>regressei por fim a Allaryia. Imagino que quem esperou n\u00e3o h\u00e1-de ter achado grande piada, mas foi de facto uma pausa necess\u00e1ria a todos os n\u00edveis para mim. Senti-me revigorado e com ideias maturadas, tal como o comprovou a velocidade com que escrevi o volume (um recorde apenas batido pelos inexplic\u00e1veis 9 meses do <em>Mar\u00e9s Negras, <\/em>que ainda hoje n\u00e3o consigo explicar). Foi um misto de nostalgia e empolgamento com o que ainda est\u00e1 para vir, bem como um reencontro com velhos amigos que nunca deixaram verdadeiramente de me acompanhar e que esperavam apenas que eu estivesse pronto para retomarmos as nossas aventuras.<\/p>\n\n\n\n<ul class=\"wp-block-list\"><li><strong>Palavras:\u00a0<\/strong>147,802<\/li><li><strong>P\u00e1ginas (livro):<\/strong>\u00a0389<\/li><li><strong>P\u00e1ginas (manuscrito):\u00a0<\/strong>208<\/li><li><strong>Tempo de produ\u00e7\u00e3o:<\/strong>\u00a0361 dias<\/li><li><strong>L\u00e1grimas vertidas no \u00faltimo cap\u00edtulo:<\/strong>\u00a0Algumas<\/li><li><strong>Maior quez\u00edlia com o revisor:\u00a0<\/strong>Forma irregular de verbos com duplo partic\u00edpio passado<\/li><\/ul>\n","protected":false},"excerpt":{"rendered":"<p>Volvidos vinte anos desde o Obl\u00edvio, Allaryia \u00e9, agora, um mundo bem diferente. Um mundo sem deuses, sem rumo\u2026 e sem no\u00e7\u00e3o do que a\u00ed vem, pois os Filhos do Caos despertaram. Aewyre Thoryn, o her\u00f3i que destruiu O Flagelo, percebeu que, ao matar o pretenso maior inimigo de Allaryia, pode ter matado tamb\u00e9m o [&hellip;]<\/p>\n","protected":false},"author":1,"featured_media":0,"parent":0,"menu_order":0,"comment_status":"closed","ping_status":"closed","template":"","meta":{"site-sidebar-layout":"default","site-content-layout":"default","ast-site-content-layout":"default","site-content-style":"default","site-sidebar-style":"default","ast-global-header-display":"","ast-banner-title-visibility":"","ast-main-header-display":"","ast-hfb-above-header-display":"","ast-hfb-below-header-display":"","ast-hfb-mobile-header-display":"","site-post-title":"","ast-breadcrumbs-content":"","ast-featured-img":"","footer-sml-layout":"","ast-disable-related-posts":"","theme-transparent-header-meta":"default","adv-header-id-meta":"","stick-header-meta":"","header-above-stick-meta":"","header-main-stick-meta":"","header-below-stick-meta":"","astra-migrate-meta-layouts":"default","ast-page-background-enabled":"default","ast-page-background-meta":{"desktop":{"background-color":"","background-image":"","background-repeat":"repeat","background-position":"center center","background-size":"auto","background-attachment":"scroll","background-type":"","background-media":"","overlay-type":"","overlay-color":"","overlay-opacity":"","overlay-gradient":""},"tablet":{"background-color":"","background-image":"","background-repeat":"repeat","background-position":"center center","background-size":"auto","background-attachment":"scroll","background-type":"","background-media":"","overlay-type":"","overlay-color":"","overlay-opacity":"","overlay-gradient":""},"mobile":{"background-color":"","background-image":"","background-repeat":"repeat","background-position":"center center","background-size":"auto","background-attachment":"scroll","background-type":"","background-media":"","overlay-type":"","overlay-color":"","overlay-opacity":"","overlay-gradient":""}},"ast-content-background-meta":{"desktop":{"background-color":"var(--ast-global-color-5)","background-image":"","background-repeat":"repeat","background-position":"center center","background-size":"auto","background-attachment":"scroll","background-type":"","background-media":"","overlay-type":"","overlay-color":"","overlay-opacity":"","overlay-gradient":""},"tablet":{"background-color":"var(--ast-global-color-5)","background-image":"","background-repeat":"repeat","background-position":"center center","background-size":"auto","background-attachment":"scroll","background-type":"","background-media":"","overlay-type":"","overlay-color":"","overlay-opacity":"","overlay-gradient":""},"mobile":{"background-color":"var(--ast-global-color-5)","background-image":"","background-repeat":"repeat","background-position":"center center","background-size":"auto","background-attachment":"scroll","background-type":"","background-media":"","overlay-type":"","overlay-color":"","overlay-opacity":"","overlay-gradient":""}},"footnotes":""},"class_list":["post-3014","page","type-page","status-publish","hentry"],"_links":{"self":[{"href":"https:\/\/www.allaryia.com\/pearnon\/wp-json\/wp\/v2\/pages\/3014","targetHints":{"allow":["GET"]}}],"collection":[{"href":"https:\/\/www.allaryia.com\/pearnon\/wp-json\/wp\/v2\/pages"}],"about":[{"href":"https:\/\/www.allaryia.com\/pearnon\/wp-json\/wp\/v2\/types\/page"}],"author":[{"embeddable":true,"href":"https:\/\/www.allaryia.com\/pearnon\/wp-json\/wp\/v2\/users\/1"}],"replies":[{"embeddable":true,"href":"https:\/\/www.allaryia.com\/pearnon\/wp-json\/wp\/v2\/comments?post=3014"}],"version-history":[{"count":0,"href":"https:\/\/www.allaryia.com\/pearnon\/wp-json\/wp\/v2\/pages\/3014\/revisions"}],"wp:attachment":[{"href":"https:\/\/www.allaryia.com\/pearnon\/wp-json\/wp\/v2\/media?parent=3014"}],"curies":[{"name":"wp","href":"https:\/\/api.w.org\/{rel}","templated":true}]}}