{"id":3788,"date":"2022-10-28T15:27:11","date_gmt":"2022-10-28T14:27:11","guid":{"rendered":"https:\/\/www.allaryia.com\/pearnon\/?page_id=3788"},"modified":"2023-10-01T23:15:37","modified_gmt":"2023-10-01T22:15:37","slug":"dragomante-ii","status":"publish","type":"page","link":"https:\/\/www.allaryia.com\/pearnon\/dragomante-ii\/","title":{"rendered":"Dragomante &#8211; Prova de Fogo"},"content":{"rendered":"\n<p class=\"has-text-align-center\"><em>Passou-se uma temporada, e Nereila continua o seu treino com a Ordem Candente, aparentemente senhora de si e com o fogo de drag\u00e3o controlado. \u00c9ki\u00f3n aceitou o papel que o destino lhe reservou e est\u00e1 decidido a proteger Nereila de qualquer amea\u00e7a. Mas algo de sinistro fervilha nas profundezas da fortaleza da ordem em Crasto Drago, e tanto Dragomante como Escudeiro est\u00e3o prestes a perceber que h\u00e1 perigos de que escudo algum os pode resguardar\u2026<\/em><\/p>\n\n\n\n<p>Pela primeira vez, eu e o Manuel fizemos um projecto de acordo com a \u00abordem natural\u00bb das coisas: primeiro, escrever o argumento, e s\u00f3 ent\u00e3o desenhar. Levou um pouco mais do que o normal a concluir, porque passou por v\u00e1rios tr\u00e2mites burocr\u00e1ticos, mas ambos fic\u00e1mos muito satisfeitos com o resultado final.<\/p>\n\n\n\n<p>Como qualquer outra colabora\u00e7\u00e3o, levar uma empreitada como esta a bom porto passa sobretudo pela comunica\u00e7\u00e3o. \u00c0 data da escrita deste texto, j\u00e1 se passaram mais de quinze anos desde o nosso primeiro \u00e1lbum de BD, e eu e o Manuel j\u00e1 conhecemos bem os tiques um do outro e vamos trabalhando no sentido de jogar com as for\u00e7as que cada um tem, alcan\u00e7ando sempre um compromisso quando h\u00e1 diverg\u00eancias. Obviamente que o estilo art\u00edstico e a express\u00e3o de escrita evoluem, e n\u00f3s os dois trabalhamos em meios bem diferentes, mas a s\u00edntese das nossas duas formas de arte tem ido sempre ao encontro das expectativas de cada um. Que assim continue durante muitos bons anos.<\/p>\n\n\n\n<p><em>Pr\u00e9mio Adamastor de Fic\u00e7\u00e3o Fant\u00e1stica em Banda Desenhada 2023<\/em><\/p>\n\n\n\n<hr class=\"wp-block-separator has-css-opacity\"\/>\n\n\n\n<h2 class=\"wp-block-heading has-text-align-center\">Arte<\/h2>\n\n\n\n<hr class=\"wp-block-separator has-css-opacity\"\/>\n\n\n\n<figure class=\"wp-block-gallery has-nested-images columns-6 is-cropped wp-block-gallery-1 is-layout-flex wp-block-gallery-is-layout-flex\">\n<figure class=\"wp-block-image size-large\"><a href=\"https:\/\/www.allaryia.com\/pearnon\/wp-content\/uploads\/2021\/01\/drago2.jpg\"><img loading=\"lazy\" decoding=\"async\" width=\"780\" height=\"1024\" data-id=\"3467\" src=\"https:\/\/www.allaryia.com\/pearnon\/wp-content\/uploads\/2021\/01\/drago2-780x1024.jpg\" alt=\"\" class=\"wp-image-3467\" srcset=\"https:\/\/www.allaryia.com\/pearnon\/wp-content\/uploads\/2021\/01\/drago2-780x1024.jpg 780w, https:\/\/www.allaryia.com\/pearnon\/wp-content\/uploads\/2021\/01\/drago2-229x300.jpg 229w, https:\/\/www.allaryia.com\/pearnon\/wp-content\/uploads\/2021\/01\/drago2-768x1008.jpg 768w, https:\/\/www.allaryia.com\/pearnon\/wp-content\/uploads\/2021\/01\/drago2-200x262.jpg 200w, https:\/\/www.allaryia.com\/pearnon\/wp-content\/uploads\/2021\/01\/drago2.jpg 1000w\" sizes=\"auto, (max-width: 780px) 100vw, 780px\" \/><\/a><figcaption class=\"wp-element-caption\">Estudo da capa<\/figcaption><\/figure>\n\n\n\n<figure class=\"wp-block-image size-large\"><a href=\"https:\/\/www.allaryia.com\/pearnon\/wp-content\/uploads\/2021\/05\/a.jpg\"><img loading=\"lazy\" decoding=\"async\" width=\"797\" height=\"1024\" data-id=\"3534\" src=\"https:\/\/www.allaryia.com\/pearnon\/wp-content\/uploads\/2021\/05\/a-797x1024.jpg\" alt=\"\" class=\"wp-image-3534\" srcset=\"https:\/\/www.allaryia.com\/pearnon\/wp-content\/uploads\/2021\/05\/a-797x1024.jpg 797w, https:\/\/www.allaryia.com\/pearnon\/wp-content\/uploads\/2021\/05\/a-234x300.jpg 234w, https:\/\/www.allaryia.com\/pearnon\/wp-content\/uploads\/2021\/05\/a-768x987.jpg 768w, https:\/\/www.allaryia.com\/pearnon\/wp-content\/uploads\/2021\/05\/a-1196x1536.jpg 1196w, https:\/\/www.allaryia.com\/pearnon\/wp-content\/uploads\/2021\/05\/a-200x257.jpg 200w, https:\/\/www.allaryia.com\/pearnon\/wp-content\/uploads\/2021\/05\/a.jpg 1557w\" sizes=\"auto, (max-width: 797px) 100vw, 797px\" \/><\/a><figcaption class=\"wp-element-caption\">Estudo da capa<\/figcaption><\/figure>\n\n\n\n<figure class=\"wp-block-image size-large\"><a href=\"https:\/\/www.allaryia.com\/pearnon\/wp-content\/uploads\/2021\/05\/karanto.jpg\"><img loading=\"lazy\" decoding=\"async\" width=\"881\" height=\"1024\" data-id=\"3535\" src=\"https:\/\/www.allaryia.com\/pearnon\/wp-content\/uploads\/2021\/05\/karanto-881x1024.jpg\" alt=\"\" class=\"wp-image-3535\" srcset=\"https:\/\/www.allaryia.com\/pearnon\/wp-content\/uploads\/2021\/05\/karanto-881x1024.jpg 881w, https:\/\/www.allaryia.com\/pearnon\/wp-content\/uploads\/2021\/05\/karanto-258x300.jpg 258w, https:\/\/www.allaryia.com\/pearnon\/wp-content\/uploads\/2021\/05\/karanto-768x893.jpg 768w, https:\/\/www.allaryia.com\/pearnon\/wp-content\/uploads\/2021\/05\/karanto-200x233.jpg 200w, https:\/\/www.allaryia.com\/pearnon\/wp-content\/uploads\/2021\/05\/karanto.jpg 1080w\" sizes=\"auto, (max-width: 881px) 100vw, 881px\" \/><\/a><figcaption class=\"wp-element-caption\">Estudo<\/figcaption><\/figure>\n\n\n\n<figure class=\"wp-block-image size-large\"><a href=\"https:\/\/www.allaryia.com\/pearnon\/wp-content\/uploads\/2022\/03\/sample9.jpg\"><img loading=\"lazy\" decoding=\"async\" width=\"1024\" height=\"446\" data-id=\"3706\" src=\"https:\/\/www.allaryia.com\/pearnon\/wp-content\/uploads\/2022\/03\/sample9-1024x446.jpg\" alt=\"\" class=\"wp-image-3706\" srcset=\"https:\/\/www.allaryia.com\/pearnon\/wp-content\/uploads\/2022\/03\/sample9-1024x446.jpg 1024w, https:\/\/www.allaryia.com\/pearnon\/wp-content\/uploads\/2022\/03\/sample9-300x131.jpg 300w, https:\/\/www.allaryia.com\/pearnon\/wp-content\/uploads\/2022\/03\/sample9-768x334.jpg 768w, https:\/\/www.allaryia.com\/pearnon\/wp-content\/uploads\/2022\/03\/sample9-200x87.jpg 200w, https:\/\/www.allaryia.com\/pearnon\/wp-content\/uploads\/2022\/03\/sample9.jpg 1245w\" sizes=\"auto, (max-width: 1024px) 100vw, 1024px\" \/><\/a><figcaption class=\"wp-element-caption\">Amostra<\/figcaption><\/figure>\n\n\n\n<figure class=\"wp-block-image size-large\"><a href=\"https:\/\/www.allaryia.com\/pearnon\/wp-content\/uploads\/2022\/03\/sample5.jpg\"><img loading=\"lazy\" decoding=\"async\" width=\"1024\" height=\"507\" data-id=\"3705\" src=\"https:\/\/www.allaryia.com\/pearnon\/wp-content\/uploads\/2022\/03\/sample5-1024x507.jpg\" alt=\"\" class=\"wp-image-3705\" srcset=\"https:\/\/www.allaryia.com\/pearnon\/wp-content\/uploads\/2022\/03\/sample5-1024x507.jpg 1024w, https:\/\/www.allaryia.com\/pearnon\/wp-content\/uploads\/2022\/03\/sample5-300x148.jpg 300w, https:\/\/www.allaryia.com\/pearnon\/wp-content\/uploads\/2022\/03\/sample5-768x380.jpg 768w, https:\/\/www.allaryia.com\/pearnon\/wp-content\/uploads\/2022\/03\/sample5-200x99.jpg 200w, https:\/\/www.allaryia.com\/pearnon\/wp-content\/uploads\/2022\/03\/sample5.jpg 1087w\" sizes=\"auto, (max-width: 1024px) 100vw, 1024px\" \/><\/a><figcaption class=\"wp-element-caption\">Amostra<\/figcaption><\/figure>\n\n\n\n<figure class=\"wp-block-image size-medium\"><a href=\"https:\/\/www.allaryia.com\/pearnon\/wp-content\/uploads\/2021\/10\/raiva.jpg\"><img loading=\"lazy\" decoding=\"async\" width=\"151\" height=\"300\" data-id=\"3616\" src=\"https:\/\/www.allaryia.com\/pearnon\/wp-content\/uploads\/2021\/10\/raiva-151x300.jpg\" alt=\"\" class=\"wp-image-3616\" srcset=\"https:\/\/www.allaryia.com\/pearnon\/wp-content\/uploads\/2021\/10\/raiva-151x300.jpg 151w, https:\/\/www.allaryia.com\/pearnon\/wp-content\/uploads\/2021\/10\/raiva-200x397.jpg 200w, https:\/\/www.allaryia.com\/pearnon\/wp-content\/uploads\/2021\/10\/raiva.jpg 232w\" sizes=\"auto, (max-width: 151px) 100vw, 151px\" \/><\/a><figcaption class=\"wp-element-caption\">Amostra<\/figcaption><\/figure>\n\n\n\n<figure class=\"wp-block-image size-medium\"><a href=\"https:\/\/www.allaryia.com\/pearnon\/wp-content\/uploads\/2022\/03\/sample3.jpg\"><img loading=\"lazy\" decoding=\"async\" width=\"300\" height=\"218\" data-id=\"3704\" src=\"https:\/\/www.allaryia.com\/pearnon\/wp-content\/uploads\/2022\/03\/sample3-300x218.jpg\" alt=\"\" class=\"wp-image-3704\" srcset=\"https:\/\/www.allaryia.com\/pearnon\/wp-content\/uploads\/2022\/03\/sample3-300x218.jpg 300w, https:\/\/www.allaryia.com\/pearnon\/wp-content\/uploads\/2022\/03\/sample3-200x146.jpg 200w, https:\/\/www.allaryia.com\/pearnon\/wp-content\/uploads\/2022\/03\/sample3.jpg 764w\" sizes=\"auto, (max-width: 300px) 100vw, 300px\" \/><\/a><figcaption class=\"wp-element-caption\">Amostra<\/figcaption><\/figure>\n\n\n\n<figure class=\"wp-block-image size-large\"><a href=\"https:\/\/www.allaryia.com\/pearnon\/wp-content\/uploads\/2022\/03\/sample1.jpg\"><img loading=\"lazy\" decoding=\"async\" width=\"1024\" height=\"263\" data-id=\"3700\" src=\"https:\/\/www.allaryia.com\/pearnon\/wp-content\/uploads\/2022\/03\/sample1-1024x263.jpg\" alt=\"\" class=\"wp-image-3700\" srcset=\"https:\/\/www.allaryia.com\/pearnon\/wp-content\/uploads\/2022\/03\/sample1-1024x263.jpg 1024w, https:\/\/www.allaryia.com\/pearnon\/wp-content\/uploads\/2022\/03\/sample1-300x77.jpg 300w, https:\/\/www.allaryia.com\/pearnon\/wp-content\/uploads\/2022\/03\/sample1-768x197.jpg 768w, https:\/\/www.allaryia.com\/pearnon\/wp-content\/uploads\/2022\/03\/sample1-200x51.jpg 200w, https:\/\/www.allaryia.com\/pearnon\/wp-content\/uploads\/2022\/03\/sample1.jpg 1211w\" sizes=\"auto, (max-width: 1024px) 100vw, 1024px\" \/><\/a><figcaption class=\"wp-element-caption\">Amostra<\/figcaption><\/figure>\n\n\n\n<figure class=\"wp-block-image size-large\"><a href=\"https:\/\/www.allaryia.com\/pearnon\/wp-content\/uploads\/2022\/10\/drago2_low.jpg\"><img loading=\"lazy\" decoding=\"async\" width=\"716\" height=\"1024\" data-id=\"3833\" src=\"https:\/\/www.allaryia.com\/pearnon\/wp-content\/uploads\/2022\/10\/drago2_low-716x1024.jpg\" alt=\"\" class=\"wp-image-3833\" srcset=\"https:\/\/www.allaryia.com\/pearnon\/wp-content\/uploads\/2022\/10\/drago2_low-716x1024.jpg 716w, https:\/\/www.allaryia.com\/pearnon\/wp-content\/uploads\/2022\/10\/drago2_low-210x300.jpg 210w, https:\/\/www.allaryia.com\/pearnon\/wp-content\/uploads\/2022\/10\/drago2_low-768x1099.jpg 768w, https:\/\/www.allaryia.com\/pearnon\/wp-content\/uploads\/2022\/10\/drago2_low-1074x1536.jpg 1074w, https:\/\/www.allaryia.com\/pearnon\/wp-content\/uploads\/2022\/10\/drago2_low-200x286.jpg 200w, https:\/\/www.allaryia.com\/pearnon\/wp-content\/uploads\/2022\/10\/drago2_low.jpg 1200w\" sizes=\"auto, (max-width: 716px) 100vw, 716px\" \/><\/a><figcaption class=\"wp-element-caption\">Estudo<\/figcaption><\/figure>\n\n\n\n<figure class=\"wp-block-image size-large\"><a href=\"https:\/\/www.allaryia.com\/pearnon\/wp-content\/uploads\/2022\/10\/Ekion_2_test.jpg\"><img loading=\"lazy\" decoding=\"async\" width=\"1000\" height=\"1000\" data-id=\"3834\" src=\"https:\/\/www.allaryia.com\/pearnon\/wp-content\/uploads\/2022\/10\/Ekion_2_test.jpg\" alt=\"\" class=\"wp-image-3834\" srcset=\"https:\/\/www.allaryia.com\/pearnon\/wp-content\/uploads\/2022\/10\/Ekion_2_test.jpg 1000w, https:\/\/www.allaryia.com\/pearnon\/wp-content\/uploads\/2022\/10\/Ekion_2_test-300x300.jpg 300w, https:\/\/www.allaryia.com\/pearnon\/wp-content\/uploads\/2022\/10\/Ekion_2_test-150x150.jpg 150w, https:\/\/www.allaryia.com\/pearnon\/wp-content\/uploads\/2022\/10\/Ekion_2_test-768x768.jpg 768w, https:\/\/www.allaryia.com\/pearnon\/wp-content\/uploads\/2022\/10\/Ekion_2_test-200x200.jpg 200w\" sizes=\"auto, (max-width: 1000px) 100vw, 1000px\" \/><\/a><figcaption class=\"wp-element-caption\">Esbo\u00e7o<\/figcaption><\/figure>\n\n\n\n<figure class=\"wp-block-image size-large\"><a href=\"https:\/\/www.allaryia.com\/pearnon\/wp-content\/uploads\/2022\/10\/guerreiro-do-culto.jpg\"><img loading=\"lazy\" decoding=\"async\" width=\"1024\" height=\"860\" data-id=\"3831\" src=\"https:\/\/www.allaryia.com\/pearnon\/wp-content\/uploads\/2022\/10\/guerreiro-do-culto-1024x860.jpg\" alt=\"\" class=\"wp-image-3831\" srcset=\"https:\/\/www.allaryia.com\/pearnon\/wp-content\/uploads\/2022\/10\/guerreiro-do-culto-1024x860.jpg 1024w, https:\/\/www.allaryia.com\/pearnon\/wp-content\/uploads\/2022\/10\/guerreiro-do-culto-300x252.jpg 300w, https:\/\/www.allaryia.com\/pearnon\/wp-content\/uploads\/2022\/10\/guerreiro-do-culto-768x645.jpg 768w, https:\/\/www.allaryia.com\/pearnon\/wp-content\/uploads\/2022\/10\/guerreiro-do-culto-1536x1290.jpg 1536w, https:\/\/www.allaryia.com\/pearnon\/wp-content\/uploads\/2022\/10\/guerreiro-do-culto-200x168.jpg 200w, https:\/\/www.allaryia.com\/pearnon\/wp-content\/uploads\/2022\/10\/guerreiro-do-culto.jpg 2000w\" sizes=\"auto, (max-width: 1024px) 100vw, 1024px\" \/><\/a><figcaption class=\"wp-element-caption\">Estudo<\/figcaption><\/figure>\n\n\n\n<figure class=\"wp-block-image size-large\"><a href=\"https:\/\/www.allaryia.com\/pearnon\/wp-content\/uploads\/2022\/10\/Karanto-Tocsiniantus-scaled.jpg\"><img loading=\"lazy\" decoding=\"async\" width=\"1024\" height=\"860\" data-id=\"3832\" src=\"https:\/\/www.allaryia.com\/pearnon\/wp-content\/uploads\/2022\/10\/Karanto-Tocsiniantus-1024x860.jpg\" alt=\"\" class=\"wp-image-3832\" srcset=\"https:\/\/www.allaryia.com\/pearnon\/wp-content\/uploads\/2022\/10\/Karanto-Tocsiniantus-1024x860.jpg 1024w, https:\/\/www.allaryia.com\/pearnon\/wp-content\/uploads\/2022\/10\/Karanto-Tocsiniantus-300x252.jpg 300w, https:\/\/www.allaryia.com\/pearnon\/wp-content\/uploads\/2022\/10\/Karanto-Tocsiniantus-768x645.jpg 768w, https:\/\/www.allaryia.com\/pearnon\/wp-content\/uploads\/2022\/10\/Karanto-Tocsiniantus-1536x1290.jpg 1536w, https:\/\/www.allaryia.com\/pearnon\/wp-content\/uploads\/2022\/10\/Karanto-Tocsiniantus-2048x1720.jpg 2048w, https:\/\/www.allaryia.com\/pearnon\/wp-content\/uploads\/2022\/10\/Karanto-Tocsiniantus-200x168.jpg 200w\" sizes=\"auto, (max-width: 1024px) 100vw, 1024px\" \/><\/a><figcaption class=\"wp-element-caption\">Estudo<\/figcaption><\/figure>\n<\/figure>\n\n\n\n<hr class=\"wp-block-separator has-text-color has-ast-global-color-5-color has-alpha-channel-opacity has-ast-global-color-5-background-color has-background\"\/>\n\n\n\n<div class=\"wp-block-button is-style-outline aligncenter is-style-outline--2\"><a class=\"wp-block-button__link wp-element-button\" href=\"https:\/\/www.allaryia.com\/pearnon\/dragomante\/\">Voltar<\/a><\/div>\n","protected":false},"excerpt":{"rendered":"<p>Passou-se uma temporada, e Nereila continua o seu treino com a Ordem Candente, aparentemente senhora de si e com o fogo de drag\u00e3o controlado. \u00c9ki\u00f3n aceitou o papel que o destino lhe reservou e est\u00e1 decidido a proteger Nereila de qualquer amea\u00e7a. Mas algo de sinistro fervilha nas profundezas da fortaleza da ordem em Crasto [&hellip;]<\/p>\n","protected":false},"author":1,"featured_media":0,"parent":0,"menu_order":0,"comment_status":"closed","ping_status":"closed","template":"","meta":{"site-sidebar-layout":"default","site-content-layout":"","ast-site-content-layout":"default","site-content-style":"default","site-sidebar-style":"default","ast-global-header-display":"","ast-banner-title-visibility":"","ast-main-header-display":"","ast-hfb-above-header-display":"","ast-hfb-below-header-display":"","ast-hfb-mobile-header-display":"","site-post-title":"","ast-breadcrumbs-content":"","ast-featured-img":"","footer-sml-layout":"","ast-disable-related-posts":"","theme-transparent-header-meta":"","adv-header-id-meta":"","stick-header-meta":"","header-above-stick-meta":"","header-main-stick-meta":"","header-below-stick-meta":"","astra-migrate-meta-layouts":"set","ast-page-background-enabled":"default","ast-page-background-meta":{"desktop":{"background-color":"","background-image":"","background-repeat":"repeat","background-position":"center center","background-size":"auto","background-attachment":"scroll","background-type":"","background-media":"","overlay-type":"","overlay-color":"","overlay-opacity":"","overlay-gradient":""},"tablet":{"background-color":"","background-image":"","background-repeat":"repeat","background-position":"center center","background-size":"auto","background-attachment":"scroll","background-type":"","background-media":"","overlay-type":"","overlay-color":"","overlay-opacity":"","overlay-gradient":""},"mobile":{"background-color":"","background-image":"","background-repeat":"repeat","background-position":"center center","background-size":"auto","background-attachment":"scroll","background-type":"","background-media":"","overlay-type":"","overlay-color":"","overlay-opacity":"","overlay-gradient":""}},"ast-content-background-meta":{"desktop":{"background-color":"var(--ast-global-color-5)","background-image":"","background-repeat":"repeat","background-position":"center center","background-size":"auto","background-attachment":"scroll","background-type":"","background-media":"","overlay-type":"","overlay-color":"","overlay-opacity":"","overlay-gradient":""},"tablet":{"background-color":"var(--ast-global-color-5)","background-image":"","background-repeat":"repeat","background-position":"center center","background-size":"auto","background-attachment":"scroll","background-type":"","background-media":"","overlay-type":"","overlay-color":"","overlay-opacity":"","overlay-gradient":""},"mobile":{"background-color":"var(--ast-global-color-5)","background-image":"","background-repeat":"repeat","background-position":"center center","background-size":"auto","background-attachment":"scroll","background-type":"","background-media":"","overlay-type":"","overlay-color":"","overlay-opacity":"","overlay-gradient":""}},"footnotes":""},"class_list":["post-3788","page","type-page","status-publish","hentry"],"_links":{"self":[{"href":"https:\/\/www.allaryia.com\/pearnon\/wp-json\/wp\/v2\/pages\/3788","targetHints":{"allow":["GET"]}}],"collection":[{"href":"https:\/\/www.allaryia.com\/pearnon\/wp-json\/wp\/v2\/pages"}],"about":[{"href":"https:\/\/www.allaryia.com\/pearnon\/wp-json\/wp\/v2\/types\/page"}],"author":[{"embeddable":true,"href":"https:\/\/www.allaryia.com\/pearnon\/wp-json\/wp\/v2\/users\/1"}],"replies":[{"embeddable":true,"href":"https:\/\/www.allaryia.com\/pearnon\/wp-json\/wp\/v2\/comments?post=3788"}],"version-history":[{"count":10,"href":"https:\/\/www.allaryia.com\/pearnon\/wp-json\/wp\/v2\/pages\/3788\/revisions"}],"predecessor-version":[{"id":4136,"href":"https:\/\/www.allaryia.com\/pearnon\/wp-json\/wp\/v2\/pages\/3788\/revisions\/4136"}],"wp:attachment":[{"href":"https:\/\/www.allaryia.com\/pearnon\/wp-json\/wp\/v2\/media?parent=3788"}],"curies":[{"name":"wp","href":"https:\/\/api.w.org\/{rel}","templated":true}]}}