{"id":3928,"date":"2023-10-04T03:22:04","date_gmt":"2023-10-04T02:22:04","guid":{"rendered":"https:\/\/www.allaryia.com\/pearnon\/?page_id=3928"},"modified":"2023-10-04T03:22:05","modified_gmt":"2023-10-04T02:22:05","slug":"a-era-da-ruina","status":"publish","type":"page","link":"https:\/\/www.allaryia.com\/pearnon\/a-era-da-ruina\/","title":{"rendered":"A Era da Ru\u00edna"},"content":{"rendered":"\n<p><em>Filipe Faria regressa ao universo de Allaryia para mais um incr\u00edvel e surpreendente volume do segundo ciclo da s\u00e9rie.<\/em><\/p>\n\n\n\n<p><em>Na Terceira Era, fogo ca\u00eddo do c\u00e9u anunciou o fim, e os Filhos do Caos tentaram dizimar Allaryia. A cria\u00e7\u00e3o das Entidades sobreviveu, ainda que a grande custo, e todos julgaram a amea\u00e7a extinta.<\/em><\/p>\n\n\n\n<p><em>Cinco eras depois, chegou a Oitava Era &#8211; a Era da Ru\u00edna. Os Filhos do Caos despertaram novamente, e Aewyre e os seus companheiros sentem-se derrotados antes de sequer terem come\u00e7ado a lutar pelo seu mundo. A vit\u00f3ria parece imposs\u00edvel, mas o segredo poder\u00e1 residir para l\u00e1 de Allaryia&#8230; e al\u00e9m da morte.<\/em><\/p>\n\n\n\n<p>Escrito ao longo de dois confinamentos e uma saga de casamento balc\u00e2nica, este n\u00e3o foi o volume que mais tempo levei a escrever, mas levou bem mais do que o planeado, mesmo assim &#8211; sobretudo tendo em conta o ritmo fulminante com que tinha conseguido concluir o volume anterior. Al\u00e9m das referidas condicionantes, o livro acarretou ainda o peso de ser o pen\u00faltimo das Cr\u00f3nicas, e talvez n\u00e3o fosse poss\u00edvel escrev\u00ea-lo de outra forma, sabendo como bem sabia que estava a delinear o fim de uma saga que me acompanhou ao longo de toda a vida adulta e parte da juventude. Feitas que estavam as (re)apresenta\u00e7\u00f5es no <em>Oitava Era, <\/em>senti-me mais livre para desencadear Allaryia com tudo o que tinha estado a maturar e fervilhar na minha cabe\u00e7a ap\u00f3s uma d\u00e9cada e, se n\u00e3o tivesse sido t\u00e3o desgastante escrev\u00ea-lo, provavelmente teria logo come\u00e7ado a dar ao dedo para o \u00faltimo volume.<\/p>\n\n\n\n<ul class=\"wp-block-list\">\n<li><strong>Palavras:&nbsp;<\/strong>208.839<\/li>\n\n\n\n<li><strong>P\u00e1ginas (livro):<\/strong>&nbsp;541<\/li>\n\n\n\n<li><strong>P\u00e1ginas (manuscrito):&nbsp;<\/strong>288<\/li>\n\n\n\n<li><strong>Tempo de produ\u00e7\u00e3o:<\/strong>&nbsp;782 dias<\/li>\n\n\n\n<li><strong>T\u00edtulo inicial: <\/strong><em>Os Filhos do Caos<\/em> (ficava demasiado parecido com<em> Os Filhos do Flagelo)<\/em><\/li>\n<\/ul>\n","protected":false},"excerpt":{"rendered":"<p>Filipe Faria regressa ao universo de Allaryia para mais um incr\u00edvel e surpreendente volume do segundo ciclo da s\u00e9rie. Na Terceira Era, fogo ca\u00eddo do c\u00e9u anunciou o fim, e os Filhos do Caos tentaram dizimar Allaryia. A cria\u00e7\u00e3o das Entidades sobreviveu, ainda que a grande custo, e todos julgaram a amea\u00e7a extinta. Cinco eras [&hellip;]<\/p>\n","protected":false},"author":1,"featured_media":0,"parent":0,"menu_order":0,"comment_status":"closed","ping_status":"closed","template":"","meta":{"site-sidebar-layout":"default","site-content-layout":"","ast-site-content-layout":"default","site-content-style":"default","site-sidebar-style":"default","ast-global-header-display":"","ast-banner-title-visibility":"","ast-main-header-display":"","ast-hfb-above-header-display":"","ast-hfb-below-header-display":"","ast-hfb-mobile-header-display":"","site-post-title":"","ast-breadcrumbs-content":"","ast-featured-img":"","footer-sml-layout":"","ast-disable-related-posts":"","theme-transparent-header-meta":"","adv-header-id-meta":"","stick-header-meta":"","header-above-stick-meta":"","header-main-stick-meta":"","header-below-stick-meta":"","astra-migrate-meta-layouts":"set","ast-page-background-enabled":"default","ast-page-background-meta":{"desktop":{"background-color":"","background-image":"","background-repeat":"repeat","background-position":"center center","background-size":"auto","background-attachment":"scroll","background-type":"","background-media":"","overlay-type":"","overlay-color":"","overlay-opacity":"","overlay-gradient":""},"tablet":{"background-color":"","background-image":"","background-repeat":"repeat","background-position":"center center","background-size":"auto","background-attachment":"scroll","background-type":"","background-media":"","overlay-type":"","overlay-color":"","overlay-opacity":"","overlay-gradient":""},"mobile":{"background-color":"","background-image":"","background-repeat":"repeat","background-position":"center center","background-size":"auto","background-attachment":"scroll","background-type":"","background-media":"","overlay-type":"","overlay-color":"","overlay-opacity":"","overlay-gradient":""}},"ast-content-background-meta":{"desktop":{"background-color":"var(--ast-global-color-5)","background-image":"","background-repeat":"repeat","background-position":"center center","background-size":"auto","background-attachment":"scroll","background-type":"","background-media":"","overlay-type":"","overlay-color":"","overlay-opacity":"","overlay-gradient":""},"tablet":{"background-color":"var(--ast-global-color-5)","background-image":"","background-repeat":"repeat","background-position":"center center","background-size":"auto","background-attachment":"scroll","background-type":"","background-media":"","overlay-type":"","overlay-color":"","overlay-opacity":"","overlay-gradient":""},"mobile":{"background-color":"var(--ast-global-color-5)","background-image":"","background-repeat":"repeat","background-position":"center center","background-size":"auto","background-attachment":"scroll","background-type":"","background-media":"","overlay-type":"","overlay-color":"","overlay-opacity":"","overlay-gradient":""}},"footnotes":""},"class_list":["post-3928","page","type-page","status-publish","hentry"],"_links":{"self":[{"href":"https:\/\/www.allaryia.com\/pearnon\/wp-json\/wp\/v2\/pages\/3928","targetHints":{"allow":["GET"]}}],"collection":[{"href":"https:\/\/www.allaryia.com\/pearnon\/wp-json\/wp\/v2\/pages"}],"about":[{"href":"https:\/\/www.allaryia.com\/pearnon\/wp-json\/wp\/v2\/types\/page"}],"author":[{"embeddable":true,"href":"https:\/\/www.allaryia.com\/pearnon\/wp-json\/wp\/v2\/users\/1"}],"replies":[{"embeddable":true,"href":"https:\/\/www.allaryia.com\/pearnon\/wp-json\/wp\/v2\/comments?post=3928"}],"version-history":[{"count":5,"href":"https:\/\/www.allaryia.com\/pearnon\/wp-json\/wp\/v2\/pages\/3928\/revisions"}],"predecessor-version":[{"id":4145,"href":"https:\/\/www.allaryia.com\/pearnon\/wp-json\/wp\/v2\/pages\/3928\/revisions\/4145"}],"wp:attachment":[{"href":"https:\/\/www.allaryia.com\/pearnon\/wp-json\/wp\/v2\/media?parent=3928"}],"curies":[{"name":"wp","href":"https:\/\/api.w.org\/{rel}","templated":true}]}}