{"id":4901,"date":"2026-03-19T19:25:57","date_gmt":"2026-03-19T19:25:57","guid":{"rendered":"https:\/\/www.allaryia.com\/pearnon\/?page_id=4901"},"modified":"2026-03-19T19:32:28","modified_gmt":"2026-03-19T19:32:28","slug":"a-ultima-cronica","status":"publish","type":"page","link":"https:\/\/www.allaryia.com\/pearnon\/a-ultima-cronica\/","title":{"rendered":"A \u00daltima Cr\u00f3nica"},"content":{"rendered":"\n<p><em>Os Filhos do Caos est\u00e3o a\u00ed. A morte e a destrui\u00e7\u00e3o seguem-nos, espalhadas a uma escala que n\u00e3o era vista desde o tempo das Entidades. Allaryia n\u00e3o est\u00e1 preparada para tal inimigo, que nada mais deseja do que devolv\u00ea-la ao caos primordial do qual a pr\u00f3pria exist\u00eancia emergiu, mas Aewyre Thoryn e os seus companheiros n\u00e3o desistem. Agarrando-se \u00e0 teimosa esperan\u00e7a que se revela a \u00fanica alternativa ao desespero, ter\u00e3o de formar alian\u00e7as com inimigos figadais, recorrer a solu\u00e7\u00f5es que nunca teriam sonhado contemplar, e enfrentar os seus respectivos passados para que Allaryia possa ter um futuro.<\/em><\/p>\n\n\n\n<p>Imaginei que este seria um calhama\u00e7o, mas acabou por ser \u00abs\u00f3\u00bb o segundo maior livro da saga. Tinha muito para contar, mas fui surpreendentemente contido e gosto de pensar que conclu\u00ed tudo de forma satisfat\u00f3ria, sem demasiadas delongas ou excesso de sentimentalismos. N\u00e3o foi f\u00e1cil despedir-me, mas, mod\u00e9stia \u00e0 parte, fiquei muito satisfeito com a forma como o fiz. As Cr\u00f3nicas de Allaryia foram um marco irrepet\u00edvel na minha vida, uma saga fundacional e formativa a todos os n\u00edveis, e um cap\u00edtulo cujas mem\u00f3rias para sempre guardarei com carinho. E o contacto que tive durante o processo com v\u00e1rios leitores, tanto os que acompanharam fielmente o Ciclo II como aqueles que foram agradavelmente surpreendidos pelo regresso de Allaryia, leva-me a acalentar a esperan\u00e7a de que outros possam ter sentido um afecto semelhante.<\/p>\n\n\n\n<p><strong>Palavras:<\/strong> 255 822<br><strong>P\u00e1ginas (livro):<\/strong> 584<br><strong>P\u00e1ginas (manuscrito):<\/strong> 353<br><strong>Tempo de produ\u00e7\u00e3o:<\/strong> 662 dias<br><strong>Directos falhados aquando da conclus\u00e3o:<\/strong> 1 (ainda estava a aprender como os gravar no Telegram)<\/p>\n\n\n\n<div class=\"wp-block-button aligncenter is-style-outline is-style-outline--1\"><a class=\"wp-block-button__link\" href=\"https:\/\/www.allaryia.com\/pearnon\/cronicas-de-allaryia\/\">Voltar<\/a><\/div>\n","protected":false},"excerpt":{"rendered":"<p>Os Filhos do Caos est\u00e3o a\u00ed. A morte e a destrui\u00e7\u00e3o seguem-nos, espalhadas a uma escala que n\u00e3o era vista desde o tempo das Entidades. Allaryia n\u00e3o est\u00e1 preparada para tal inimigo, que nada mais deseja do que devolv\u00ea-la ao caos primordial do qual a pr\u00f3pria exist\u00eancia emergiu, mas Aewyre Thoryn e os seus companheiros [&hellip;]<\/p>\n","protected":false},"author":1,"featured_media":0,"parent":0,"menu_order":0,"comment_status":"closed","ping_status":"closed","template":"","meta":{"site-sidebar-layout":"default","site-content-layout":"","ast-site-content-layout":"default","site-content-style":"default","site-sidebar-style":"default","ast-global-header-display":"","ast-banner-title-visibility":"","ast-main-header-display":"","ast-hfb-above-header-display":"","ast-hfb-below-header-display":"","ast-hfb-mobile-header-display":"","site-post-title":"","ast-breadcrumbs-content":"","ast-featured-img":"","footer-sml-layout":"","ast-disable-related-posts":"","theme-transparent-header-meta":"","adv-header-id-meta":"","stick-header-meta":"","header-above-stick-meta":"","header-main-stick-meta":"","header-below-stick-meta":"","astra-migrate-meta-layouts":"set","ast-page-background-enabled":"default","ast-page-background-meta":{"desktop":{"background-color":"","background-image":"","background-repeat":"repeat","background-position":"center center","background-size":"auto","background-attachment":"scroll","background-type":"","background-media":"","overlay-type":"","overlay-color":"","overlay-opacity":"","overlay-gradient":""},"tablet":{"background-color":"","background-image":"","background-repeat":"repeat","background-position":"center center","background-size":"auto","background-attachment":"scroll","background-type":"","background-media":"","overlay-type":"","overlay-color":"","overlay-opacity":"","overlay-gradient":""},"mobile":{"background-color":"","background-image":"","background-repeat":"repeat","background-position":"center center","background-size":"auto","background-attachment":"scroll","background-type":"","background-media":"","overlay-type":"","overlay-color":"","overlay-opacity":"","overlay-gradient":""}},"ast-content-background-meta":{"desktop":{"background-color":"var(--ast-global-color-5)","background-image":"","background-repeat":"repeat","background-position":"center center","background-size":"auto","background-attachment":"scroll","background-type":"","background-media":"","overlay-type":"","overlay-color":"","overlay-opacity":"","overlay-gradient":""},"tablet":{"background-color":"var(--ast-global-color-5)","background-image":"","background-repeat":"repeat","background-position":"center center","background-size":"auto","background-attachment":"scroll","background-type":"","background-media":"","overlay-type":"","overlay-color":"","overlay-opacity":"","overlay-gradient":""},"mobile":{"background-color":"var(--ast-global-color-5)","background-image":"","background-repeat":"repeat","background-position":"center center","background-size":"auto","background-attachment":"scroll","background-type":"","background-media":"","overlay-type":"","overlay-color":"","overlay-opacity":"","overlay-gradient":""}},"footnotes":""},"class_list":["post-4901","page","type-page","status-publish","hentry"],"_links":{"self":[{"href":"https:\/\/www.allaryia.com\/pearnon\/wp-json\/wp\/v2\/pages\/4901","targetHints":{"allow":["GET"]}}],"collection":[{"href":"https:\/\/www.allaryia.com\/pearnon\/wp-json\/wp\/v2\/pages"}],"about":[{"href":"https:\/\/www.allaryia.com\/pearnon\/wp-json\/wp\/v2\/types\/page"}],"author":[{"embeddable":true,"href":"https:\/\/www.allaryia.com\/pearnon\/wp-json\/wp\/v2\/users\/1"}],"replies":[{"embeddable":true,"href":"https:\/\/www.allaryia.com\/pearnon\/wp-json\/wp\/v2\/comments?post=4901"}],"version-history":[{"count":4,"href":"https:\/\/www.allaryia.com\/pearnon\/wp-json\/wp\/v2\/pages\/4901\/revisions"}],"predecessor-version":[{"id":4951,"href":"https:\/\/www.allaryia.com\/pearnon\/wp-json\/wp\/v2\/pages\/4901\/revisions\/4951"}],"wp:attachment":[{"href":"https:\/\/www.allaryia.com\/pearnon\/wp-json\/wp\/v2\/media?parent=4901"}],"curies":[{"name":"wp","href":"https:\/\/api.w.org\/{rel}","templated":true}]}}